{"id":63,"date":"2023-11-28T11:43:53","date_gmt":"2023-11-28T11:43:53","guid":{"rendered":"https:\/\/relaunch.gewo.net\/?page_id=63"},"modified":"2025-07-03T10:17:32","modified_gmt":"2025-07-03T08:17:32","slug":"datenschutz","status":"publish","type":"page","link":"https:\/\/www.gewo.net\/en\/datenschutz\/","title":{"rendered":"Privacy policy"},"content":{"rendered":"<p>[et_pb_section fb_built=&#8220;1&#8243; disabled_on=&#8220;off|off|off&#8220; admin_label=&#8220;Header Section&#8220; _builder_version=&#8220;4.24.2&#8243; use_background_color_gradient=&#8220;on&#8220; background_color_gradient_stops=&#8220;rgba(0,80,126,0.68) 0%|gcid-457b203d-72c9-4518-9b5d-4c05cc9d4390 100%&#8220; background_color_gradient_overlays_image=&#8220;on&#8220; background_color_gradient_start=&#8220;rgba(20,61,88,0.65)&#8220; background_color_gradient_end=&#8220;#143d58&#8243; background_image=&#8220;https:\/\/relaunch.gewo.net\/wp-content\/uploads\/Impressum-scaled.jpg&#8220; custom_margin=&#8220;|||&#8220; custom_padding=&#8220;6vw|0px|6vw|0px&#8220; bottom_divider_color=&#8220;rgba(5,41,66,0.3)&#8220; bottom_divider_height=&#8220;20vw&#8220; animation_style=&#8220;slide&#8220; animation_direction=&#8220;top&#8220; animation_intensity_slide=&#8220;3%&#8220; animation_starting_opacity=&#8220;100%&#8220; global_colors_info=&#8220;{%22gcid-457b203d-72c9-4518-9b5d-4c05cc9d4390%22:%91%22background_color_gradient_stops%22%93}&#8220;][et_pb_row disabled_on=&#8220;off|off|off&#8220; module_class=&#8220; et_pb_row_fullwidth&#8220; _builder_version=&#8220;4.16&#8243; width=&#8220;89%&#8220; width_tablet=&#8220;80%&#8220; width_phone=&#8220;80%&#8220; width_last_edited=&#8220;on|desktop&#8220; max_width=&#8220;89%&#8220; max_width_tablet=&#8220;80%&#8220; max_width_phone=&#8220;80%&#8220; max_width_last_edited=&#8220;on|desktop&#8220; custom_padding=&#8220;|||&#8220; make_fullwidth=&#8220;on&#8220; global_colors_info=&#8220;{}&#8220;][et_pb_column type=&#8220;4_4&#8243; _builder_version=&#8220;4.16&#8243; custom_padding=&#8220;|||&#8220; global_colors_info=&#8220;{}&#8220; custom_padding__hover=&#8220;|||&#8220;][et_pb_text disabled_on=&#8220;off|off|off&#8220; _builder_version=&#8220;4.27.4&#8243; text_font=&#8220;Montserrat||||||||&#8220; text_font_size=&#8220;22px&#8220; header_font=&#8220;|600||on|||||&#8220; header_text_align=&#8220;center&#8220; header_font_size=&#8220;4vw&#8220; background_layout=&#8220;dark&#8220; max_width=&#8220;1500px&#8220; header_line_height_tablet=&#8220;1.1em&#8220; header_line_height_phone=&#8220;1.2em&#8220; header_line_height_last_edited=&#8220;off|desktop&#8220; global_colors_info=&#8220;{}&#8220;]<\/p>\n<h1>Datenschutzerkl\u00e4rung<\/h1>\n<p>[\/et_pb_text][\/et_pb_column][\/et_pb_row][\/et_pb_section][et_pb_section fb_built=&#8220;1&#8243; admin_label=&#8220;Projects Section&#8220; _builder_version=&#8220;4.24.2&#8243; background_enable_color=&#8220;off&#8220; custom_margin=&#8220;|||&#8220; custom_padding=&#8220;50px||50px||true|&#8220; global_colors_info=&#8220;{}&#8220;][et_pb_row admin_label=&#8220;Project 01&#8243; _builder_version=&#8220;4.16&#8243; background_size=&#8220;initial&#8220; background_position=&#8220;top_left&#8220; background_repeat=&#8220;repeat&#8220; custom_padding=&#8220;|||&#8220; global_colors_info=&#8220;{}&#8220;][et_pb_column type=&#8220;4_4&#8243; _builder_version=&#8220;4.16&#8243; custom_padding=&#8220;5%||5%|&#8220; global_colors_info=&#8220;{}&#8220; custom_padding__hover=&#8220;|||&#8220;][et_pb_text _builder_version=&#8220;4.27.4&#8243; _module_preset=&#8220;default&#8220; hover_enabled=&#8220;0&#8243; global_colors_info=&#8220;{}&#8220; sticky_enabled=&#8220;0&#8243;]<\/p>\n<h2>1. Verantwortliche Stelle und Kontaktm\u00f6glichkeit des Datenschutzbeauftragten<\/h2>\n<p>GEWO Feinmechanik GmbH &amp; Co. KG<br \/>Bahnhofstra\u00dfe 45<br \/>85457 H\u00f6rlkofen<br \/>Telefon: +49 8122 9748-0<br \/>E-Mail: <a href=\"mailto:info@gewo.net\">info@gewo.net<\/a><\/p>\n<p>Unser Datenschutzbeauftragter ist erreichbar unter:<\/p>\n<p>PROLIANCE GmbH<br \/>E-Mail: <a href=\"consulting@datenschutzexperte.de\">consulting@datenschutzexperte.de<\/a><br \/>Leopoldstra\u00dfe 21<br \/>80802 M\u00fcnchen<\/p>\n<h2>2. Begriffe<\/h2>\n<p>Personenbezogene Daten sind alle Informationen, die sich auf eine identifizierte oder identifizierbare nat\u00fcrliche Person beziehen. Verarbeitung meint jeden Vorgang im Zusammenhang mit personenbezogenen Daten.<\/p>\n<h2>3. Datenverarbeitung auf dieser Website<\/h2>\n<h3>3.1 Zugriffsdaten<\/h3>\n<p>Beim Besuch unserer Website erheben wir automatisch Daten wie IP-Adresse, Browsertyp, besuchte Seiten, Datum und Uhrzeit des Zugriffs. Diese Daten werden zur Gew\u00e4hrleistung eines sicheren Betriebs der Website verarbeitet (Art. 6 Abs. 1 lit. f DSGVO).<\/p>\n<h3>3.2 Cookies und Analyse-Tools<\/h3>\n<p>Wir verwenden Cookies zur technischen Bereitstellung sowie zur anonymisierten Auswertung mit Matomo. Sie k\u00f6nnen Ihre Einwilligung hierzu jederzeit widerrufen. Details finden Sie im Cookie-Banner.<\/p>\n<h3>3.3 Kontaktformular<\/h3>\n<p>Bei Nutzung unseres Kontaktformulars verarbeiten wir die von Ihnen eingegebenen Daten (z. B. Name, E-Mail-Adresse, Nachricht) zur Bearbeitung Ihrer Anfrage. Rechtsgrundlage ist Art. 6 Abs. 1 lit. b oder f DSGVO. Ihre Daten werden vertraulich behandelt und nach Zweckerf\u00fcllung gel\u00f6scht.<\/p>\n<h3>3.4 Bewerbungen<\/h3>\n<p>Sofern Sie uns Bewerbungsunterlagen \u00fcbermitteln, verarbeiten wir diese gem\u00e4\u00df Art. 88 DSGVO i. V. m. \u00a726 BDSG. Nach Abschluss des Verfahrens werden Ihre Daten gel\u00f6scht, sofern keine gesetzliche Aufbewahrungspflicht besteht.<\/p>\n<h2>4. Rechte der betroffenen Personen<\/h2>\n<p>Sie haben das Recht auf:<\/p>\n<ul>\n<li>Auskunft (Art. 15 DSGVO)<\/li>\n<li>Berichtigung (Art. 16 DSGVO)<\/li>\n<li>L\u00f6schung (Art. 17 DSGVO)<\/li>\n<li>Einschr\u00e4nkung der Verarbeitung (Art. 18 DSGVO)<\/li>\n<li>Daten\u00fcbertragbarkeit (Art. 20 DSGVO)<\/li>\n<li>Widerspruch gegen die Verarbeitung (Art. 21 DSGVO)<\/li>\n<li>Widerruf einer Einwilligung (Art. 7 Abs. 3 DSGVO)<\/li>\n<\/ul>\n<p>Zudem haben Sie das Recht, sich bei einer Aufsichtsbeh\u00f6rde zu beschweren.<\/p>\n<h2>5. Datensicherheit<\/h2>\n<p>Wir treffen technische und organisatorische Ma\u00dfnahmen nach Art. 32 DSGVO, um Ihre Daten zu sch\u00fctzen. Dazu geh\u00f6ren insbesondere SSL-Verschl\u00fcsselung, Zugriffsbeschr\u00e4nkungen und regelm\u00e4\u00dfige Sicherungen.<\/p>\n<h2>6. Drittanbieter &amp; Daten\u00fcbermittlung in Drittl\u00e4nder<\/h2>\n<p>Falls wir Tools mit Serverstandort au\u00dferhalb der EU verwenden, erfolgt die Daten\u00fcbermittlung auf Basis geeigneter Garantien gem\u00e4\u00df Art. 46 DSGVO (z. B. Standardvertragsklauseln).<\/p>\n<h2>7. Aktualisierungen<\/h2>\n<p>Wir behalten uns vor, diese Datenschutzerkl\u00e4rung anzupassen. Es gilt jeweils die auf dieser Website ver\u00f6ffentlichte Fassung mit dem aktuellen Stand.<\/p>\n<p>[\/et_pb_text][\/et_pb_column][\/et_pb_row][\/et_pb_section]<\/p>\n","protected":false},"excerpt":{"rendered":"<p>Datenschutzerkl\u00e4rung1. Verantwortliche Stelle und Kontaktm\u00f6glichkeit des Datenschutzbeauftragten GEWO Feinmechanik GmbH &amp; Co. KGBahnhofstra\u00dfe 4585457 H\u00f6rlkofenTelefon: +49 8122 9748-0E-Mail: info@gewo.net Unser Datenschutzbeauftragter ist erreichbar unter: PROLIANCE GmbHE-Mail: consulting@datenschutzexperte.deLeopoldstra\u00dfe 2180802 M\u00fcnchen 2. [&hellip;]<\/p>\n","protected":false},"author":2,"featured_media":0,"parent":0,"menu_order":0,"comment_status":"closed","ping_status":"closed","template":"","meta":{"_et_pb_use_builder":"on","_et_pb_old_content":"","_et_gb_content_width":"","footnotes":""},"class_list":["post-63","page","type-page","status-publish","hentry"],"_links":{"self":[{"href":"https:\/\/www.gewo.net\/en\/wp-json\/wp\/v2\/pages\/63","targetHints":{"allow":["GET"]}}],"collection":[{"href":"https:\/\/www.gewo.net\/en\/wp-json\/wp\/v2\/pages"}],"about":[{"href":"https:\/\/www.gewo.net\/en\/wp-json\/wp\/v2\/types\/page"}],"author":[{"embeddable":true,"href":"https:\/\/www.gewo.net\/en\/wp-json\/wp\/v2\/users\/2"}],"replies":[{"embeddable":true,"href":"https:\/\/www.gewo.net\/en\/wp-json\/wp\/v2\/comments?post=63"}],"version-history":[{"count":11,"href":"https:\/\/www.gewo.net\/en\/wp-json\/wp\/v2\/pages\/63\/revisions"}],"predecessor-version":[{"id":25981168,"href":"https:\/\/www.gewo.net\/en\/wp-json\/wp\/v2\/pages\/63\/revisions\/25981168"}],"wp:attachment":[{"href":"https:\/\/www.gewo.net\/en\/wp-json\/wp\/v2\/media?parent=63"}],"curies":[{"name":"wp","href":"https:\/\/api.w.org\/{rel}","templated":true}]}}