{"id":62,"date":"2023-11-28T11:43:52","date_gmt":"2023-11-28T11:43:52","guid":{"rendered":"https:\/\/relaunch.gewo.net\/?page_id=62"},"modified":"2025-05-19T08:51:09","modified_gmt":"2025-05-19T06:51:09","slug":"impressum","status":"publish","type":"page","link":"https:\/\/www.gewo.net\/en\/impressum\/","title":{"rendered":"Legal notice"},"content":{"rendered":"<p>[et_pb_section fb_built=&#8220;1&#8243; disabled_on=&#8220;off|off|off&#8220; admin_label=&#8220;Header Section&#8220; _builder_version=&#8220;4.24.2&#8243; use_background_color_gradient=&#8220;on&#8220; background_color_gradient_stops=&#8220;rgba(0,80,126,0.68) 0%|gcid-457b203d-72c9-4518-9b5d-4c05cc9d4390 100%&#8220; background_color_gradient_overlays_image=&#8220;on&#8220; background_color_gradient_start=&#8220;rgba(20,61,88,0.65)&#8220; background_color_gradient_end=&#8220;#143d58&#8243; background_image=&#8220;https:\/\/relaunch.gewo.net\/wp-content\/uploads\/Impressum-scaled.jpg&#8220; custom_margin=&#8220;|||&#8220; custom_padding=&#8220;6vw|0px|6vw|0px&#8220; bottom_divider_color=&#8220;rgba(5,41,66,0.3)&#8220; bottom_divider_height=&#8220;20vw&#8220; animation_style=&#8220;slide&#8220; animation_direction=&#8220;top&#8220; animation_intensity_slide=&#8220;3%&#8220; animation_starting_opacity=&#8220;100%&#8220; global_colors_info=&#8220;{%22gcid-457b203d-72c9-4518-9b5d-4c05cc9d4390%22:%91%22background_color_gradient_stops%22%93}&#8220;][et_pb_row disabled_on=&#8220;off|off|off&#8220; module_class=&#8220; et_pb_row_fullwidth&#8220; _builder_version=&#8220;4.16&#8243; width=&#8220;89%&#8220; width_tablet=&#8220;80%&#8220; width_phone=&#8220;80%&#8220; width_last_edited=&#8220;on|desktop&#8220; max_width=&#8220;89%&#8220; max_width_tablet=&#8220;80%&#8220; max_width_phone=&#8220;80%&#8220; max_width_last_edited=&#8220;on|desktop&#8220; custom_padding=&#8220;|||&#8220; make_fullwidth=&#8220;on&#8220; global_colors_info=&#8220;{}&#8220;][et_pb_column type=&#8220;4_4&#8243; _builder_version=&#8220;4.16&#8243; custom_padding=&#8220;|||&#8220; global_colors_info=&#8220;{}&#8220; custom_padding__hover=&#8220;|||&#8220;][et_pb_text disabled_on=&#8220;off|off|off&#8220; _builder_version=&#8220;4.24.2&#8243; text_font=&#8220;Montserrat||||||||&#8220; text_font_size=&#8220;22px&#8220; header_font=&#8220;|600||on|||||&#8220; header_text_align=&#8220;center&#8220; header_font_size=&#8220;4vw&#8220; background_layout=&#8220;dark&#8220; max_width=&#8220;800px&#8220; header_line_height_tablet=&#8220;1.1em&#8220; header_line_height_phone=&#8220;1.2em&#8220; header_line_height_last_edited=&#8220;off|desktop&#8220; global_colors_info=&#8220;{}&#8220;]<\/p>\n<h1>Impressum<\/h1>\n<p>[\/et_pb_text][\/et_pb_column][\/et_pb_row][\/et_pb_section][et_pb_section fb_built=&#8220;1&#8243; admin_label=&#8220;Projects Section&#8220; _builder_version=&#8220;4.24.2&#8243; background_enable_color=&#8220;off&#8220; custom_margin=&#8220;|||&#8220; custom_padding=&#8220;50px||50px||true|&#8220; global_colors_info=&#8220;{}&#8220;][et_pb_row admin_label=&#8220;Project 01&#8243; _builder_version=&#8220;4.16&#8243; background_size=&#8220;initial&#8220; background_position=&#8220;top_left&#8220; background_repeat=&#8220;repeat&#8220; custom_padding=&#8220;|||&#8220; global_colors_info=&#8220;{}&#8220;][et_pb_column type=&#8220;4_4&#8243; _builder_version=&#8220;4.16&#8243; custom_padding=&#8220;5%||5%|&#8220; global_colors_info=&#8220;{}&#8220; custom_padding__hover=&#8220;|||&#8220;][et_pb_text _builder_version=&#8220;4.24.2&#8243; _module_preset=&#8220;default&#8220; global_colors_info=&#8220;{}&#8220;]<\/p>\n<header class=\"entry-header\">\n<h1 class=\"entry-title\" style=\"text-align: left;\"><span style=\"font-size: 16px;\">Angaben nach \u00a7 5 TMG:<\/span><\/h1>\n<\/header>\n<div class=\"entry-content\">\n<p style=\"text-align: left;\"><strong>GEWO Feinmechanik GmbH &amp; Co. KG<\/strong><br \/>Bahnhofstra\u00dfe 45<br \/>85457 W\u00f6rth\/H\u00f6rlkofen<\/p>\n<p style=\"text-align: left;\"><strong>Registergericht:<br \/><\/strong>M\u00fcnchen HRA 120690<\/p>\n<p style=\"text-align: left;\"><strong>Umsatzsteuer-ID:<br \/><\/strong><span style=\"font-size: 20px;\">Umsatzsteuer-Identifikationsnummer gem\u00e4\u00df \u00a7 27a Umsatzsteuergesetz<br \/><\/span>DE454017135<\/p>\n<p style=\"text-align: left;\"><strong>Steuer-Nr.:<br \/><\/strong>114\/160\/50068<\/p>\n<p style=\"text-align: left;\"><strong>Vertretungsberechtigte Gesellschafterin:<br \/><\/strong>GEWO Verwaltungs GmbH<\/p>\n<p style=\"text-align: left;\"><strong>Sitz:<br \/><\/strong>W\u00f6rth<\/p>\n<p style=\"text-align: left;\"><strong>Registergericht:<br \/><\/strong>M\u00fcnchen HRB 299646<\/p>\n<p style=\"text-align: left;\"><strong>Vertreten durch:<\/strong><br \/>Andreas &amp; Stefan Woitzik<\/p>\n<p style=\"text-align: left;\"><strong>Kontakt:<\/strong><br \/>Telefon: +49 8122\/9748-0<br \/>E-Mail:<span>\u00a0<\/span><a href=\"mailto:info@gewo.net\">info@gewo.net<\/a><\/p>\n<p style=\"text-align: left;\"><strong style=\"font-size: 20px;\">Verantwortlich f\u00fcr den Inhalt nach \u00a7 55 Abs. 2 RStV:<br \/><\/strong><span style=\"font-size: 20px;\">Andreas Woitzik<\/span><\/p>\n<p style=\"text-align: left;\"><strong>Zust\u00e4ndige Handwerkskammer:<\/strong><br \/>Handwerkskammer f\u00fcr M\u00fcnchen und Oberbayern, Max-Joseph-Stra\u00dfe 4, 80333 M\u00fcnchen<\/p>\n<p style=\"text-align: left;\"><strong>Datenschutzbeauftragter nach DS-GVO:<\/strong><br \/>PROLIANCE GmbH<br \/>E-Mail:<span>\u00a0<\/span><a href=\"mailto:datenschutzbeauftragter@datenschutzexperte.de\">datenschutzbeauftragter@datenschutzexperte.de<\/a><br \/>Leopoldstra\u00dfe 21<br \/>80802 M\u00fcnchen<\/p>\n<p style=\"text-align: left;\"><strong>Quellen f\u00fcr verwendete Bilder und Grafiken:<\/strong><br \/>Alle Rechte f\u00fcr Bilder, W\u00f6rter und Wort-Bild Symbole geh\u00f6ren den zust\u00e4ndigen Firmen.<\/p>\n<p style=\"text-align: left;\"><strong>Haftungsausschluss:<\/strong><br \/><strong>1. Haftung f\u00fcr Inhalte<\/strong><br \/>Die Inhalte unserer Seiten wurden mit gr\u00f6\u00dfter Sorgfalt erstellt. F\u00fcr die Richtigkeit, Vollst\u00e4ndigkeit und Aktualit\u00e4t der Inhalte k\u00f6nnen wir jedoch keine Gew\u00e4hr \u00fcbernehmen. Als Dienstanbieter sind wir gem\u00e4\u00df \u00a7 7 Abs.1 TMG f\u00fcr eigene Inhalte auf diesen Seiten nach den allgemeinen Gesetzen verantwortlich. Nach \u00a7 8 bis \u00a7 10 TMG sind wir als Dienstanbieter jedoch nicht verpflichtet, \u00fcbermittelte oder gespeicherte fremde Informationen zu \u00fcberwachen oder nach Umst\u00e4nden zu forschen, die auf eine rechtswidrige T\u00e4tigkeit hinweisen. Verpflichtungen zur Entfernung oder Sperrung der Nutzung von Informationen nach den allgemeinen Gesetzen bleiben hiervon unber\u00fchrt. Eine diesbez\u00fcgliche Haftung ist jedoch erst ab dem Zeitpunkt der Kenntnis zur konkreten Rechtsverletzung m\u00f6glich. Bei Bekanntwerden von entsprechenden Rechtsverletzungen werden wir diese Inhalte umgehend entfernen.<\/p>\n<p style=\"text-align: left;\"><strong>2. Haftung f\u00fcr Links<\/strong><br \/>Unser Angebot enth\u00e4lt Links zu externen Webseiten Dritter, auf deren Inhalte wir keinen Einfluss haben. Deshalb k\u00f6nnen wir f\u00fcr diese fremden Inhalte auch keine Gew\u00e4hr \u00fcbernehmen. F\u00fcr die Inhalte der verlinkten Seiten ist stets der jeweilige Anbieter oder Betreiber der Seiten verantwortlich. Die verlinkten Seiten wurden zum Zeitpunkt der Verlinkung auf m\u00f6gliche Rechtsverst\u00f6\u00dfe \u00fcberpr\u00fcft. Rechtswidrige Inhalte waren zum Zeitpunkt der Verlinkung nicht erkennbar. Eine permanente inhaltliche Kontrolle der verlinkten Seiten ist jedoch ohne konkrete Anhaltspunkte einer Rechtsverletzung nicht zumutbar. Bei Bekanntwerden von Rechtsverletzungen werden wir derartige Links umgehend entfernen.<\/p>\n<p style=\"text-align: left;\"><strong>3. Urheberrecht<\/strong><br \/>Die durch die Seitenbetreiber erstellten Inhalte und Werke auf diesen Seiten unterliegen dem deutsch Urheberrecht. Die Vervielf\u00e4ltigung, Bearbeitung, Verbreitung und jede Art der Verwertung au\u00dferhalb der Grenzen des Urheberrechts bed\u00fcrfen der schriftlichen Zustimmung des jeweiligen Autors bzw. Erstellers. Downloads und Kopien dieser Seite sind nur f\u00fcr den privaten, nicht kommerziellen Gebrauch gestattet. Soweit die Inhalte auf dieser Seite nicht vom Betreiber erstellt wurden, werden die Urheberrechte Dritter beachtet. Insbesondere werden Inhalte Dritter als solche gekennzeichnet. Sollten Sie trotzdem auf eine Urheberrechtsverletzung aufmerksam werden, bitten wir um einen entsprechenden Hinweis. Bei Bekanntwerden von Rechtsverletzungen werden wir derartige Inhalte umgehend entfernen.<\/p>\n<p style=\"text-align: left;\"><strong>4. Impressumspflicht<\/strong><br \/>Der Nutzung von im Rahmen der der Impressumspflicht ver\u00f6ffentlichten Kontaktdaten durch Dritte zur \u00dcbersendung von nicht ausdr\u00fccklich angeforderter Werbung und Informationsmaterialien wird hiermit ausdr\u00fccklich widersprochen. Die Betreiber der Seiten behalten sich ausdr\u00fccklich rechtliche Schritte im Falle der unverlangten Zusendung von Werbeinformationen, etwa durch Spam-Mails, vor.<\/p>\n<p style=\"text-align: left;\"><strong>5. Rechtswirksamkeit dieses Haftungsausschlusses<\/strong><br \/>Dieser Haftungsausschluss ist als Teil des Internetangebots zu betrachten, von dem aus Sie verwiesen wurden. Sofern Teile oder einzelne Formulierungen dieses Textes nicht der geltenden Rechtslage entsprechen, bleiben alle anderen Teile davon unber\u00fchrt.<\/p>\n<\/div>\n<p>[\/et_pb_text][\/et_pb_column][\/et_pb_row][\/et_pb_section]<\/p>\n","protected":false},"excerpt":{"rendered":"<p>Impressum Angaben nach \u00a7 5 TMG: GEWO Feinmechanik GmbH &amp; Co. KGBahnhofstra\u00dfe 4585457 W\u00f6rth\/H\u00f6rlkofen Registergericht:M\u00fcnchen HRA 120690 Umsatzsteuer-ID:Umsatzsteuer-Identifikationsnummer gem\u00e4\u00df \u00a7 27a UmsatzsteuergesetzDE454017135 Steuer-Nr.:114\/160\/50068 Vertretungsberechtigte Gesellschafterin:GEWO Verwaltungs GmbH Sitz:W\u00f6rth Registergericht:M\u00fcnchen HRB [&hellip;]<\/p>\n","protected":false},"author":2,"featured_media":0,"parent":0,"menu_order":0,"comment_status":"closed","ping_status":"closed","template":"","meta":{"_et_pb_use_builder":"on","_et_pb_old_content":"","_et_gb_content_width":"","footnotes":""},"class_list":["post-62","page","type-page","status-publish","hentry"],"_links":{"self":[{"href":"https:\/\/www.gewo.net\/en\/wp-json\/wp\/v2\/pages\/62","targetHints":{"allow":["GET"]}}],"collection":[{"href":"https:\/\/www.gewo.net\/en\/wp-json\/wp\/v2\/pages"}],"about":[{"href":"https:\/\/www.gewo.net\/en\/wp-json\/wp\/v2\/types\/page"}],"author":[{"embeddable":true,"href":"https:\/\/www.gewo.net\/en\/wp-json\/wp\/v2\/users\/2"}],"replies":[{"embeddable":true,"href":"https:\/\/www.gewo.net\/en\/wp-json\/wp\/v2\/comments?post=62"}],"version-history":[{"count":6,"href":"https:\/\/www.gewo.net\/en\/wp-json\/wp\/v2\/pages\/62\/revisions"}],"predecessor-version":[{"id":25981133,"href":"https:\/\/www.gewo.net\/en\/wp-json\/wp\/v2\/pages\/62\/revisions\/25981133"}],"wp:attachment":[{"href":"https:\/\/www.gewo.net\/en\/wp-json\/wp\/v2\/media?parent=62"}],"curies":[{"name":"wp","href":"https:\/\/api.w.org\/{rel}","templated":true}]}}