{"id":58,"date":"2023-11-28T11:43:52","date_gmt":"2023-11-28T11:43:52","guid":{"rendered":"https:\/\/relaunch.gewo.net\/?page_id=58"},"modified":"2026-03-23T10:53:53","modified_gmt":"2026-03-23T09:53:53","slug":"ueber-uns","status":"publish","type":"page","link":"https:\/\/www.gewo.net\/en\/ueber-uns\/","title":{"rendered":"About us"},"content":{"rendered":"<p>[et_pb_section fb_built=&#8220;1&#8243; disabled_on=&#8220;off|off|off&#8220; admin_label=&#8220;Header Section&#8220; _builder_version=&#8220;4.27.2&#8243; use_background_color_gradient=&#8220;on&#8220; background_color_gradient_stops=&#8220;rgba(0,80,126,0.68) 0%|gcid-457b203d-72c9-4518-9b5d-4c05cc9d4390 100%&#8220; background_color_gradient_overlays_image=&#8220;on&#8220; background_color_gradient_start=&#8220;rgba(20,61,88,0.65)&#8220; background_color_gradient_end=&#8220;#143d58&#8243; background_enable_image=&#8220;off&#8220; background_position=&#8220;top_center&#8220; background_vertical_offset=&#8220;23%&#8220; custom_margin=&#8220;|||&#8220; custom_padding=&#8220;||||false|false&#8220; bottom_divider_color=&#8220;rgba(5,41,66,0.3)&#8220; bottom_divider_height=&#8220;20vw&#8220; animation_style=&#8220;slide&#8220; animation_direction=&#8220;top&#8220; animation_intensity_slide=&#8220;3%&#8220; animation_starting_opacity=&#8220;100%&#8220; global_colors_info=&#8220;{%22gcid-457b203d-72c9-4518-9b5d-4c05cc9d4390%22:%91%22background_color_gradient_stops%22%93}&#8220;][et_pb_row disabled_on=&#8220;off|off|off&#8220; module_class=&#8220; et_pb_row_fullwidth&#8220; _builder_version=&#8220;4.27.2&#8243; width=&#8220;89%&#8220; width_tablet=&#8220;80%&#8220; width_phone=&#8220;80%&#8220; width_last_edited=&#8220;on|desktop&#8220; max_width=&#8220;89%&#8220; max_width_tablet=&#8220;80%&#8220; max_width_phone=&#8220;80%&#8220; max_width_last_edited=&#8220;on|desktop&#8220; custom_padding=&#8220;0px||0px||true|false&#8220; make_fullwidth=&#8220;on&#8220; global_colors_info=&#8220;{}&#8220;][et_pb_column type=&#8220;4_4&#8243; _builder_version=&#8220;4.16&#8243; custom_padding=&#8220;|||&#8220; global_colors_info=&#8220;{}&#8220; custom_padding__hover=&#8220;|||&#8220;][et_pb_text disabled_on=&#8220;off|off|off&#8220; _builder_version=&#8220;4.27.2&#8243; text_font=&#8220;Montserrat||||||||&#8220; text_font_size=&#8220;22px&#8220; header_font=&#8220;|600||on|||||&#8220; header_text_align=&#8220;center&#8220; header_font_size=&#8220;4vw&#8220; background_layout=&#8220;dark&#8220; max_width=&#8220;1300px&#8220; max_width_tablet=&#8220;1300px&#8220; max_width_phone=&#8220;1300px&#8220; max_width_last_edited=&#8220;on|desktop&#8220; header_font_size_phone=&#8220;36px&#8220; header_line_height_tablet=&#8220;1.1em&#8220; header_line_height_phone=&#8220;1.2em&#8220; header_line_height_last_edited=&#8220;off|desktop&#8220; global_colors_info=&#8220;{}&#8220;]<\/p>\n<h1>\u00dcber uns<\/h1>\n<p>[\/et_pb_text][\/et_pb_column][\/et_pb_row][\/et_pb_section][et_pb_section fb_built=&#8220;1&#8243; admin_label=&#8220;Hero&#8220; _builder_version=&#8220;4.16&#8243; custom_padding=&#8220;0px|0px|0px|0px&#8220; animation_style=&#8220;zoom&#8220; animation_intensity_zoom=&#8220;4%&#8220; global_colors_info=&#8220;{}&#8220;][et_pb_row use_custom_gutter=&#8220;on&#8220; gutter_width=&#8220;1&#8243; make_equal=&#8220;on&#8220; module_class=&#8220; et_pb_row_fullwidth&#8220; _builder_version=&#8220;4.27.4&#8243; background_enable_color=&#8220;off&#8220; background_image=&#8220;https:\/\/www.gewo.net\/wp-content\/uploads\/Geschaefstleitung_2025.jpg&#8220; background_position=&#8220;top_center&#8220; background_vertical_offset=&#8220;10%&#8220; background_repeat=&#8220;repeat&#8220; width=&#8220;100%&#8220; width_tablet=&#8220;100%&#8220; width_phone=&#8220;100%&#8220; width_last_edited=&#8220;on|desktop&#8220; max_width=&#8220;100%&#8220; max_width_tablet=&#8220;100%&#8220; max_width_phone=&#8220;100%&#8220; max_width_last_edited=&#8220;on|desktop&#8220; height=&#8220;800px&#8220; height_tablet=&#8220;800px&#8220; height_phone=&#8220;200px&#8220; height_last_edited=&#8220;on|phone&#8220; custom_padding=&#8220;0px||0px|&#8220; animation_style=&#8220;slide&#8220; animation_direction=&#8220;top&#8220; animation_intensity_slide=&#8220;3%&#8220; make_fullwidth=&#8220;on&#8220; global_colors_info=&#8220;{}&#8220;][et_pb_column type=&#8220;4_4&#8243; _builder_version=&#8220;4.16&#8243; custom_padding=&#8220;10%|8%|10%|8%&#8220; global_colors_info=&#8220;{}&#8220; custom_padding__hover=&#8220;|||&#8220;][\/et_pb_column][\/et_pb_row][\/et_pb_section][et_pb_section fb_built=&#8220;1&#8243; admin_label=&#8220;Service Section&#8220; _builder_version=&#8220;4.26.0&#8243; custom_margin=&#8220;|||&#8220; custom_padding=&#8220;5%||5%||true|false&#8220; global_colors_info=&#8220;{}&#8220;][et_pb_row admin_label=&#8220;Quote&#8220; _builder_version=&#8220;4.27.2&#8243; background_size=&#8220;initial&#8220; background_position=&#8220;top_left&#8220; background_repeat=&#8220;repeat&#8220; max_width_tablet=&#8220;&#8220; max_width_phone=&#8220;&#8220; max_width_last_edited=&#8220;on|phone&#8220; global_colors_info=&#8220;{}&#8220;][et_pb_column type=&#8220;4_4&#8243; _builder_version=&#8220;4.16&#8243; custom_padding=&#8220;|||&#8220; global_colors_info=&#8220;{}&#8220; custom_padding__hover=&#8220;|||&#8220;][et_pb_text _builder_version=&#8220;4.27.2&#8243; _module_preset=&#8220;default&#8220; header_text_align=&#8220;center&#8220; header_text_color=&#8220;#00507E&#8220; max_width=&#8220;none&#8220; header_text_align_tablet=&#8220;center&#8220; header_text_align_phone=&#8220;center&#8220; header_text_align_last_edited=&#8220;on|desktop&#8220; locked=&#8220;off&#8220; global_colors_info=&#8220;{}&#8220;]<\/p>\n<h1>We create innovation \u2013<br \/>\ntogether for a great future<\/h1>\n<p>[\/et_pb_text][et_pb_text admin_label=&#8220;Quote&#8220; _builder_version=&#8220;4.27.2&#8243; text_font=&#8220;&#8211;et_global_body_font||||||||&#8220; text_text_color=&#8220;#747d88&#8243; background_size=&#8220;initial&#8220; background_position=&#8220;top_left&#8220; background_repeat=&#8220;repeat&#8220; max_width=&#8220;1000px&#8220; custom_margin=&#8220;||||false|false&#8220; animation_style=&#8220;flip&#8220; animation_direction=&#8220;top&#8220; animation_intensity_flip=&#8220;20%&#8220; global_colors_info=&#8220;{}&#8220;]<\/p>\n<p>Als familiengef\u00fchrtes Hightech-Unternehmen sind wir Innovationstreiber, starker Technologiepartner und Vorreiter in Sachen Pr\u00e4zisionstechnik. Spezialisiert auf die Entwicklung, Konstruktion und Fertigung hochkomplexer, innovativer Werkst\u00fccke \u2013 auch unter Reinraumbedingungen \u2013 treiben wir die Digitalisierung voran und sind ma\u00dfgeblich an der Produktion von Mikrochips beteiligt.<\/p>\n<p>In unserem Hightech-Maschinenpark schaffen wir Pr\u00e4zisionsbauteile f\u00fcr namhaften Kunden weltweit aus der Halbleiterindustrie, Luft- und Raumfahrt, Automobilindustrie sowie der Medizin und Forschung. Dabei sind wir immer auf der Suche nach dem letzten 1 \u00b5m in der Zerspanung, im High Purity Cleaning sogar nach Partikeln im Nanometerbereich. Wir fertigen individuell auf Kunden zugeschnittene High-End-Produkte in erstklassiger Qualit\u00e4t, Pr\u00e4zision und Reinheit f\u00fcr alle Applikationen.<\/p>\n<p>Unser hochspezialisiertes Know-how und die \u00fcber 40-j\u00e4hrige Expertise haben wir kontinuierlich ausgebaut. Mit der Entwicklung und Durchf\u00fchrung von Reinigungsverfahren unter Reinraumbedingungen in ISO-Klasse 5\/6\/7 haben wir uns ein zukunftsf\u00e4higes Standbein geschaffen und z\u00e4hlen zur Top League der Branche.<\/p>\n<p>Gemeinsam mit unseren Kunden leben wir langfristige Partnerschaften, um immer wieder in die n\u00e4chste Liga in punkto Pr\u00e4zision und Reinheit zu kommen. Hierbei entwickeln wir Innovationen, die es bisher noch nicht auf dem Markt gibt.<\/p>\n<p>Mehrfach ausgezeichnet als Top Arbeitgeber und Trusted Partner, sind wir bereits zum vierten Mal Preistr\u00e4ger bei \u201eBayerns Best 50\u201c und Sieger beim \u201eGro\u00dfen Preis des Mittelstandes\u201c.<\/p>\n<p>Unsere Standorterweiterung ist erfolgreich abgeschlossen.\u00a0Seit Oktober 2025 bereichern unsere neue Firmenzentrale, das Logistikzentrum und eine weitere Produktionshalle mit Reinr\u00e4umen unseren <a href=\"https:\/\/www.gewo.net\/standort\">Standort<\/a>.<\/p>\n<p>&nbsp;<\/p>\n<p>[\/et_pb_text][\/et_pb_column][\/et_pb_row][et_pb_row column_structure=&#8220;1_3,1_3,1_3&#8243; make_equal=&#8220;on&#8220; admin_label=&#8220;Services&#8220; _builder_version=&#8220;4.16&#8243; background_size=&#8220;initial&#8220; background_position=&#8220;top_left&#8220; background_repeat=&#8220;repeat&#8220; custom_padding=&#8220;25px||25px|&#8220; global_colors_info=&#8220;{}&#8220;][et_pb_column type=&#8220;1_3&#8243; _builder_version=&#8220;4.16&#8243; custom_padding=&#8220;|||&#8220; global_colors_info=&#8220;{}&#8220; custom_padding__hover=&#8220;|||&#8220;][et_pb_blurb title=&#8220;Leistungsspektrum&#8220; use_icon=&#8220;on&#8220; font_icon=&#8220;&#xf560;||fa||900&#8243; icon_color=&#8220;#D2DA4D&#8220; image_icon_width=&#8220;60px&#8220; _builder_version=&#8220;4.27.2&#8243; header_font=&#8220;|600|||||||&#8220; header_text_color=&#8220;#00507E&#8220; header_font_size=&#8220;22px&#8220; header_line_height=&#8220;1.4em&#8220; body_font=&#8220;&#8211;et_global_body_font||||||||&#8220; body_text_color=&#8220;#747d88&#8243; body_font_size=&#8220;18px&#8220; body_line_height=&#8220;1.8em&#8220; background_size=&#8220;initial&#8220; background_position=&#8220;top_left&#8220; background_repeat=&#8220;repeat&#8220; text_orientation=&#8220;center&#8220; custom_padding=&#8220;30px|30px|30px|30px&#8220; animation_style=&#8220;zoom&#8220; border_width_all=&#8220;0px&#8220; border_color_all=&#8220;#dddddd&#8220; border_style_all=&#8220;solid&#8220; use_border_color=&#8220;on&#8220; border_color=&#8220;#dddddd&#8220; icon_font_size=&#8220;60px&#8220; global_colors_info=&#8220;{}&#8220;]<\/p>\n<p style=\"text-align: center;\">\u00bb\u00a0Beratung<br \/>\u00bb\u00a0Projektentwicklung<br \/>\u00bb\u00a0Zerspanung<br \/>\u00bb High Purity Cleaning<br \/>\u00bb\u00a0Reinigungsverfahren<br \/>ISO-Klasse 5\/6\/7<br \/>\u00bb\u00a0Montage<br \/>\u00bb\u00a0Reinraum-Montage<br \/>\u00bb\u00a0Medizin- &amp; Labortechnik<\/p>\n<p>[\/et_pb_blurb][\/et_pb_column][et_pb_column type=&#8220;1_3&#8243; _builder_version=&#8220;4.16&#8243; custom_padding=&#8220;|||&#8220; global_colors_info=&#8220;{}&#8220; custom_padding__hover=&#8220;|||&#8220;][et_pb_blurb title=&#8220;Branchen&#8220; use_icon=&#8220;on&#8220; font_icon=&#8220;&#xf0ac;||fa||900&#8243; icon_color=&#8220;#D2DA4D&#8220; image_icon_width=&#8220;60px&#8220; _builder_version=&#8220;4.27.2&#8243; header_font=&#8220;|600|||||||&#8220; header_text_color=&#8220;#00507E&#8220; header_font_size=&#8220;22px&#8220; header_line_height=&#8220;1.4em&#8220; body_font=&#8220;&#8211;et_global_body_font||||||||&#8220; body_text_color=&#8220;#747d88&#8243; body_font_size=&#8220;18px&#8220; body_line_height=&#8220;1.8em&#8220; background_size=&#8220;initial&#8220; background_position=&#8220;top_left&#8220; background_repeat=&#8220;repeat&#8220; text_orientation=&#8220;center&#8220; custom_padding=&#8220;30px|30px|30px|30px&#8220; animation_style=&#8220;zoom&#8220; border_width_all=&#8220;0px&#8220; border_color_all=&#8220;#dddddd&#8220; border_style_all=&#8220;solid&#8220; use_border_color=&#8220;on&#8220; border_color=&#8220;#dddddd&#8220; icon_font_size=&#8220;60px&#8220; global_colors_info=&#8220;{}&#8220;]<\/p>\n<p style=\"text-align: center;\">\u00bb Halbleiter<br \/>\u00bb Medizintechnik<br \/>\u00bb Luft- und Raumfahrt<br \/>\u00bb Automotive<\/p>\n<p>[\/et_pb_blurb][\/et_pb_column][et_pb_column type=&#8220;1_3&#8243; _builder_version=&#8220;4.16&#8243; custom_padding=&#8220;|||&#8220; global_colors_info=&#8220;{}&#8220; custom_padding__hover=&#8220;|||&#8220;][et_pb_blurb title=&#8220;Unsere Benefits&#8220; use_icon=&#8220;on&#8220; font_icon=&#8220;&#xf164;||fa||900&#8243; icon_color=&#8220;#D2DA4D&#8220; image_icon_width=&#8220;60px&#8220; _builder_version=&#8220;4.27.2&#8243; header_font=&#8220;|600|||||||&#8220; header_text_color=&#8220;#00507E&#8220; header_font_size=&#8220;22px&#8220; header_line_height=&#8220;1.4em&#8220; body_font=&#8220;&#8211;et_global_body_font||||||||&#8220; body_text_color=&#8220;#747d88&#8243; body_font_size=&#8220;18px&#8220; body_line_height=&#8220;1.8em&#8220; background_size=&#8220;initial&#8220; background_position=&#8220;top_left&#8220; background_repeat=&#8220;repeat&#8220; text_orientation=&#8220;center&#8220; custom_padding=&#8220;30px|30px|30px|30px&#8220; animation_style=&#8220;zoom&#8220; border_width_all=&#8220;0px&#8220; border_color_all=&#8220;#dddddd&#8220; border_style_all=&#8220;solid&#8220; use_border_color=&#8220;on&#8220; border_color=&#8220;#dddddd&#8220; icon_font_size=&#8220;60px&#8220; global_colors_info=&#8220;{}&#8220;]<\/p>\n<p style=\"text-align: center;\">\u00bb hochspezialisiertes Knowhow<br \/>\u00bb \u00fcber 40-j\u00e4hrige Expertise<br \/>\u00bb starke Infrastruktur durch Hightech Maschinenpark<br \/>\u00bb topmotiviertes Team<\/p>\n<p>[\/et_pb_blurb][\/et_pb_column][\/et_pb_row][\/et_pb_section][et_pb_section fb_built=&#8220;1&#8243; admin_label=&#8220;Hero&#8220; _builder_version=&#8220;4.27.2&#8243; custom_padding=&#8220;0px|0px|0px|0px&#8220; animation_style=&#8220;zoom&#8220; animation_intensity_zoom=&#8220;4%&#8220; global_colors_info=&#8220;{}&#8220;][et_pb_row column_structure=&#8220;1_2,1_2&#8243; use_custom_gutter=&#8220;on&#8220; gutter_width=&#8220;1&#8243; make_equal=&#8220;on&#8220; module_class=&#8220; et_pb_row_fullwidth&#8220; _builder_version=&#8220;4.27.2&#8243; background_enable_color=&#8220;off&#8220; background_enable_image=&#8220;off&#8220; width=&#8220;100%&#8220; width_tablet=&#8220;100%&#8220; width_phone=&#8220;100%&#8220; width_last_edited=&#8220;on|desktop&#8220; max_width=&#8220;100%&#8220; max_width_tablet=&#8220;100%&#8220; max_width_phone=&#8220;100%&#8220; max_width_last_edited=&#8220;on|desktop&#8220; custom_padding=&#8220;0px||0px|&#8220; animation_style=&#8220;slide&#8220; animation_direction=&#8220;top&#8220; animation_intensity_slide=&#8220;3%&#8220; make_fullwidth=&#8220;on&#8220; global_colors_info=&#8220;{%22gcid-457b203d-72c9-4518-9b5d-4c05cc9d4390%22:%91%22background_color%22%93}&#8220;][et_pb_column type=&#8220;1_2&#8243; _builder_version=&#8220;4.27.2&#8243; background_color=&#8220;#00507E&#8220; background_enable_image=&#8220;off&#8220; custom_padding=&#8220;||||false|false&#8220; global_colors_info=&#8220;{}&#8220; custom_padding__hover=&#8220;|||&#8220;][et_pb_image src=&#8220;https:\/\/relaunch.gewo.net\/wp-content\/uploads\/Werte_deutsch.png&#8220; title_text=&#8220;Werte_deutsch&#8220; _builder_version=&#8220;4.27.2&#8243; _module_preset=&#8220;default&#8220; global_colors_info=&#8220;{}&#8220;][\/et_pb_image][\/et_pb_column][et_pb_column type=&#8220;1_2&#8243; _builder_version=&#8220;4.27.2&#8243; background_color=&#8220;#00507E&#8220; background_enable_image=&#8220;off&#8220; parallax=&#8220;on&#8220; custom_padding=&#8220;5%||||false|false&#8220; global_colors_info=&#8220;{}&#8220; custom_padding__hover=&#8220;|||&#8220;][et_pb_text _builder_version=&#8220;4.27.4&#8243; text_font=&#8220;||||||||&#8220; header_text_color=&#8220;gcid-de3adea6-c8f2-462c-923d-1da5ddc0de86&#8243; header_font_size=&#8220;50px&#8220; header_line_height=&#8220;1.3em&#8220; max_width_tablet=&#8220;&#8220; max_width_phone=&#8220;&#8220; max_width_last_edited=&#8220;on|phone&#8220; custom_margin=&#8220;||40px|&#8220; custom_margin_tablet=&#8220;||40px|&#8220; custom_margin_phone=&#8220;||40px|&#8220; custom_margin_last_edited=&#8220;on|phone&#8220; custom_padding=&#8220;|30px|||false|false&#8220; animation_style=&#8220;fade&#8220; header_font_size_tablet=&#8220;&#8220; header_font_size_phone=&#8220;&#8220; header_font_size_last_edited=&#8220;on|phone&#8220; locked=&#8220;off&#8220; global_colors_info=&#8220;{%22gcid-de3adea6-c8f2-462c-923d-1da5ddc0de86%22:%91%22header_text_color%22%93}&#8220;]<\/p>\n<h1>Unsere Werte<\/h1>\n<p>[\/et_pb_text][et_pb_text _builder_version=&#8220;4.27.4&#8243; text_text_color=&#8220;#FFFFFF&#8220; custom_margin=&#8220;||50px|&#8220; custom_padding=&#8220;||0px|||true&#8220; custom_padding_tablet=&#8220;||0px|||true&#8220; custom_padding_phone=&#8220;|30px|0px|30px|false|true&#8220; custom_padding_last_edited=&#8220;on|phone&#8220; animation_direction=&#8220;top&#8220; animation_intensity_slide=&#8220;17%&#8220; locked=&#8220;off&#8220; global_colors_info=&#8220;{}&#8220;]<\/p>\n<p>Wir leben eine werteorientierte Unternehmenskultur, setzen uns anspruchsvolle Ziele und stehen f\u00fcr Wachstum.<\/p>\n<p>Unsere Werte greifen Hand in Hand, erg\u00e4nzen sich gegenseitig und sind die Leitlinien unseres Handelns und der Motor unserer Kultur.<\/p>\n<p>[\/et_pb_text][et_pb_button button_url=&#8220;@ET-DC@eyJkeW5hbWljIjp0cnVlLCJjb250ZW50IjoicG9zdF9saW5rX3VybF9wYWdlIiwic2V0dGluZ3MiOnsicG9zdF9pZCI6IjI1OTgwOTQ5In19@&#8220; button_text=&#8220;Erfahre mehr&#8220; button_alignment_tablet=&#8220;center&#8220; button_alignment_phone=&#8220;center&#8220; button_alignment_last_edited=&#8220;on|tablet&#8220; _builder_version=&#8220;4.27.4&#8243; _dynamic_attributes=&#8220;button_url&#8220; _module_preset=&#8220;5e4ed5ae-cd86-4c59-8c65-66a26dd87a29&#8243; custom_margin=&#8220;|||23%|false|false&#8220; button_text_color_hover=&#8220;#ffffff&#8220; button_border_color_hover=&#8220;#ffffff&#8220; button_letter_spacing_hover=&#8220;2px&#8220; button_bg_color_hover=&#8220;rgba(0,0,0,0)&#8220; locked=&#8220;off&#8220; global_colors_info=&#8220;{%22gcid-b680bd41-cac7-4a77-895d-d1adc7ae60d7%22:%91%22button_text_color%22%93,%22gcid-457b203d-72c9-4518-9b5d-4c05cc9d4390%22:%91%22button_bg_color%22%93,%22gcid-de3adea6-c8f2-462c-923d-1da5ddc0de86%22:%91%22button_border_color%22%93}&#8220; button_one_text_size__hover_enabled=&#8220;off&#8220; button_two_text_size__hover_enabled=&#8220;off&#8220; button_one_text_color__hover_enabled=&#8220;off&#8220; button_two_text_color__hover_enabled=&#8220;off&#8220; button_one_border_width__hover_enabled=&#8220;off&#8220; button_two_border_width__hover_enabled=&#8220;off&#8220; button_one_border_color__hover_enabled=&#8220;off&#8220; button_two_border_color__hover_enabled=&#8220;off&#8220; button_one_border_radius__hover_enabled=&#8220;off&#8220; button_two_border_radius__hover_enabled=&#8220;off&#8220; button_one_letter_spacing__hover_enabled=&#8220;off&#8220; button_two_letter_spacing__hover_enabled=&#8220;off&#8220; button_one_bg_color__hover_enabled=&#8220;off&#8220; button_two_bg_color__hover_enabled=&#8220;off&#8220;][\/et_pb_button][\/et_pb_column][\/et_pb_row][\/et_pb_section][et_pb_section fb_built=&#8220;1&#8243; admin_label=&#8220;Latest Work Section&#8220; _builder_version=&#8220;4.26.0&#8243; background_enable_color=&#8220;off&#8220; custom_padding=&#8220;5%||5%||true|false&#8220; global_colors_info=&#8220;{}&#8220;][et_pb_row _builder_version=&#8220;4.27.2&#8243; background_size=&#8220;initial&#8220; background_position=&#8220;top_left&#8220; background_repeat=&#8220;repeat&#8220; global_colors_info=&#8220;{}&#8220;][et_pb_column type=&#8220;4_4&#8243; _builder_version=&#8220;4.16&#8243; custom_padding=&#8220;|||&#8220; global_colors_info=&#8220;{}&#8220; custom_padding__hover=&#8220;|||&#8220;][et_pb_image src=&#8220;https:\/\/relaunch.gewo.net\/wp-content\/uploads\/GEWO_Teamfoto.jpg&#8220; title_text=&#8220;GEWO_Teamfoto&#8220; _builder_version=&#8220;4.27.2&#8243; _module_preset=&#8220;default&#8220; global_colors_info=&#8220;{}&#8220;][\/et_pb_image][\/et_pb_column][\/et_pb_row][\/et_pb_section]<\/p>\n","protected":false},"excerpt":{"rendered":"<p>\u00dcber unsWe create innovation \u2013 together for a great futureAls familiengef\u00fchrtes Hightech-Unternehmen sind wir Innovationstreiber, starker Technologiepartner und Vorreiter in Sachen Pr\u00e4zisionstechnik. Spezialisiert auf die Entwicklung, Konstruktion und Fertigung hochkomplexer, [&hellip;]<\/p>\n","protected":false},"author":2,"featured_media":0,"parent":0,"menu_order":0,"comment_status":"closed","ping_status":"closed","template":"","meta":{"_et_pb_use_builder":"on","_et_pb_old_content":"","_et_gb_content_width":"","footnotes":""},"class_list":["post-58","page","type-page","status-publish","hentry"],"_links":{"self":[{"href":"https:\/\/www.gewo.net\/en\/wp-json\/wp\/v2\/pages\/58","targetHints":{"allow":["GET"]}}],"collection":[{"href":"https:\/\/www.gewo.net\/en\/wp-json\/wp\/v2\/pages"}],"about":[{"href":"https:\/\/www.gewo.net\/en\/wp-json\/wp\/v2\/types\/page"}],"author":[{"embeddable":true,"href":"https:\/\/www.gewo.net\/en\/wp-json\/wp\/v2\/users\/2"}],"replies":[{"embeddable":true,"href":"https:\/\/www.gewo.net\/en\/wp-json\/wp\/v2\/comments?post=58"}],"version-history":[{"count":25,"href":"https:\/\/www.gewo.net\/en\/wp-json\/wp\/v2\/pages\/58\/revisions"}],"predecessor-version":[{"id":25981746,"href":"https:\/\/www.gewo.net\/en\/wp-json\/wp\/v2\/pages\/58\/revisions\/25981746"}],"wp:attachment":[{"href":"https:\/\/www.gewo.net\/en\/wp-json\/wp\/v2\/media?parent=58"}],"curies":[{"name":"wp","href":"https:\/\/api.w.org\/{rel}","templated":true}]}}