{"id":25980949,"date":"2025-01-09T11:22:24","date_gmt":"2025-01-09T10:22:24","guid":{"rendered":"https:\/\/www.gewo.net\/?page_id=25980949"},"modified":"2026-04-30T09:15:22","modified_gmt":"2026-04-30T07:15:22","slug":"vision","status":"publish","type":"page","link":"https:\/\/www.gewo.net\/en\/vision\/","title":{"rendered":"Vision"},"content":{"rendered":"\n[et_pb_section fb_built=&#8220;1&#8243; disabled_on=&#8220;off|off|off&#8220; admin_label=&#8220;Header Section&#8220; _builder_version=&#8220;4.27.5&#8243; use_background_color_gradient=&#8220;on&#8220; background_color_gradient_stops=&#8220;rgba(0,80,126,0.68) 0%|gcid-457b203d-72c9-4518-9b5d-4c05cc9d4390 100%&#8220; background_color_gradient_overlays_image=&#8220;on&#8220; background_color_gradient_start=&#8220;rgba(20,61,88,0.65)&#8220; background_color_gradient_end=&#8220;#143d58&#8243; background_enable_image=&#8220;off&#8220; background_position=&#8220;top_center&#8220; background_vertical_offset=&#8220;23%&#8220; custom_margin=&#8220;|||&#8220; custom_padding=&#8220;||||false|false&#8220; bottom_divider_color=&#8220;rgba(5,41,66,0.3)&#8220; bottom_divider_height=&#8220;20vw&#8220; animation_style=&#8220;slide&#8220; animation_direction=&#8220;top&#8220; animation_intensity_slide=&#8220;3%&#8220; animation_starting_opacity=&#8220;100%&#8220; border_color_bottom=&#8220;#FFFFFF&#8220; global_colors_info=&#8220;{%22gcid-457b203d-72c9-4518-9b5d-4c05cc9d4390%22:%91%22background_color_gradient_stops%22%93}&#8220;][et_pb_row disabled_on=&#8220;off|off|off&#8220; module_class=&#8220; et_pb_row_fullwidth&#8220; _builder_version=&#8220;4.27.2&#8243; width=&#8220;89%&#8220; width_tablet=&#8220;80%&#8220; width_phone=&#8220;80%&#8220; width_last_edited=&#8220;on|desktop&#8220; max_width=&#8220;89%&#8220; max_width_tablet=&#8220;80%&#8220; max_width_phone=&#8220;80%&#8220; max_width_last_edited=&#8220;on|desktop&#8220; custom_padding=&#8220;0px||0px||true|false&#8220; make_fullwidth=&#8220;on&#8220; global_colors_info=&#8220;{}&#8220;][et_pb_column type=&#8220;4_4&#8243; _builder_version=&#8220;4.16&#8243; custom_padding=&#8220;|||&#8220; global_colors_info=&#8220;{}&#8220; custom_padding__hover=&#8220;|||&#8220;][et_pb_text disabled_on=&#8220;off|off|off&#8220; _builder_version=&#8220;4.25.0&#8243; text_font=&#8220;Montserrat||||||||&#8220; text_font_size=&#8220;22px&#8220; header_font=&#8220;|600||on|||||&#8220; header_text_align=&#8220;center&#8220; header_font_size=&#8220;4vw&#8220; background_layout=&#8220;dark&#8220; max_width=&#8220;1300px&#8220; max_width_tablet=&#8220;1300px&#8220; max_width_phone=&#8220;1300px&#8220; max_width_last_edited=&#8220;on|desktop&#8220; header_font_size_phone=&#8220;36px&#8220; header_line_height_tablet=&#8220;1.1em&#8220; header_line_height_phone=&#8220;1.2em&#8220; header_line_height_last_edited=&#8220;off|desktop&#8220; global_colors_info=&#8220;{}&#8220;]<h1>Unsere Vision<\/h1>[\/et_pb_text][\/et_pb_column][\/et_pb_row][\/et_pb_section][et_pb_section fb_built=&#8220;1&#8243; fullwidth=&#8220;on&#8220; _builder_version=&#8220;4.27.5&#8243; _module_preset=&#8220;default&#8220; background_color=&#8220;#00507E&#8220; animation_style=&#8220;zoom&#8220; animation_direction=&#8220;top&#8220; animation_intensity_zoom=&#8220;4%&#8220; global_colors_info=&#8220;{}&#8220;][et_pb_fullwidth_image src=&#8220;https:\/\/www.gewo.net\/wp-content\/uploads\/GEWO-Leitbild-e1771242255475.jpg&#8220; title_text=&#8220;GEWO-Leitbild&#8220; _builder_version=&#8220;4.27.5&#8243; _module_preset=&#8220;default&#8220; background_color=&#8220;#00507E&#8220; custom_css_free_form=&#8220;||&#8220; global_colors_info=&#8220;{}&#8220;][\/et_pb_fullwidth_image][\/et_pb_section][et_pb_section fb_built=&#8220;1&#8243; custom_padding_last_edited=&#8220;on|phone&#8220; admin_label=&#8220;Fun Fact Section&#8220; _builder_version=&#8220;4.27.2&#8243; background_enable_color=&#8220;off&#8220; custom_margin=&#8220;|||&#8220; custom_padding=&#8220;100px||5px|||&#8220; custom_padding_tablet=&#8220;100px||110px|||&#8220; custom_padding_phone=&#8220;10px||0px||false|false&#8220; global_colors_info=&#8220;{%22gcid-457b203d-72c9-4518-9b5d-4c05cc9d4390%22:%91%22background_color%22%93}&#8220;][et_pb_row admin_label=&#8220;Service Section Title&#8220; _builder_version=&#8220;4.16&#8243; custom_margin=&#8220;|auto|-2px|auto||&#8220; animation_style=&#8220;fade&#8220; animation_direction=&#8220;top&#8220; saved_tabs=&#8220;all&#8220; global_colors_info=&#8220;{}&#8220;][et_pb_column type=&#8220;4_4&#8243; _builder_version=&#8220;4.16&#8243; custom_padding=&#8220;|||&#8220; global_colors_info=&#8220;{}&#8220; custom_padding__hover=&#8220;|||&#8220;][et_pb_text admin_label=&#8220;Subtitle&#8220; _builder_version=&#8220;4.27.4&#8243; _module_preset=&#8220;default&#8220; text_orientation=&#8220;center&#8220; max_width=&#8220;100%&#8220; global_colors_info=&#8220;{}&#8220;]<p><strong>GEWO setzt den Standard f\u00fcr Qualit\u00e4t und Reinheit von Bauteilen in der High-Tech-Industrie.<\/strong><\/p>\n<p>Wir sind Innovationstreiber, starker Technologiepartner und stellen unsere Kunden in den Mittelpunkt.<\/p>\n<p>Unser Handeln wird die Welt durch technische Innovationen zum Besseren ver\u00e4ndern. Wir setzen uns f\u00fcr eine lebenswerte, sichere und nachhaltige Zukunft f\u00fcr uns und unsere Nachkommen ein.<\/p>\n<p><span data-teams=\"true\">Wir wirtschaften effizient und verantwortungsvoll \u2013 stets mit h\u00f6chstem Anspruch an Qualit\u00e4t, Sicherheit und Innovationskraft. Durch strategische Investitionen, optimierte Abl\u00e4ufe und einen nachhaltigen Ressourceneinsatz st\u00e4rken wir unsere Wettbewerbsf\u00e4higkeit,\u00a0 gestalten aktiv die Zukunft \u2013 und erm\u00f6glichen ein Leben im Einklang mit Mensch und Maschine.<\/span><\/p>\n<p>Wir geben jeden Tag unser Bestes in allen Bereichen unseres Handelns. So liefern wir TOP Qualit\u00e4t und k\u00f6nnen flexibel auf Anforderungen unserer Kunden und Partner reagieren.<\/p>\n<p>Die tragenden S\u00e4ulen von GEWO sind unsere innovativen Kunden, das hoch spezialisierte Know-How unserer Mitarbeiter und eine starke Infrastruktur.<\/p>\n<p>Als regionaler Arbeitgeber schaffen wir \u00fcber alle Qualifikationsstufen hinweg attraktive Arbeitspl\u00e4tze.<\/p>\n<p>Wir setzen uns anspruchsvolle Ziele und stehen f\u00fcr Wachstum.<\/p>[\/et_pb_text][et_pb_button button_text=&#8220;Werde auch Du Teil unserer Zukunft!&#8220; _builder_version=&#8220;4.27.6&#8243; _module_preset=&#8220;default&#8220; button_alignment=&#8220;center&#8220; sticky_enabled=&#8220;0&#8243; custom_button=&#8220;on&#8220; button_bg_color=&#8220;#00507E&#8220; button_bg_enable_color=&#8220;on&#8220; button_border_width=&#8220;4px&#8220; button_border_radius=&#8220;100px&#8220; button_text_color=&#8220;#FFFFFF&#8220; button_border_color=&#8220;#D2DA4D&#8220; hover_enabled=&#8220;0&#8243; button_letter_spacing=&#8220;0px&#8220; button_icon=&#8220;&#x45;||divi||400&#8243; button_url=&#8220;@ET-DC@eyJkeW5hbWljIjp0cnVlLCJjb250ZW50IjoicG9zdF9saW5rX3VybF9wYWdlIiwic2V0dGluZ3MiOnsicG9zdF9pZCI6IjI1OTgxNTcwIn19@&#8220; _dynamic_attributes=&#8220;button_url&#8220;][\/et_pb_button][et_pb_text _builder_version=&#8220;4.27.6&#8243; _module_preset=&#8220;default&#8220; header_2_text_color=&#8220;#D2DA4D&#8220; header_2_text_align=&#8220;center&#8220; hover_enabled=&#8220;0&#8243; sticky_enabled=&#8220;0&#8243; custom_margin=&#8220;100px|||||&#8220;]<h2>Werte<\/h2>[\/et_pb_text][et_pb_text admin_label=&#8220;Subtitle&#8220; _builder_version=&#8220;4.27.4&#8243; _module_preset=&#8220;default&#8220; text_orientation=&#8220;center&#8220; max_width=&#8220;100%&#8220; global_colors_info=&#8220;{}&#8220;]<p>Als selbstbestimmtes Familienunternehmen bleiben wir unseren Werten treu. Unsere Werte greifen Hand in Hand, erg\u00e4nzen sich gegenseitig und sind die Leitlinien unseres Handelns:<\/p>[\/et_pb_text][\/et_pb_column][\/et_pb_row][\/et_pb_section][et_pb_section fb_built=&#8220;1&#8243; admin_label=&#8220;Hero&#8220; _builder_version=&#8220;4.27.4&#8243; custom_padding=&#8220;0px|0px|0px|0px&#8220; animation_style=&#8220;zoom&#8220; animation_intensity_zoom=&#8220;4%&#8220; global_colors_info=&#8220;{}&#8220;][et_pb_row column_structure=&#8220;1_2,1_2&#8243; use_custom_gutter=&#8220;on&#8220; gutter_width=&#8220;1&#8243; make_equal=&#8220;on&#8220; module_class=&#8220; et_pb_row_fullwidth&#8220; _builder_version=&#8220;4.27.4&#8243; background_color=&#8220;gcid-457b203d-72c9-4518-9b5d-4c05cc9d4390&#8243; background_enable_image=&#8220;off&#8220; width=&#8220;100%&#8220; width_tablet=&#8220;100%&#8220; width_phone=&#8220;100%&#8220; width_last_edited=&#8220;on|desktop&#8220; max_width=&#8220;100%&#8220; max_width_tablet=&#8220;100%&#8220; max_width_phone=&#8220;100%&#8220; max_width_last_edited=&#8220;on|desktop&#8220; custom_margin=&#8220;49px|auto||auto||&#8220; custom_padding=&#8220;0px||0px|&#8220; animation_style=&#8220;slide&#8220; animation_direction=&#8220;top&#8220; animation_intensity_slide=&#8220;3%&#8220; make_fullwidth=&#8220;on&#8220; global_colors_info=&#8220;{%22gcid-457b203d-72c9-4518-9b5d-4c05cc9d4390%22:%91%22background_color%22%93}&#8220;][et_pb_column type=&#8220;1_2&#8243; _builder_version=&#8220;4.27.4&#8243; custom_padding=&#8220;5%|8%|5%|8%|true|false&#8220; global_colors_info=&#8220;{}&#8220; custom_padding__hover=&#8220;|||&#8220;][et_pb_text _builder_version=&#8220;4.27.6&#8243; text_font=&#8220;||||||||&#8220; header_text_color=&#8220;gcid-de3adea6-c8f2-462c-923d-1da5ddc0de86&#8243; header_font_size=&#8220;50px&#8220; header_line_height=&#8220;1.3em&#8220; custom_margin=&#8220;||40px|&#8220; animation_style=&#8220;fade&#8220; hover_enabled=&#8220;0&#8243; header_font_size_tablet=&#8220;&#8220; header_font_size_phone=&#8220;50px&#8220; header_font_size_last_edited=&#8220;on|phone&#8220; locked=&#8220;off&#8220; global_colors_info=&#8220;{%22gcid-de3adea6-c8f2-462c-923d-1da5ddc0de86%22:%91%22header_text_color%22%93}&#8220; header_2_text_color=&#8220;#D2DA4D&#8220; sticky_enabled=&#8220;0&#8243;]<h2>Qualit\u00e4t<\/h2>[\/et_pb_text][et_pb_text _builder_version=&#8220;4.27.4&#8243; text_text_color=&#8220;gcid-b680bd41-cac7-4a77-895d-d1adc7ae60d7&#8243; custom_margin=&#8220;||50px|&#8220; custom_padding=&#8220;||0px|||&#8220; animation_direction=&#8220;top&#8220; animation_intensity_slide=&#8220;17%&#8220; locked=&#8220;off&#8220; global_colors_info=&#8220;{%22gcid-b680bd41-cac7-4a77-895d-d1adc7ae60d7%22:%91%22text_text_color%22%93}&#8220;]Qualit\u00e4t ist die Essenz unseres Unternehmens. Unser Anspruch ist mit Begeisterung unseren Kunden die bestm\u00f6gliche Qualit\u00e4t auf der h\u00f6chsten Pr\u00e4zisionsstufe und der besten Reinheit zu liefern. Dazu verbessern wir uns stetig auf allen Ebenen. Unsere TOP Qualit\u00e4t macht uns zum Benchmark im Wettbewerb.\u200b[\/et_pb_text][\/et_pb_column][et_pb_column type=&#8220;1_2&#8243; _builder_version=&#8220;4.27.4&#8243; background_color=&#8220;#FFFFFF&#8220; custom_padding=&#8220;5%|8%|5%|8%|true|false&#8220; global_colors_info=&#8220;{}&#8220; custom_padding__hover=&#8220;|||&#8220;][et_pb_text _builder_version=&#8220;4.27.6&#8243; text_font=&#8220;||||||||&#8220; header_text_color=&#8220;gcid-de3adea6-c8f2-462c-923d-1da5ddc0de86&#8243; header_font_size=&#8220;50px&#8220; header_line_height=&#8220;1.3em&#8220; custom_margin=&#8220;||40px|&#8220; animation_style=&#8220;fade&#8220; hover_enabled=&#8220;0&#8243; header_font_size_tablet=&#8220;&#8220; header_font_size_phone=&#8220;50px&#8220; header_font_size_last_edited=&#8220;on|phone&#8220; locked=&#8220;off&#8220; global_colors_info=&#8220;{%22gcid-de3adea6-c8f2-462c-923d-1da5ddc0de86%22:%91%22header_text_color%22%93}&#8220; header_2_text_color=&#8220;#D2DA4D&#8220; sticky_enabled=&#8220;0&#8243;]<h2>Kunden\u00ad\u00adorien\u00ad\u00adtie\u00ad\u00adrung<\/h2>[\/et_pb_text][et_pb_text _builder_version=&#8220;4.27.4&#8243; custom_margin=&#8220;||50px|&#8220; custom_padding=&#8220;||0px|||&#8220; animation_direction=&#8220;top&#8220; animation_intensity_slide=&#8220;17%&#8220; locked=&#8220;off&#8220; global_colors_info=&#8220;{}&#8220;]Die Bed\u00fcrfnisse und Erwartungen unserer Kunden stellen wir in den Mittelpunkt unserer Arbeit. Wir bieten exzellente L\u00f6sungen und streben nach Kundenzufriedenheit. Unser Ziel ist es langfristige Kundenbeziehungen aufzubauen. Kundenorientierung wird bei GEWO durch einen respektvollen, offenen und transparenten Umgang erlebbar.[\/et_pb_text][\/et_pb_column][\/et_pb_row][\/et_pb_section][et_pb_section fb_built=&#8220;1&#8243; admin_label=&#8220;Hero&#8220; _builder_version=&#8220;4.25.0&#8243; custom_padding=&#8220;0px|0px|0px|0px&#8220; animation_style=&#8220;zoom&#8220; animation_intensity_zoom=&#8220;4%&#8220; global_colors_info=&#8220;{}&#8220;][et_pb_row column_structure=&#8220;1_2,1_2&#8243; use_custom_gutter=&#8220;on&#8220; gutter_width=&#8220;1&#8243; make_equal=&#8220;on&#8220; module_class=&#8220; et_pb_row_fullwidth&#8220; _builder_version=&#8220;4.27.4&#8243; background_color=&#8220;gcid-457b203d-72c9-4518-9b5d-4c05cc9d4390&#8243; background_enable_image=&#8220;off&#8220; width=&#8220;100%&#8220; width_tablet=&#8220;100%&#8220; width_phone=&#8220;100%&#8220; width_last_edited=&#8220;on|desktop&#8220; max_width=&#8220;100%&#8220; max_width_tablet=&#8220;100%&#8220; max_width_phone=&#8220;100%&#8220; max_width_last_edited=&#8220;on|desktop&#8220; custom_padding=&#8220;0px||0px|&#8220; animation_style=&#8220;slide&#8220; animation_direction=&#8220;top&#8220; animation_intensity_slide=&#8220;3%&#8220; make_fullwidth=&#8220;on&#8220; global_colors_info=&#8220;{%22gcid-457b203d-72c9-4518-9b5d-4c05cc9d4390%22:%91%22background_color%22%93}&#8220;][et_pb_column type=&#8220;1_2&#8243; _builder_version=&#8220;4.27.4&#8243; background_color=&#8220;#FFFFFF&#8220; custom_padding=&#8220;5%|8%|5%|8%|true|false&#8220; global_colors_info=&#8220;{}&#8220; custom_padding__hover=&#8220;|||&#8220;][et_pb_text _builder_version=&#8220;4.27.6&#8243; text_font=&#8220;||||||||&#8220; header_text_color=&#8220;gcid-de3adea6-c8f2-462c-923d-1da5ddc0de86&#8243; header_font_size=&#8220;50px&#8220; header_line_height=&#8220;1.3em&#8220; custom_margin=&#8220;||40px|&#8220; animation_style=&#8220;fade&#8220; hover_enabled=&#8220;0&#8243; header_font_size_tablet=&#8220;&#8220; header_font_size_phone=&#8220;50px&#8220; header_font_size_last_edited=&#8220;on|phone&#8220; locked=&#8220;off&#8220; global_colors_info=&#8220;{%22gcid-de3adea6-c8f2-462c-923d-1da5ddc0de86%22:%91%22header_text_color%22%93}&#8220; header_2_text_color=&#8220;#D2DA4D&#8220; sticky_enabled=&#8220;0&#8243;]<h2>Zuverl\u00e4ssigkeit &amp; Vertrauen<\/h2>[\/et_pb_text][et_pb_text _builder_version=&#8220;4.27.4&#8243; custom_margin=&#8220;||50px|&#8220; custom_padding=&#8220;||0px|||&#8220; animation_direction=&#8220;top&#8220; animation_intensity_slide=&#8220;17%&#8220; locked=&#8220;off&#8220; global_colors_info=&#8220;{}&#8220;]Unsere Kunden, Lieferanten und Mitarbeiter k\u00f6nnen sich auf unser Handeln verlassen. Wir liefern p\u00fcnktlich an interne Schnittstellen und externe Partner und halten unsere Vereinbarungen ein. Zuverl\u00e4ssigkeit schafft Vertrauen, Motivation, Teamgeist und Zusammenhalt. Das Vertrauen in jedes Teammitglied auf allen Ebenen ist der Schl\u00fcssel f\u00fcr unseren Erfolg.\u200b[\/et_pb_text][\/et_pb_column][et_pb_column type=&#8220;1_2&#8243; _builder_version=&#8220;4.27.4&#8243; custom_padding=&#8220;5%|8%|5%|8%|true|false&#8220; global_colors_info=&#8220;{}&#8220; custom_padding__hover=&#8220;|||&#8220;][et_pb_text _builder_version=&#8220;4.27.6&#8243; text_font=&#8220;||||||||&#8220; header_text_color=&#8220;gcid-de3adea6-c8f2-462c-923d-1da5ddc0de86&#8243; header_font_size=&#8220;50px&#8220; header_line_height=&#8220;1.3em&#8220; custom_margin=&#8220;||40px|&#8220; animation_style=&#8220;fade&#8220; hover_enabled=&#8220;0&#8243; header_font_size_tablet=&#8220;&#8220; header_font_size_phone=&#8220;50px&#8220; header_font_size_last_edited=&#8220;on|phone&#8220; locked=&#8220;off&#8220; global_colors_info=&#8220;{%22gcid-de3adea6-c8f2-462c-923d-1da5ddc0de86%22:%91%22header_text_color%22%93}&#8220; header_2_text_color=&#8220;#D2DA4D&#8220; sticky_enabled=&#8220;0&#8243;]<h2>Teamgeist &amp; Wertsch\u00e4tzung<\/h2>[\/et_pb_text][et_pb_text _builder_version=&#8220;4.27.4&#8243; text_text_color=&#8220;gcid-b680bd41-cac7-4a77-895d-d1adc7ae60d7&#8243; custom_margin=&#8220;||50px|&#8220; custom_padding=&#8220;||0px|||&#8220; animation_direction=&#8220;top&#8220; animation_intensity_slide=&#8220;17%&#8220; locked=&#8220;off&#8220; global_colors_info=&#8220;{%22gcid-b680bd41-cac7-4a77-895d-d1adc7ae60d7%22:%91%22text_text_color%22%93}&#8220;]Wir leben eine Kultur der Zusammenarbeit, lernen voneinander und unterst\u00fctzen uns gegenseitig. Die Zusammenarbeit in den Teams und \u00fcber Abteilungsgrenzen hinaus f\u00f6rdern wir. Gemeinsam erreichen wir unsere anspruchsvollen Ziele und feiern unsere Erfolge.  \u200b\nUnser Handeln ist stets ehrlich, verantwortungsbewusst, transparent und vertrauensw\u00fcrdig. Wir sch\u00e4tzen das Individuum, respektieren verschiedene Perspektiven, h\u00f6ren aktiv zu und gehen in konstruktive Dialoge. Ein wertsch\u00e4tzender Umgang ist f\u00fcr uns selbstverst\u00e4ndlich.[\/et_pb_text][\/et_pb_column][\/et_pb_row][\/et_pb_section]\n","protected":false},"excerpt":{"rendered":"<p>Unsere VisionGEWO setzt den Standard f\u00fcr Qualit\u00e4t und Reinheit von Bauteilen in der High-Tech-Industrie. Wir sind Innovationstreiber, starker Technologiepartner und stellen unsere Kunden in den Mittelpunkt. Unser Handeln wird die [&hellip;]<\/p>\n","protected":false},"author":2,"featured_media":0,"parent":0,"menu_order":0,"comment_status":"closed","ping_status":"closed","template":"","meta":{"_et_pb_use_builder":"on","_et_pb_old_content":"","_et_gb_content_width":"","footnotes":""},"class_list":["post-25980949","page","type-page","status-publish","hentry"],"yoast_head":"<!-- This site is optimized with the Yoast SEO plugin v27.5 - https:\/\/yoast.com\/product\/yoast-seo-wordpress\/ -->\n<title>Vision | GEWO Feinmechanik GmbH &amp; Co. KG<\/title>\n<meta name=\"description\" content=\"GEWO setzt den Standard f\u00fcr Qualit\u00e4t und Reinheit in der High-Tech-Industrie und handelt verantwortungsvoll und zukunftsorientiert.\" \/>\n<meta name=\"robots\" content=\"index, follow, max-snippet:-1, max-image-preview:large, max-video-preview:-1\" \/>\n<link rel=\"canonical\" href=\"https:\/\/www.gewo.net\/en\/vision\/\" \/>\n<meta property=\"og:locale\" content=\"en_GB\" \/>\n<meta property=\"og:type\" content=\"article\" \/>\n<meta property=\"og:title\" content=\"Vision | GEWO Feinmechanik GmbH &amp; Co. KG\" \/>\n<meta property=\"og:description\" content=\"GEWO setzt den Standard f\u00fcr Qualit\u00e4t und Reinheit in der High-Tech-Industrie und handelt verantwortungsvoll und zukunftsorientiert.\" \/>\n<meta property=\"og:url\" content=\"https:\/\/www.gewo.net\/en\/vision\/\" \/>\n<meta property=\"og:site_name\" content=\"GEWO Feinmechanik GmbH &amp; Co. KG\" \/>\n<meta property=\"article:publisher\" content=\"https:\/\/www.facebook.com\/GEWO.Feinmechanik\" \/>\n<meta property=\"article:modified_time\" content=\"2026-04-30T07:15:22+00:00\" \/>\n<meta name=\"twitter:card\" content=\"summary_large_image\" \/>\n<meta name=\"twitter:label1\" content=\"Estimated reading time\" \/>\n\t<meta name=\"twitter:data1\" content=\"3 minutes\" \/>\n<script type=\"application\/ld+json\" class=\"yoast-schema-graph\">{\"@context\":\"https:\\\/\\\/schema.org\",\"@graph\":[{\"@type\":\"WebPage\",\"@id\":\"https:\\\/\\\/www.gewo.net\\\/vision\\\/\",\"url\":\"https:\\\/\\\/www.gewo.net\\\/vision\\\/\",\"name\":\"Vision | GEWO Feinmechanik GmbH &amp; Co. KG\",\"isPartOf\":{\"@id\":\"https:\\\/\\\/www.gewo.net\\\/#website\"},\"datePublished\":\"2025-01-09T10:22:24+00:00\",\"dateModified\":\"2026-04-30T07:15:22+00:00\",\"description\":\"GEWO setzt den Standard f\u00fcr Qualit\u00e4t und Reinheit in der High-Tech-Industrie und handelt verantwortungsvoll und zukunftsorientiert.\",\"breadcrumb\":{\"@id\":\"https:\\\/\\\/www.gewo.net\\\/vision\\\/#breadcrumb\"},\"inLanguage\":\"en-GB\",\"potentialAction\":[{\"@type\":\"ReadAction\",\"target\":[\"https:\\\/\\\/www.gewo.net\\\/vision\\\/\"]}]},{\"@type\":\"BreadcrumbList\",\"@id\":\"https:\\\/\\\/www.gewo.net\\\/vision\\\/#breadcrumb\",\"itemListElement\":[{\"@type\":\"ListItem\",\"position\":1,\"name\":\"Start\",\"item\":\"https:\\\/\\\/www.gewo.net\\\/\"},{\"@type\":\"ListItem\",\"position\":2,\"name\":\"Vision\"}]},{\"@type\":\"WebSite\",\"@id\":\"https:\\\/\\\/www.gewo.net\\\/#website\",\"url\":\"https:\\\/\\\/www.gewo.net\\\/\",\"name\":\"GEWO Feinmechanik GmbH & Co. KG\",\"description\":\"We create innovation \u2013 together for a better future\",\"publisher\":{\"@id\":\"https:\\\/\\\/www.gewo.net\\\/#organization\"},\"alternateName\":\"GEWO Feinmechanik\",\"potentialAction\":[{\"@type\":\"SearchAction\",\"target\":{\"@type\":\"EntryPoint\",\"urlTemplate\":\"https:\\\/\\\/www.gewo.net\\\/?s={search_term_string}\"},\"query-input\":{\"@type\":\"PropertyValueSpecification\",\"valueRequired\":true,\"valueName\":\"search_term_string\"}}],\"inLanguage\":\"en-GB\"},{\"@type\":\"Organization\",\"@id\":\"https:\\\/\\\/www.gewo.net\\\/#organization\",\"name\":\"GEWO Feinmechanik GmbH & Co. KG\",\"alternateName\":\"GEWO Feinmechanik\",\"url\":\"https:\\\/\\\/www.gewo.net\\\/\",\"logo\":{\"@type\":\"ImageObject\",\"inLanguage\":\"en-GB\",\"@id\":\"https:\\\/\\\/www.gewo.net\\\/#\\\/schema\\\/logo\\\/image\\\/\",\"url\":\"https:\\\/\\\/www.gewo.net\\\/wp-content\\\/uploads\\\/GEWO-Logo_1530-px.png\",\"contentUrl\":\"https:\\\/\\\/www.gewo.net\\\/wp-content\\\/uploads\\\/GEWO-Logo_1530-px.png\",\"width\":1530,\"height\":603,\"caption\":\"GEWO Feinmechanik GmbH & Co. KG\"},\"image\":{\"@id\":\"https:\\\/\\\/www.gewo.net\\\/#\\\/schema\\\/logo\\\/image\\\/\"},\"sameAs\":[\"https:\\\/\\\/www.facebook.com\\\/GEWO.Feinmechanik\",\"https:\\\/\\\/www.instagram.com\\\/gewofeinmechanik\",\"https:\\\/\\\/de.linkedin.com\\\/company\\\/gewo-feinmechanik-gmbh\",\"https:\\\/\\\/www.xing.com\\\/pages\\\/gewo-feinmechanik-gmbh\",\"https:\\\/\\\/www.youtube.com\\\/user\\\/GEWOFeinmechanik\"]}]}<\/script>\n<!-- \/ Yoast SEO plugin. -->","yoast_head_json":{"title":"Vision | GEWO Feinmechanik GmbH &amp; Co. KG","description":"GEWO setzt den Standard f\u00fcr Qualit\u00e4t und Reinheit in der High-Tech-Industrie und handelt verantwortungsvoll und zukunftsorientiert.","robots":{"index":"index","follow":"follow","max-snippet":"max-snippet:-1","max-image-preview":"max-image-preview:large","max-video-preview":"max-video-preview:-1"},"canonical":"https:\/\/www.gewo.net\/en\/vision\/","og_locale":"en_GB","og_type":"article","og_title":"Vision | GEWO Feinmechanik GmbH &amp; Co. KG","og_description":"GEWO setzt den Standard f\u00fcr Qualit\u00e4t und Reinheit in der High-Tech-Industrie und handelt verantwortungsvoll und zukunftsorientiert.","og_url":"https:\/\/www.gewo.net\/en\/vision\/","og_site_name":"GEWO Feinmechanik GmbH &amp; Co. KG","article_publisher":"https:\/\/www.facebook.com\/GEWO.Feinmechanik","article_modified_time":"2026-04-30T07:15:22+00:00","twitter_card":"summary_large_image","twitter_misc":{"Estimated reading time":"3 minutes"},"schema":{"@context":"https:\/\/schema.org","@graph":[{"@type":"WebPage","@id":"https:\/\/www.gewo.net\/vision\/","url":"https:\/\/www.gewo.net\/vision\/","name":"Vision | GEWO Feinmechanik GmbH &amp; Co. KG","isPartOf":{"@id":"https:\/\/www.gewo.net\/#website"},"datePublished":"2025-01-09T10:22:24+00:00","dateModified":"2026-04-30T07:15:22+00:00","description":"GEWO setzt den Standard f\u00fcr Qualit\u00e4t und Reinheit in der High-Tech-Industrie und handelt verantwortungsvoll und zukunftsorientiert.","breadcrumb":{"@id":"https:\/\/www.gewo.net\/vision\/#breadcrumb"},"inLanguage":"en-GB","potentialAction":[{"@type":"ReadAction","target":["https:\/\/www.gewo.net\/vision\/"]}]},{"@type":"BreadcrumbList","@id":"https:\/\/www.gewo.net\/vision\/#breadcrumb","itemListElement":[{"@type":"ListItem","position":1,"name":"Start","item":"https:\/\/www.gewo.net\/"},{"@type":"ListItem","position":2,"name":"Vision"}]},{"@type":"WebSite","@id":"https:\/\/www.gewo.net\/#website","url":"https:\/\/www.gewo.net\/","name":"GEWO Feinmechanik GmbH & Co. KG","description":"We create innovation \u2013 together for a better future","publisher":{"@id":"https:\/\/www.gewo.net\/#organization"},"alternateName":"GEWO Feinmechanik","potentialAction":[{"@type":"SearchAction","target":{"@type":"EntryPoint","urlTemplate":"https:\/\/www.gewo.net\/?s={search_term_string}"},"query-input":{"@type":"PropertyValueSpecification","valueRequired":true,"valueName":"search_term_string"}}],"inLanguage":"en-GB"},{"@type":"Organization","@id":"https:\/\/www.gewo.net\/#organization","name":"GEWO Feinmechanik GmbH & Co. KG","alternateName":"GEWO Feinmechanik","url":"https:\/\/www.gewo.net\/","logo":{"@type":"ImageObject","inLanguage":"en-GB","@id":"https:\/\/www.gewo.net\/#\/schema\/logo\/image\/","url":"https:\/\/www.gewo.net\/wp-content\/uploads\/GEWO-Logo_1530-px.png","contentUrl":"https:\/\/www.gewo.net\/wp-content\/uploads\/GEWO-Logo_1530-px.png","width":1530,"height":603,"caption":"GEWO Feinmechanik GmbH & Co. KG"},"image":{"@id":"https:\/\/www.gewo.net\/#\/schema\/logo\/image\/"},"sameAs":["https:\/\/www.facebook.com\/GEWO.Feinmechanik","https:\/\/www.instagram.com\/gewofeinmechanik","https:\/\/de.linkedin.com\/company\/gewo-feinmechanik-gmbh","https:\/\/www.xing.com\/pages\/gewo-feinmechanik-gmbh","https:\/\/www.youtube.com\/user\/GEWOFeinmechanik"]}]}},"_links":{"self":[{"href":"https:\/\/www.gewo.net\/en\/wp-json\/wp\/v2\/pages\/25980949","targetHints":{"allow":["GET"]}}],"collection":[{"href":"https:\/\/www.gewo.net\/en\/wp-json\/wp\/v2\/pages"}],"about":[{"href":"https:\/\/www.gewo.net\/en\/wp-json\/wp\/v2\/types\/page"}],"author":[{"embeddable":true,"href":"https:\/\/www.gewo.net\/en\/wp-json\/wp\/v2\/users\/2"}],"replies":[{"embeddable":true,"href":"https:\/\/www.gewo.net\/en\/wp-json\/wp\/v2\/comments?post=25980949"}],"version-history":[{"count":31,"href":"https:\/\/www.gewo.net\/en\/wp-json\/wp\/v2\/pages\/25980949\/revisions"}],"predecessor-version":[{"id":25981875,"href":"https:\/\/www.gewo.net\/en\/wp-json\/wp\/v2\/pages\/25980949\/revisions\/25981875"}],"wp:attachment":[{"href":"https:\/\/www.gewo.net\/en\/wp-json\/wp\/v2\/media?parent=25980949"}],"curies":[{"name":"wp","href":"https:\/\/api.w.org\/{rel}","templated":true}]}}