{"id":25980414,"date":"2024-07-08T11:06:17","date_gmt":"2024-07-08T09:06:17","guid":{"rendered":"https:\/\/relaunch.gewo.net\/?page_id=25980414"},"modified":"2026-04-14T13:45:04","modified_gmt":"2026-04-14T11:45:04","slug":"auszeichnungen","status":"publish","type":"page","link":"https:\/\/www.gewo.net\/en\/auszeichnungen\/","title":{"rendered":"Awards"},"content":{"rendered":"<p>[et_pb_section fb_built=&#8220;1&#8243; disabled_on=&#8220;off|off|off&#8220; admin_label=&#8220;Header Section&#8220; _builder_version=&#8220;4.27.2&#8243; use_background_color_gradient=&#8220;on&#8220; background_color_gradient_stops=&#8220;rgba(0,80,126,0.68) 0%|gcid-457b203d-72c9-4518-9b5d-4c05cc9d4390 100%&#8220; background_color_gradient_overlays_image=&#8220;on&#8220; background_color_gradient_start=&#8220;rgba(20,61,88,0.65)&#8220; background_color_gradient_end=&#8220;#143d58&#8243; background_enable_image=&#8220;off&#8220; custom_margin=&#8220;|||&#8220; custom_padding=&#8220;||||false|false&#8220; bottom_divider_color=&#8220;rgba(5,41,66,0.3)&#8220; bottom_divider_height=&#8220;20vw&#8220; animation_style=&#8220;slide&#8220; animation_direction=&#8220;top&#8220; animation_intensity_slide=&#8220;3%&#8220; animation_starting_opacity=&#8220;100%&#8220; global_colors_info=&#8220;{%22gcid-457b203d-72c9-4518-9b5d-4c05cc9d4390%22:%91%22background_color_gradient_stops%22%93}&#8220;][et_pb_row disabled_on=&#8220;off|off|off&#8220; module_class=&#8220; et_pb_row_fullwidth&#8220; _builder_version=&#8220;4.27.2&#8243; width=&#8220;89%&#8220; width_tablet=&#8220;80%&#8220; width_phone=&#8220;80%&#8220; width_last_edited=&#8220;on|desktop&#8220; max_width=&#8220;89%&#8220; max_width_tablet=&#8220;80%&#8220; max_width_phone=&#8220;80%&#8220; max_width_last_edited=&#8220;on|desktop&#8220; custom_padding=&#8220;0px||0px||true|false&#8220; make_fullwidth=&#8220;on&#8220; global_colors_info=&#8220;{}&#8220;][et_pb_column type=&#8220;4_4&#8243; _builder_version=&#8220;4.16&#8243; custom_padding=&#8220;|||&#8220; global_colors_info=&#8220;{}&#8220; custom_padding__hover=&#8220;|||&#8220;][et_pb_text disabled_on=&#8220;off|off|off&#8220; _builder_version=&#8220;4.27.2&#8243; text_font=&#8220;Montserrat||||||||&#8220; text_font_size=&#8220;22px&#8220; header_font=&#8220;|600||on|||||&#8220; header_text_align=&#8220;center&#8220; header_font_size=&#8220;4vw&#8220; background_layout=&#8220;dark&#8220; max_width=&#8220;1300px&#8220; max_width_tablet=&#8220;1300px&#8220; max_width_phone=&#8220;1300px&#8220; max_width_last_edited=&#8220;on|desktop&#8220; header_font_size_phone=&#8220;36px&#8220; header_line_height_tablet=&#8220;1.1em&#8220; header_line_height_phone=&#8220;1.2em&#8220; header_line_height_last_edited=&#8220;off|desktop&#8220; global_colors_info=&#8220;{}&#8220;]<\/p>\n<h1>Auszeich\u00adnungen<\/h1>\n<p>[\/et_pb_text][\/et_pb_column][\/et_pb_row][\/et_pb_section][et_pb_section fb_built=&#8220;1&#8243; admin_label=&#8220;Hero&#8220; _builder_version=&#8220;4.16&#8243; custom_padding=&#8220;0px|0px|0px|0px&#8220; animation_style=&#8220;zoom&#8220; animation_intensity_zoom=&#8220;4%&#8220; global_colors_info=&#8220;{}&#8220;][et_pb_row use_custom_gutter=&#8220;on&#8220; gutter_width=&#8220;1&#8243; make_equal=&#8220;on&#8220; module_class=&#8220; et_pb_row_fullwidth&#8220; _builder_version=&#8220;4.27.2&#8243; background_enable_color=&#8220;off&#8220; background_image=&#8220;https:\/\/relaunch.gewo.net\/wp-content\/uploads\/GEWO_Grosser-Preis-des-Mittelstandes-Foto-Preisverleihung.jpg&#8220; background_position=&#8220;top_center&#8220; background_vertical_offset=&#8220;19%&#8220; background_repeat=&#8220;repeat&#8220; width=&#8220;100%&#8220; width_tablet=&#8220;100%&#8220; width_phone=&#8220;100%&#8220; width_last_edited=&#8220;on|desktop&#8220; max_width=&#8220;100%&#8220; max_width_tablet=&#8220;100%&#8220; max_width_phone=&#8220;100%&#8220; max_width_last_edited=&#8220;on|desktop&#8220; height=&#8220;800px&#8220; height_tablet=&#8220;500px&#8220; height_phone=&#8220;200px&#8220; height_last_edited=&#8220;on|phone&#8220; custom_padding=&#8220;0px||0px|&#8220; animation_style=&#8220;slide&#8220; animation_direction=&#8220;top&#8220; animation_intensity_slide=&#8220;3%&#8220; make_fullwidth=&#8220;on&#8220; global_colors_info=&#8220;{}&#8220;][et_pb_column type=&#8220;4_4&#8243; _builder_version=&#8220;4.16&#8243; custom_padding=&#8220;10%|8%|10%|8%&#8220; global_colors_info=&#8220;{}&#8220; custom_padding__hover=&#8220;|||&#8220;][\/et_pb_column][\/et_pb_row][\/et_pb_section][et_pb_section fb_built=&#8220;1&#8243; admin_label=&#8220;Service Section&#8220; _builder_version=&#8220;4.26.0&#8243; custom_margin=&#8220;|||&#8220; custom_padding=&#8220;5%||5%||true|false&#8220; global_colors_info=&#8220;{}&#8220;][et_pb_row admin_label=&#8220;Quote&#8220; _builder_version=&#8220;4.16&#8243; background_size=&#8220;initial&#8220; background_position=&#8220;top_left&#8220; background_repeat=&#8220;repeat&#8220; global_colors_info=&#8220;{}&#8220;][et_pb_column type=&#8220;4_4&#8243; _builder_version=&#8220;4.16&#8243; custom_padding=&#8220;|||&#8220; global_colors_info=&#8220;{}&#8220; custom_padding__hover=&#8220;|||&#8220;][et_pb_text admin_label=&#8220;Quote&#8220; _builder_version=&#8220;4.26.0&#8243; text_font=&#8220;&#8211;et_global_body_font||||||||&#8220; text_text_color=&#8220;#747d88&#8243; background_size=&#8220;initial&#8220; background_position=&#8220;top_left&#8220; background_repeat=&#8220;repeat&#8220; max_width=&#8220;1000px&#8220; animation_style=&#8220;flip&#8220; animation_direction=&#8220;top&#8220; animation_intensity_flip=&#8220;20%&#8220; global_colors_info=&#8220;{}&#8220;]<\/p>\n<p>Wir sind ausgezeichnet und stolz darauf!<\/p>\n<p>Seit Jahren ehren uns verschiedenste Organisationen, Kunden und Gesch\u00e4ftspartner mit hochrangigen Auszeichnungen f\u00fcr unsere herausragende Arbeit, innovative Ideen und exzellente Qualit\u00e4t.<\/p>\n<p>Insbesondere als Top Arbeitgeber und Trusted Partner punkten wir immer wieder und freuen uns \u00fcber das entgegengebrachte Vertrauen.<\/p>\n<p>[\/et_pb_text][\/et_pb_column][\/et_pb_row][\/et_pb_section][et_pb_section fb_built=&#8220;1&#8243; admin_label=&#8220;Service Section&#8220; _builder_version=&#8220;4.26.0&#8243; background_color=&#8220;#00507E&#8220; custom_margin=&#8220;|||&#8220; custom_padding=&#8220;110px||110px|&#8220; locked=&#8220;off&#8220; global_colors_info=&#8220;{}&#8220;][et_pb_row column_structure=&#8220;1_3,1_3,1_3&#8243; use_custom_gutter=&#8220;on&#8220; gutter_width=&#8220;2&#8243; make_equal=&#8220;on&#8220; admin_label=&#8220;Services&#8220; _builder_version=&#8220;4.16&#8243; max_width=&#8220;80%&#8220; custom_padding=&#8220;25px||25px|&#8220; use_custom_width=&#8220;on&#8220; width_unit=&#8220;off&#8220; global_colors_info=&#8220;{}&#8220;][et_pb_column type=&#8220;1_3&#8243; _builder_version=&#8220;4.16&#8243; custom_padding=&#8220;|||&#8220; global_colors_info=&#8220;{}&#8220; custom_padding__hover=&#8220;|||&#8220;][et_pb_blurb title=&#8220;Bayerns Best 50&#8243; image=&#8220;https:\/\/relaunch.gewo.net\/wp-content\/uploads\/Signet-BB50-2024-4c.jpg&#8220; image_icon_width=&#8220;250px&#8220; _builder_version=&#8220;4.27.2&#8243; header_font=&#8220;Encode Sans|700|||||||&#8220; header_text_color=&#8220;#D2DA4D&#8220; header_font_size=&#8220;22px&#8220; header_line_height=&#8220;1.4em&#8220; body_font=&#8220;Encode Sans||||||||&#8220; body_text_color=&#8220;gcid-9a83adc9-c6c9-479e-a197-5aed087dd79d&#8220; body_font_size=&#8220;17px&#8220; body_line_height=&#8220;1.8em&#8220; text_orientation=&#8220;center&#8220; custom_padding=&#8220;30px|30px|30px|30px&#8220; animation_style=&#8220;zoom&#8220; animation_delay=&#8220;100ms&#8220; link_option_url=&#8220;https:\/\/www.stmwi.bayern.de\/wettbewerbe\/bayerns-best-50\/&#8220; link_option_url_new_window=&#8220;on&#8220; border_width_all=&#8220;0px&#8220; border_color_all=&#8220;#dddddd&#8220; border_style_all=&#8220;solid&#8220; border_radii_image=&#8220;on|10px|10px|10px|10px&#8220; box_shadow_style_image=&#8220;preset1&#8243; use_border_color=&#8220;on&#8220; border_color=&#8220;#dddddd&#8220; icon_font_size=&#8220;60px&#8220; global_colors_info=&#8220;{%22gcid-9a83adc9-c6c9-479e-a197-5aed087dd79d%22:%91%22body_text_color%22%93}&#8220;][\/et_pb_blurb][\/et_pb_column][et_pb_column type=&#8220;1_3&#8243; _builder_version=&#8220;4.16&#8243; custom_padding=&#8220;|||&#8220; global_colors_info=&#8220;{}&#8220; custom_padding__hover=&#8220;|||&#8220;][et_pb_blurb title=&#8220;Gro\u00dfer Preis des Mittelstandes&#8220; image=&#8220;https:\/\/relaunch.gewo.net\/wp-content\/uploads\/Grosser-Preis-des-Mittelstands.png&#8220; image_icon_width=&#8220;250px&#8220; image_tablet=&#8220;https:\/\/relaunch.gewo.net\/wp-content\/uploads\/Grosser-Preis-des-Mittelstands.png&#8220; image_phone=&#8220;https:\/\/relaunch.gewo.net\/wp-content\/uploads\/Grosser-Preis-des-Mittelstands.png&#8220; image_last_edited=&#8220;on|desktop&#8220; _builder_version=&#8220;4.25.2&#8243; header_font=&#8220;Encode Sans|700|||||||&#8220; header_text_color=&#8220;#D2DA4D&#8220; header_font_size=&#8220;22px&#8220; header_line_height=&#8220;1.4em&#8220; body_font=&#8220;Encode Sans||||||||&#8220; body_text_color=&#8220;gcid-9a83adc9-c6c9-479e-a197-5aed087dd79d&#8220; body_font_size=&#8220;17px&#8220; body_line_height=&#8220;1.8em&#8220; text_orientation=&#8220;center&#8220; custom_padding=&#8220;30px|30px|30px|30px&#8220; animation_style=&#8220;zoom&#8220; animation_delay=&#8220;100ms&#8220; link_option_url=&#8220;https:\/\/www.mittelstandspreis.com\/&#8220; link_option_url_new_window=&#8220;on&#8220; border_width_all=&#8220;0px&#8220; border_color_all=&#8220;#dddddd&#8220; border_style_all=&#8220;solid&#8220; border_radii_image=&#8220;on|10px|10px|10px|10px&#8220; box_shadow_style_image=&#8220;preset1&#8243; use_border_color=&#8220;on&#8220; border_color=&#8220;#dddddd&#8220; icon_font_size=&#8220;60px&#8220; global_colors_info=&#8220;{%22gcid-9a83adc9-c6c9-479e-a197-5aed087dd79d%22:%91%22body_text_color%22,%22body_text_color%22%93,%22gcid-457b203d-72c9-4518-9b5d-4c05cc9d4390%22:%91%22header_text_color%22%93}&#8220;][\/et_pb_blurb][\/et_pb_column][et_pb_column type=&#8220;1_3&#8243; _builder_version=&#8220;4.16&#8243; custom_padding=&#8220;|||&#8220; global_colors_info=&#8220;{}&#8220; custom_padding__hover=&#8220;|||&#8220;][et_pb_blurb title=&#8220;Familienpakt Bayern&#8220; image=&#8220;https:\/\/relaunch.gewo.net\/wp-content\/uploads\/Familienpakt_Bayern_RGB_150dpi.jpg&#8220; image_icon_width=&#8220;250px&#8220; _builder_version=&#8220;4.25.2&#8243; header_font=&#8220;Encode Sans|700|||||||&#8220; header_text_color=&#8220;#D2DA4D&#8220; header_font_size=&#8220;22px&#8220; header_line_height=&#8220;1.4em&#8220; body_font=&#8220;Encode Sans||||||||&#8220; body_text_color=&#8220;gcid-9a83adc9-c6c9-479e-a197-5aed087dd79d&#8220; body_font_size=&#8220;17px&#8220; body_line_height=&#8220;1.8em&#8220; text_orientation=&#8220;center&#8220; custom_padding=&#8220;30px|30px|30px|30px&#8220; animation_style=&#8220;zoom&#8220; animation_delay=&#8220;100ms&#8220; link_option_url=&#8220;https:\/\/www.familienpakt-bayern.de\/&#8220; link_option_url_new_window=&#8220;on&#8220; border_width_all=&#8220;0px&#8220; border_color_all=&#8220;#dddddd&#8220; border_style_all=&#8220;solid&#8220; border_radii_image=&#8220;on|10px|10px|10px|10px&#8220; box_shadow_style_image=&#8220;preset1&#8243; use_border_color=&#8220;on&#8220; border_color=&#8220;#dddddd&#8220; icon_font_size=&#8220;60px&#8220; global_colors_info=&#8220;{%22gcid-9a83adc9-c6c9-479e-a197-5aed087dd79d%22:%91%22body_text_color%22,%22body_text_color%22%93,%22gcid-457b203d-72c9-4518-9b5d-4c05cc9d4390%22:%91%22header_text_color%22%93}&#8220;][\/et_pb_blurb][\/et_pb_column][\/et_pb_row][\/et_pb_section]<\/p>\n","protected":false},"excerpt":{"rendered":"<p>Auszeich\u00adnungenWir sind ausgezeichnet und stolz darauf! Seit Jahren ehren uns verschiedenste Organisationen, Kunden und Gesch\u00e4ftspartner mit hochrangigen Auszeichnungen f\u00fcr unsere herausragende Arbeit, innovative Ideen und exzellente Qualit\u00e4t. Insbesondere als Top [&hellip;]<\/p>\n","protected":false},"author":2,"featured_media":0,"parent":0,"menu_order":0,"comment_status":"closed","ping_status":"closed","template":"","meta":{"_et_pb_use_builder":"on","_et_pb_old_content":"","_et_gb_content_width":"","footnotes":""},"class_list":["post-25980414","page","type-page","status-publish","hentry"],"_links":{"self":[{"href":"https:\/\/www.gewo.net\/en\/wp-json\/wp\/v2\/pages\/25980414","targetHints":{"allow":["GET"]}}],"collection":[{"href":"https:\/\/www.gewo.net\/en\/wp-json\/wp\/v2\/pages"}],"about":[{"href":"https:\/\/www.gewo.net\/en\/wp-json\/wp\/v2\/types\/page"}],"author":[{"embeddable":true,"href":"https:\/\/www.gewo.net\/en\/wp-json\/wp\/v2\/users\/2"}],"replies":[{"embeddable":true,"href":"https:\/\/www.gewo.net\/en\/wp-json\/wp\/v2\/comments?post=25980414"}],"version-history":[{"count":14,"href":"https:\/\/www.gewo.net\/en\/wp-json\/wp\/v2\/pages\/25980414\/revisions"}],"predecessor-version":[{"id":25981829,"href":"https:\/\/www.gewo.net\/en\/wp-json\/wp\/v2\/pages\/25980414\/revisions\/25981829"}],"wp:attachment":[{"href":"https:\/\/www.gewo.net\/en\/wp-json\/wp\/v2\/media?parent=25980414"}],"curies":[{"name":"wp","href":"https:\/\/api.w.org\/{rel}","templated":true}]}}