{"id":25980256,"date":"2024-06-27T13:10:23","date_gmt":"2024-06-27T11:10:23","guid":{"rendered":"https:\/\/relaunch.gewo.net\/?page_id=25980256"},"modified":"2026-03-19T12:49:57","modified_gmt":"2026-03-19T11:49:57","slug":"standort","status":"publish","type":"page","link":"https:\/\/www.gewo.net\/en\/standort\/","title":{"rendered":"Location"},"content":{"rendered":"<p>[et_pb_section fb_built=&#8220;1&#8243; disabled_on=&#8220;off|off|off&#8220; admin_label=&#8220;Header Section&#8220; _builder_version=&#8220;4.25.0&#8243; use_background_color_gradient=&#8220;on&#8220; background_color_gradient_stops=&#8220;rgba(0,80,126,0.68) 0%|gcid-457b203d-72c9-4518-9b5d-4c05cc9d4390 100%&#8220; background_color_gradient_overlays_image=&#8220;on&#8220; background_color_gradient_start=&#8220;rgba(20,61,88,0.65)&#8220; background_color_gradient_end=&#8220;#143d58&#8243; background_enable_image=&#8220;off&#8220; background_position=&#8220;top_center&#8220; background_vertical_offset=&#8220;23%&#8220; custom_margin=&#8220;|||&#8220; custom_padding=&#8220;||||false|false&#8220; bottom_divider_color=&#8220;rgba(5,41,66,0.3)&#8220; bottom_divider_height=&#8220;20vw&#8220; animation_style=&#8220;slide&#8220; animation_direction=&#8220;top&#8220; animation_intensity_slide=&#8220;3%&#8220; animation_starting_opacity=&#8220;100%&#8220; global_colors_info=&#8220;{%22gcid-457b203d-72c9-4518-9b5d-4c05cc9d4390%22:%91%22background_color_gradient_stops%22%93}&#8220;][et_pb_row disabled_on=&#8220;off|off|off&#8220; module_class=&#8220; et_pb_row_fullwidth&#8220; _builder_version=&#8220;4.27.2&#8243; width=&#8220;89%&#8220; width_tablet=&#8220;80%&#8220; width_phone=&#8220;80%&#8220; width_last_edited=&#8220;on|desktop&#8220; max_width=&#8220;89%&#8220; max_width_tablet=&#8220;80%&#8220; max_width_phone=&#8220;80%&#8220; max_width_last_edited=&#8220;on|desktop&#8220; custom_padding=&#8220;0px||0px||true|false&#8220; make_fullwidth=&#8220;on&#8220; global_colors_info=&#8220;{}&#8220;][et_pb_column type=&#8220;4_4&#8243; _builder_version=&#8220;4.16&#8243; custom_padding=&#8220;|||&#8220; global_colors_info=&#8220;{}&#8220; custom_padding__hover=&#8220;|||&#8220;][et_pb_text disabled_on=&#8220;off|off|off&#8220; _builder_version=&#8220;4.26.0&#8243; text_font=&#8220;Montserrat||||||||&#8220; text_font_size=&#8220;22px&#8220; header_font=&#8220;|600||on|||||&#8220; header_text_align=&#8220;center&#8220; header_font_size=&#8220;4vw&#8220; background_layout=&#8220;dark&#8220; max_width=&#8220;1300px&#8220; max_width_tablet=&#8220;1300px&#8220; max_width_phone=&#8220;1300px&#8220; max_width_last_edited=&#8220;on|desktop&#8220; header_font_size_phone=&#8220;36px&#8220; header_line_height_tablet=&#8220;1.1em&#8220; header_line_height_phone=&#8220;1.2em&#8220; header_line_height_last_edited=&#8220;off|desktop&#8220; global_colors_info=&#8220;{}&#8220;]<\/p>\n<h1>Standort<\/h1>\n<p>[\/et_pb_text][\/et_pb_column][\/et_pb_row][\/et_pb_section][et_pb_section fb_built=&#8220;1&#8243; admin_label=&#8220;Hero&#8220; _builder_version=&#8220;4.16&#8243; custom_padding=&#8220;0px|0px|0px|0px&#8220; animation_style=&#8220;zoom&#8220; animation_intensity_zoom=&#8220;4%&#8220; global_colors_info=&#8220;{}&#8220;][et_pb_row use_custom_gutter=&#8220;on&#8220; gutter_width=&#8220;1&#8243; make_equal=&#8220;on&#8220; module_class=&#8220; et_pb_row_fullwidth&#8220; _builder_version=&#8220;4.27.5&#8243; background_enable_color=&#8220;off&#8220; background_image=&#8220;https:\/\/www.gewo.net\/wp-content\/uploads\/Luftaufnahme_2025-11.jpg&#8220; background_position=&#8220;top_left&#8220; background_repeat=&#8220;repeat&#8220; width=&#8220;100%&#8220; width_tablet=&#8220;100%&#8220; width_phone=&#8220;100%&#8220; width_last_edited=&#8220;on|desktop&#8220; max_width=&#8220;100%&#8220; max_width_tablet=&#8220;100%&#8220; max_width_phone=&#8220;100%&#8220; max_width_last_edited=&#8220;on|desktop&#8220; height=&#8220;960px&#8220; height_tablet=&#8220;500px&#8220; height_phone=&#8220;200px&#8220; height_last_edited=&#8220;on|phone&#8220; custom_padding=&#8220;0px||0px|&#8220; animation_style=&#8220;slide&#8220; animation_direction=&#8220;top&#8220; animation_intensity_slide=&#8220;3%&#8220; background_last_edited=&#8220;on|tablet&#8220; background_position_tablet=&#8220;top_center&#8220; background_position_phone=&#8220;top_center&#8220; make_fullwidth=&#8220;on&#8220; global_colors_info=&#8220;{}&#8220;][et_pb_column type=&#8220;4_4&#8243; _builder_version=&#8220;4.16&#8243; custom_padding=&#8220;10%|8%|10%|8%&#8220; global_colors_info=&#8220;{}&#8220; custom_padding__hover=&#8220;|||&#8220;][\/et_pb_column][\/et_pb_row][\/et_pb_section][et_pb_section fb_built=&#8220;1&#8243; admin_label=&#8220;Service Section&#8220; _builder_version=&#8220;4.26.0&#8243; custom_margin=&#8220;|||&#8220; custom_padding=&#8220;5%||5%||true|false&#8220; global_colors_info=&#8220;{}&#8220;][et_pb_row admin_label=&#8220;Quote&#8220; _builder_version=&#8220;4.16&#8243; background_size=&#8220;initial&#8220; background_position=&#8220;top_left&#8220; background_repeat=&#8220;repeat&#8220; global_colors_info=&#8220;{}&#8220;][et_pb_column type=&#8220;4_4&#8243; _builder_version=&#8220;4.16&#8243; custom_padding=&#8220;|||&#8220; global_colors_info=&#8220;{}&#8220; custom_padding__hover=&#8220;|||&#8220;][et_pb_text admin_label=&#8220;Quote&#8220; _builder_version=&#8220;4.26.0&#8243; text_font=&#8220;&#8211;et_global_body_font||||||||&#8220; text_text_color=&#8220;#747d88&#8243; background_size=&#8220;initial&#8220; background_position=&#8220;top_left&#8220; background_repeat=&#8220;repeat&#8220; max_width=&#8220;1000px&#8220; custom_margin=&#8220;||99px|||&#8220; animation_style=&#8220;flip&#8220; animation_direction=&#8220;top&#8220; animation_intensity_flip=&#8220;20%&#8220; global_colors_info=&#8220;{}&#8220;]<\/p>\n<p>In der Metropolregion M\u00fcnchen &#8211; nur 30 km \u00f6stlich der bayerischen Landeshauptstadt befindet sich unser Standort direkt am Bahnhof in W\u00f6rth\/H\u00f6rlkofen.<\/p>\n<p>Wir haben uns den Standort H\u00f6rlkofen f\u00fcr Dekaden gesichert und zum bereits existierenden <strong>Werk 1<\/strong> und <strong>Werk\u00a02<\/strong> weitere personelle und r\u00e4umliche Kapazit\u00e4ten geschaffen, um bestm\u00f6glich auf Marktanforderungen und die stark steigende Nachfrage unserer Kunden zu reagieren.<\/p>\n<p>[\/et_pb_text][et_pb_text admin_label=&#8220;Title&#8220; _builder_version=&#8220;4.27.2&#8243; text_font=&#8220;Montserrat||||||||&#8220; text_text_color=&#8220;#747d88&#8243; text_font_size=&#8220;16px&#8220; text_line_height=&#8220;1.9em&#8220; header_font=&#8220;||||||||&#8220; header_2_font=&#8220;&#8211;et_global_heading_font|600||on|||||&#8220; header_2_text_align=&#8220;left&#8220; header_2_text_color=&#8220;#D2DA4D&#8220; background_size=&#8220;initial&#8220; background_position=&#8220;top_left&#8220; background_repeat=&#8220;repeat&#8220; text_orientation=&#8220;center&#8220; max_width=&#8220;1000px&#8220; custom_margin=&#8220;||38px|||&#8220; global_colors_info=&#8220;{}&#8220;]<\/p>\n<h2><span style=\"color: #00507e;\"><strong>Standort\u00ader\u00adwei\u00adte\u00adrung 2025<br \/>erfolgreich abgeschlossen<\/strong><\/span><\/h2>\n<p>[\/et_pb_text][et_pb_text admin_label=&#8220;Quote&#8220; _builder_version=&#8220;4.27.6&#8243; text_font=&#8220;&#8211;et_global_body_font||||||||&#8220; text_text_color=&#8220;#747d88&#8243; background_size=&#8220;initial&#8220; background_position=&#8220;top_left&#8220; background_repeat=&#8220;repeat&#8220; max_width=&#8220;1000px&#8220; animation_style=&#8220;flip&#8220; animation_direction=&#8220;top&#8220; animation_intensity_flip=&#8220;20%&#8220; global_colors_info=&#8220;{}&#8220;]<\/p>\n<p>Die umfassende Erweiterung unseres Standorts in H\u00f6rlkofen ist abgeschlossen. Im Oktober 2025 wurde das neue Verwaltungsgeb\u00e4ude offiziell er\u00f6ffnet und gemeinsam mit rund 200 G\u00e4sten eingeweiht. Die Erweiterung umfasst zudem ein modernes Logistikzentrum, eine Produktionshalle mit Reinr\u00e4umen, eine Energiezentrale, ein Parkhaus sowie unser neues Betriebsrestaurant Kraftwerk, das Mitarbeitenden vielf\u00e4ltige kulinarische Angebote und Raum f\u00fcr Austausch bietet.<\/p>\n<p>Mit dem Neubau schafft GEWO eine zukunftsorientierte Arbeitsumgebung mit offenen Strukturen und flexiblen Arbeitspl\u00e4tzen, die den interdisziplin\u00e4ren Austausch f\u00f6rdern. Das hochmoderne Arbeitsumfeld verzichtet auf feste Schreibtische \u2013 Mitarbeitende nutzen t\u00e4glich frei w\u00e4hlbare, ergonomische Flex\u2011Arbeitspl\u00e4tze.<\/p>\n<p>Heute umfasst der Standort mehr als 30.000 Quadratmeter Produktions\u2011 und B\u00fcrofl\u00e4che und bietet Raum f\u00fcr kontinuierliches Wachstum. Die Erweiterungen st\u00e4rken sowohl unsere Fertigungskapazit\u00e4ten als auch die Qualit\u00e4t unserer Pr\u00e4zisionsarbeit in Mikrometer\u2011 und Nanometerbereichen \u2013 insbesondere f\u00fcr die Halbleiterindustrie und die Medizintechnik.<\/p>\n<p>[\/et_pb_text][\/et_pb_column][\/et_pb_row][et_pb_row disabled_on=&#8220;on|on|on&#8220; admin_label=&#8220;Quote&#8220; _builder_version=&#8220;4.27.6&#8243; background_size=&#8220;initial&#8220; background_position=&#8220;top_left&#8220; background_repeat=&#8220;repeat&#8220; disabled=&#8220;on&#8220; global_colors_info=&#8220;{}&#8220;][et_pb_column type=&#8220;4_4&#8243; _builder_version=&#8220;4.16&#8243; custom_padding=&#8220;|||&#8220; global_colors_info=&#8220;{}&#8220; custom_padding__hover=&#8220;|||&#8220;][et_pb_text admin_label=&#8220;Quote&#8220; _builder_version=&#8220;4.26.0&#8243; text_font=&#8220;&#8211;et_global_body_font||||||||&#8220; text_text_color=&#8220;#747d88&#8243; background_size=&#8220;initial&#8220; background_position=&#8220;top_left&#8220; background_repeat=&#8220;repeat&#8220; max_width=&#8220;1000px&#8220; custom_margin=&#8220;||99px|||&#8220; animation_style=&#8220;flip&#8220; animation_direction=&#8220;top&#8220; animation_intensity_flip=&#8220;20%&#8220; global_colors_info=&#8220;{}&#8220;]<\/p>\n<p>In der Metropolregion M\u00fcnchen &#8211; nur 30 km \u00f6stlich der bayerischen Landeshauptstadt befindet sich unser Standort direkt am Bahnhof in W\u00f6rth\/H\u00f6rlkofen.<\/p>\n<p>Wir haben uns den Standort H\u00f6rlkofen f\u00fcr Dekaden gesichert und zum bereits existierenden <strong>Werk 1<\/strong> und <strong>Werk\u00a02<\/strong> weitere personelle und r\u00e4umliche Kapazit\u00e4ten geschaffen, um bestm\u00f6glich auf Marktanforderungen und die stark steigende Nachfrage unserer Kunden zu reagieren.<\/p>\n<p>[\/et_pb_text][et_pb_text admin_label=&#8220;Title&#8220; _builder_version=&#8220;4.27.2&#8243; text_font=&#8220;Montserrat||||||||&#8220; text_text_color=&#8220;#747d88&#8243; text_font_size=&#8220;16px&#8220; text_line_height=&#8220;1.9em&#8220; header_font=&#8220;||||||||&#8220; header_2_font=&#8220;&#8211;et_global_heading_font|600||on|||||&#8220; header_2_text_align=&#8220;left&#8220; header_2_text_color=&#8220;#D2DA4D&#8220; background_size=&#8220;initial&#8220; background_position=&#8220;top_left&#8220; background_repeat=&#8220;repeat&#8220; text_orientation=&#8220;center&#8220; max_width=&#8220;1000px&#8220; custom_margin=&#8220;||38px|||&#8220; global_colors_info=&#8220;{}&#8220;]<\/p>\n<h2><span style=\"color: #00507e;\"><strong>Standort\u00ader\u00adwei\u00adte\u00adrung 2022-2025<\/strong><\/span><\/h2>\n<p>[\/et_pb_text][et_pb_text admin_label=&#8220;Quote&#8220; _builder_version=&#8220;4.26.0&#8243; text_font=&#8220;&#8211;et_global_body_font||||||||&#8220; text_text_color=&#8220;#747d88&#8243; background_size=&#8220;initial&#8220; background_position=&#8220;top_left&#8220; background_repeat=&#8220;repeat&#8220; max_width=&#8220;1000px&#8220; animation_style=&#8220;flip&#8220; animation_direction=&#8220;top&#8220; animation_intensity_flip=&#8220;20%&#8220; global_colors_info=&#8220;{}&#8220;]<\/p>\n<p>Unsere Standorterweiterung l\u00e4uft auf Hochtouren und unser kontinuierlich wachsendes Team und Maschinenpark bekommen zus\u00e4tzlichen Platz zur kreativen Entfaltung.<\/p>\n<p>Unser Hightech-Maschinenpark ist auf top Niveau. Durch die Erweiterung u.a. im Bereich High Purity Cleaning und die Verdreifachung der bisherigen Reinraumfl\u00e4che sind wir optimal f\u00fcr Spezialbedarfe in der z.B. Halbleiterindustrie und Medizinbranche aufgestellt.<\/p>\n<p>[\/et_pb_text][\/et_pb_column][\/et_pb_row][\/et_pb_section][et_pb_section fb_built=&#8220;1&#8243; admin_label=&#8220;Hero&#8220; _builder_version=&#8220;4.27.0&#8243; custom_padding=&#8220;0px|0px|0px|0px|false|false&#8220; animation_style=&#8220;zoom&#8220; animation_intensity_zoom=&#8220;4%&#8220; global_colors_info=&#8220;{}&#8220;][et_pb_row column_structure=&#8220;1_2,1_2&#8243; use_custom_gutter=&#8220;on&#8220; gutter_width=&#8220;1&#8243; make_equal=&#8220;on&#8220; module_class=&#8220; et_pb_row_fullwidth&#8220; _builder_version=&#8220;4.27.6&#8243; background_color=&#8220;#00507E&#8220; background_enable_image=&#8220;off&#8220; background_position=&#8220;top_left&#8220; background_repeat=&#8220;repeat&#8220; width=&#8220;100%&#8220; width_tablet=&#8220;100%&#8220; width_phone=&#8220;100%&#8220; width_last_edited=&#8220;on|desktop&#8220; max_width=&#8220;100%&#8220; max_width_tablet=&#8220;100%&#8220; max_width_phone=&#8220;100%&#8220; max_width_last_edited=&#8220;on|desktop&#8220; custom_padding=&#8220;0px||0px|||&#8220; animation_style=&#8220;slide&#8220; animation_direction=&#8220;top&#8220; animation_intensity_slide=&#8220;3%&#8220; make_fullwidth=&#8220;on&#8220; global_colors_info=&#8220;{}&#8220;][et_pb_column type=&#8220;1_2&#8243; _builder_version=&#8220;4.26.0&#8243; custom_padding=&#8220;5%|8%|5%|8%|true|false&#8220; global_colors_info=&#8220;{}&#8220; custom_padding__hover=&#8220;|||&#8220;][et_pb_text admin_label=&#8220;Title&#8220; _builder_version=&#8220;4.27.2&#8243; text_font=&#8220;Montserrat||||||||&#8220; text_text_color=&#8220;#747d88&#8243; text_font_size=&#8220;16px&#8220; text_line_height=&#8220;1.9em&#8220; header_font=&#8220;||||||||&#8220; header_2_font=&#8220;&#8211;et_global_heading_font|600||on|||||&#8220; header_2_text_align=&#8220;left&#8220; header_2_text_color=&#8220;#D2DA4D&#8220; background_size=&#8220;initial&#8220; background_position=&#8220;top_left&#8220; background_repeat=&#8220;repeat&#8220; text_orientation=&#8220;center&#8220; custom_margin=&#8220;||38px|||&#8220; header_text_align_tablet=&#8220;&#8220; header_text_align_phone=&#8220;&#8220; header_text_align_last_edited=&#8220;on|phone&#8220; header_2_text_align_tablet=&#8220;left&#8220; header_2_text_align_phone=&#8220;center&#8220; header_2_text_align_last_edited=&#8220;on|phone&#8220; text_orientation_tablet=&#8220;center&#8220; text_orientation_phone=&#8220;center&#8220; text_orientation_last_edited=&#8220;on|phone&#8220; global_colors_info=&#8220;{}&#8220;]<\/p>\n<h2>Neubauten<\/h2>\n<p>[\/et_pb_text][et_pb_blurb title=&#8220;Verwaltungsgeb\u00e4ude samt Mitarbeiterrestaurant und Barista Caf\u00e9bar&#8220; use_icon=&#8220;on&#8220; font_icon=&#8220;&#xf00c;||fa||900&#8243; icon_color=&#8220;#D2DA4D&#8220; icon_placement=&#8220;left&#8220; image_icon_width=&#8220;20px&#8220; content_max_width=&#8220;650px&#8220; _builder_version=&#8220;4.26.0&#8243; header_font=&#8220;&#8211;et_global_body_font||||||||&#8220; header_text_color=&#8220;#FFFFFF&#8220; header_font_size=&#8220;20px&#8220; custom_margin=&#8220;40px||5px||false|false&#8220; animation_style=&#8220;flip&#8220; animation_direction=&#8220;right&#8220; animation_intensity_flip=&#8220;20%&#8220; icon_font_size=&#8220;16px&#8220; locked=&#8220;off&#8220; global_colors_info=&#8220;{}&#8220;][\/et_pb_blurb][et_pb_blurb title=&#8220;weitere Produktionshalle inklusive zus\u00e4tzlicher Reinr\u00e4ume mit modernster Technik f\u00fcr Gro\u00df- und Kleinteile&#8220; use_icon=&#8220;on&#8220; font_icon=&#8220;&#xf00c;||fa||900&#8243; icon_color=&#8220;#D2DA4D&#8220; icon_placement=&#8220;left&#8220; image_icon_width=&#8220;20px&#8220; content_max_width=&#8220;650px&#8220; _builder_version=&#8220;4.26.0&#8243; header_font=&#8220;&#8211;et_global_body_font||||||||&#8220; header_text_color=&#8220;#FFFFFF&#8220; header_font_size=&#8220;20px&#8220; custom_margin=&#8220;||5px||false|false&#8220; animation_style=&#8220;flip&#8220; animation_direction=&#8220;right&#8220; animation_intensity_flip=&#8220;20%&#8220; icon_font_size=&#8220;16px&#8220; locked=&#8220;off&#8220; global_colors_info=&#8220;{}&#8220;][\/et_pb_blurb][et_pb_blurb title=&#8220;Logistikzentrum inklusive vollautomatisiertem Kleinteilelager f\u00fcr 15.000 Beh\u00e4lter und fahrerlosem Transportsystem&#8220; use_icon=&#8220;on&#8220; font_icon=&#8220;&#xf00c;||fa||900&#8243; icon_color=&#8220;#D2DA4D&#8220; icon_placement=&#8220;left&#8220; image_icon_width=&#8220;20px&#8220; content_max_width=&#8220;650px&#8220; _builder_version=&#8220;4.26.0&#8243; header_font=&#8220;&#8211;et_global_body_font||||||||&#8220; header_text_color=&#8220;#FFFFFF&#8220; header_font_size=&#8220;20px&#8220; custom_margin=&#8220;||5px||false|false&#8220; animation_style=&#8220;flip&#8220; animation_direction=&#8220;right&#8220; animation_intensity_flip=&#8220;20%&#8220; icon_font_size=&#8220;16px&#8220; locked=&#8220;off&#8220; global_colors_info=&#8220;{}&#8220;][\/et_pb_blurb][et_pb_blurb title=&#8220;Energiezentrale mit Blockheizkraftwerk&#8220; use_icon=&#8220;on&#8220; font_icon=&#8220;&#xf00c;||fa||900&#8243; icon_color=&#8220;#D2DA4D&#8220; icon_placement=&#8220;left&#8220; image_icon_width=&#8220;20px&#8220; content_max_width=&#8220;650px&#8220; _builder_version=&#8220;4.26.0&#8243; header_font=&#8220;&#8211;et_global_body_font||||||||&#8220; header_text_color=&#8220;#FFFFFF&#8220; header_font_size=&#8220;20px&#8220; custom_margin=&#8220;||5px||false|false&#8220; animation_style=&#8220;flip&#8220; animation_direction=&#8220;right&#8220; animation_intensity_flip=&#8220;20%&#8220; icon_font_size=&#8220;16px&#8220; locked=&#8220;off&#8220; global_colors_info=&#8220;{}&#8220;][\/et_pb_blurb][et_pb_blurb title=&#8220;Parkhaus mit 580 Stellpl\u00e4tzen inkl. 10 E-Ladepl\u00e4tzen&#8220; use_icon=&#8220;on&#8220; font_icon=&#8220;&#xf00c;||fa||900&#8243; icon_color=&#8220;#D2DA4D&#8220; icon_placement=&#8220;left&#8220; image_icon_width=&#8220;20px&#8220; content_max_width=&#8220;650px&#8220; _builder_version=&#8220;4.27.6&#8243; header_font=&#8220;&#8211;et_global_body_font||||||||&#8220; header_text_color=&#8220;#FFFFFF&#8220; header_font_size=&#8220;20px&#8220; custom_margin=&#8220;||5px||false|false&#8220; animation_style=&#8220;flip&#8220; animation_direction=&#8220;right&#8220; animation_intensity_flip=&#8220;20%&#8220; icon_font_size=&#8220;16px&#8220; locked=&#8220;off&#8220; global_colors_info=&#8220;{}&#8220;][\/et_pb_blurb][\/et_pb_column][et_pb_column type=&#8220;1_2&#8243; _builder_version=&#8220;4.27.6&#8243; background_image=&#8220;https:\/\/www.gewo.net\/wp-content\/uploads\/Verwaltungsgebaeude_2025.jpg&#8220; background_position=&#8220;top_left&#8220; background_horizontal_offset=&#8220;20%&#8220; custom_padding=&#8220;|||&#8220; custom_padding_tablet=&#8220;|||&#8220; custom_padding_phone=&#8220;100px||100px||true|false&#8220; custom_padding_last_edited=&#8220;on|phone&#8220; global_colors_info=&#8220;{}&#8220; custom_padding__hover=&#8220;|||&#8220;][\/et_pb_column][\/et_pb_row][\/et_pb_section][et_pb_section fb_built=&#8220;1&#8243; admin_label=&#8220;Latest Work Section&#8220; _builder_version=&#8220;4.26.0&#8243; background_enable_color=&#8220;off&#8220; custom_padding=&#8220;5%||5%||true|false&#8220; global_colors_info=&#8220;{}&#8220;][et_pb_row _builder_version=&#8220;4.16&#8243; background_size=&#8220;initial&#8220; background_position=&#8220;top_left&#8220; background_repeat=&#8220;repeat&#8220; global_colors_info=&#8220;{}&#8220;][et_pb_column type=&#8220;4_4&#8243; _builder_version=&#8220;4.16&#8243; custom_padding=&#8220;|||&#8220; global_colors_info=&#8220;{}&#8220; custom_padding__hover=&#8220;|||&#8220;][et_pb_text admin_label=&#8220;Title&#8220; _builder_version=&#8220;4.27.3&#8243; text_font=&#8220;Montserrat||||||||&#8220; text_text_color=&#8220;#747d88&#8243; text_font_size=&#8220;16px&#8220; text_line_height=&#8220;1.9em&#8220; header_font=&#8220;||||||||&#8220; header_2_font=&#8220;&#8211;et_global_heading_font|600||on|||||&#8220; header_2_text_align=&#8220;center&#8220; header_2_text_color=&#8220;#D2DA4D&#8220; background_size=&#8220;initial&#8220; background_position=&#8220;top_left&#8220; background_repeat=&#8220;repeat&#8220; text_orientation=&#8220;center&#8220; max_width=&#8220;1000px&#8220; custom_margin=&#8220;||38px|||&#8220; global_colors_info=&#8220;{}&#8220; header_2_letter_spacing__hover_enabled=&#8220;on|desktop&#8220;]<\/p>\n<h2><span style=\"color: #00507e;\"><strong>Impres\u00ad\u200b\u00adsi\u00ad\u00adonen<\/strong><\/span><\/h2>\n<p>[\/et_pb_text][\/et_pb_column][\/et_pb_row][et_pb_row column_structure=&#8220;1_3,1_3,1_3&#8243; _builder_version=&#8220;4.27.0&#8243; background_size=&#8220;initial&#8220; background_position=&#8220;top_left&#8220; background_repeat=&#8220;repeat&#8220; global_colors_info=&#8220;{}&#8220;][et_pb_column type=&#8220;1_3&#8243; _builder_version=&#8220;4.16&#8243; custom_padding=&#8220;|||&#8220; global_colors_info=&#8220;{}&#8220; custom_padding__hover=&#8220;|||&#8220;][et_pb_image src=&#8220;https:\/\/www.gewo.net\/wp-content\/uploads\/Empfang.jpg&#8220; title_text=&#8220;Empfang&#8220; show_in_lightbox=&#8220;on&#8220; use_overlay=&#8220;on&#8220; overlay_icon_color=&#8220;#FFFFFF&#8220; hover_overlay_color=&#8220;#00507E&#8220; hover_icon=&#8220;&#x24;||divi||400&#8243; align_tablet=&#8220;center&#8220; align_phone=&#8220;center&#8220; align_last_edited=&#8220;on|desktop&#8220; _builder_version=&#8220;4.27.6&#8243; animation_style=&#8220;zoom&#8220; animation_intensity_zoom=&#8220;20%&#8220; hover_enabled=&#8220;0&#8243; locked=&#8220;off&#8220; global_colors_info=&#8220;{}&#8220; sticky_enabled=&#8220;0&#8243;][\/et_pb_image][\/et_pb_column][et_pb_column type=&#8220;1_3&#8243; _builder_version=&#8220;4.16&#8243; custom_padding=&#8220;|||&#8220; global_colors_info=&#8220;{}&#8220; custom_padding__hover=&#8220;|||&#8220;][et_pb_image src=&#8220;https:\/\/www.gewo.net\/wp-content\/uploads\/Baristabar.jpg&#8220; title_text=&#8220;Baristabar&#8220; show_in_lightbox=&#8220;on&#8220; use_overlay=&#8220;on&#8220; overlay_icon_color=&#8220;#FFFFFF&#8220; hover_overlay_color=&#8220;#00507E&#8220; hover_icon=&#8220;&#x24;||divi||400&#8243; align_tablet=&#8220;center&#8220; align_phone=&#8220;center&#8220; align_last_edited=&#8220;on|desktop&#8220; _builder_version=&#8220;4.27.6&#8243; animation_style=&#8220;zoom&#8220; animation_intensity_zoom=&#8220;20%&#8220; global_colors_info=&#8220;{}&#8220;][\/et_pb_image][\/et_pb_column][et_pb_column type=&#8220;1_3&#8243; _builder_version=&#8220;4.16&#8243; custom_padding=&#8220;|||&#8220; global_colors_info=&#8220;{}&#8220; custom_padding__hover=&#8220;|||&#8220;][et_pb_image src=&#8220;https:\/\/www.gewo.net\/wp-content\/uploads\/Besprechungsraum.jpg&#8220; title_text=&#8220;Besprechungsraum&#8220; show_in_lightbox=&#8220;on&#8220; use_overlay=&#8220;on&#8220; overlay_icon_color=&#8220;#FFFFFF&#8220; hover_overlay_color=&#8220;#00507E&#8220; hover_icon=&#8220;&#x24;||divi||400&#8243; align_tablet=&#8220;center&#8220; align_phone=&#8220;center&#8220; align_last_edited=&#8220;on|desktop&#8220; _builder_version=&#8220;4.27.6&#8243; animation_style=&#8220;zoom&#8220; animation_intensity_zoom=&#8220;20%&#8220; locked=&#8220;off&#8220; global_colors_info=&#8220;{}&#8220;][\/et_pb_image][\/et_pb_column][\/et_pb_row][et_pb_row column_structure=&#8220;1_3,1_3,1_3&#8243; _builder_version=&#8220;4.16&#8243; background_size=&#8220;initial&#8220; background_position=&#8220;top_left&#8220; background_repeat=&#8220;repeat&#8220; global_colors_info=&#8220;{}&#8220;][et_pb_column type=&#8220;1_3&#8243; _builder_version=&#8220;4.16&#8243; custom_padding=&#8220;|||&#8220; global_colors_info=&#8220;{}&#8220; custom_padding__hover=&#8220;|||&#8220;][et_pb_image src=&#8220;https:\/\/www.gewo.net\/wp-content\/uploads\/Buero_2025.jpg&#8220; title_text=&#8220;B\u00fcro_2025&#8243; show_in_lightbox=&#8220;on&#8220; use_overlay=&#8220;on&#8220; overlay_icon_color=&#8220;#FFFFFF&#8220; hover_overlay_color=&#8220;#00507E&#8220; hover_icon=&#8220;&#x24;||divi||400&#8243; align_tablet=&#8220;center&#8220; align_phone=&#8220;center&#8220; align_last_edited=&#8220;on|desktop&#8220; _builder_version=&#8220;4.27.6&#8243; animation_style=&#8220;zoom&#8220; animation_intensity_zoom=&#8220;20%&#8220; global_colors_info=&#8220;{}&#8220;][\/et_pb_image][\/et_pb_column][et_pb_column type=&#8220;1_3&#8243; _builder_version=&#8220;4.16&#8243; custom_padding=&#8220;|||&#8220; global_colors_info=&#8220;{}&#8220; custom_padding__hover=&#8220;|||&#8220;][et_pb_image src=&#8220;https:\/\/www.gewo.net\/wp-content\/uploads\/Kraftwerk_02.jpg&#8220; title_text=&#8220;Kraftwerk_02&#8243; show_in_lightbox=&#8220;on&#8220; use_overlay=&#8220;on&#8220; overlay_icon_color=&#8220;#FFFFFF&#8220; hover_overlay_color=&#8220;#00507E&#8220; hover_icon=&#8220;&#x24;||divi||400&#8243; align_tablet=&#8220;center&#8220; align_phone=&#8220;center&#8220; align_last_edited=&#8220;on|desktop&#8220; _builder_version=&#8220;4.27.6&#8243; animation_style=&#8220;zoom&#8220; animation_intensity_zoom=&#8220;20%&#8220; locked=&#8220;off&#8220; global_colors_info=&#8220;{}&#8220;][\/et_pb_image][\/et_pb_column][et_pb_column type=&#8220;1_3&#8243; _builder_version=&#8220;4.16&#8243; custom_padding=&#8220;|||&#8220; global_colors_info=&#8220;{}&#8220; custom_padding__hover=&#8220;|||&#8220;][et_pb_image src=&#8220;https:\/\/www.gewo.net\/wp-content\/uploads\/Kraftwerk_01.jpg&#8220; title_text=&#8220;Kraftwerk_01&#8243; show_in_lightbox=&#8220;on&#8220; use_overlay=&#8220;on&#8220; overlay_icon_color=&#8220;#FFFFFF&#8220; hover_overlay_color=&#8220;#00507E&#8220; hover_icon=&#8220;&#x24;||divi||400&#8243; align_tablet=&#8220;center&#8220; align_phone=&#8220;center&#8220; align_last_edited=&#8220;on|desktop&#8220; _builder_version=&#8220;4.27.6&#8243; animation_style=&#8220;zoom&#8220; animation_intensity_zoom=&#8220;20%&#8220; locked=&#8220;off&#8220; global_colors_info=&#8220;{}&#8220;][\/et_pb_image][\/et_pb_column][\/et_pb_row][\/et_pb_section]<\/p>\n","protected":false},"excerpt":{"rendered":"<p>StandortIn der Metropolregion M\u00fcnchen &#8211; nur 30 km \u00f6stlich der bayerischen Landeshauptstadt befindet sich unser Standort direkt am Bahnhof in W\u00f6rth\/H\u00f6rlkofen. Wir haben uns den Standort H\u00f6rlkofen f\u00fcr Dekaden gesichert [&hellip;]<\/p>\n","protected":false},"author":2,"featured_media":0,"parent":0,"menu_order":0,"comment_status":"closed","ping_status":"closed","template":"","meta":{"_et_pb_use_builder":"on","_et_pb_old_content":"","_et_gb_content_width":"","footnotes":""},"class_list":["post-25980256","page","type-page","status-publish","hentry"],"_links":{"self":[{"href":"https:\/\/www.gewo.net\/en\/wp-json\/wp\/v2\/pages\/25980256","targetHints":{"allow":["GET"]}}],"collection":[{"href":"https:\/\/www.gewo.net\/en\/wp-json\/wp\/v2\/pages"}],"about":[{"href":"https:\/\/www.gewo.net\/en\/wp-json\/wp\/v2\/types\/page"}],"author":[{"embeddable":true,"href":"https:\/\/www.gewo.net\/en\/wp-json\/wp\/v2\/users\/2"}],"replies":[{"embeddable":true,"href":"https:\/\/www.gewo.net\/en\/wp-json\/wp\/v2\/comments?post=25980256"}],"version-history":[{"count":29,"href":"https:\/\/www.gewo.net\/en\/wp-json\/wp\/v2\/pages\/25980256\/revisions"}],"predecessor-version":[{"id":25981740,"href":"https:\/\/www.gewo.net\/en\/wp-json\/wp\/v2\/pages\/25980256\/revisions\/25981740"}],"wp:attachment":[{"href":"https:\/\/www.gewo.net\/en\/wp-json\/wp\/v2\/media?parent=25980256"}],"curies":[{"name":"wp","href":"https:\/\/api.w.org\/{rel}","templated":true}]}}