{"id":25980135,"date":"2024-05-16T12:44:35","date_gmt":"2024-05-16T10:44:35","guid":{"rendered":"https:\/\/relaunch.gewo.net\/?page_id=25980135"},"modified":"2026-03-23T10:52:10","modified_gmt":"2026-03-23T09:52:10","slug":"soziale-verantwortung","status":"publish","type":"page","link":"https:\/\/www.gewo.net\/en\/soziale-verantwortung\/","title":{"rendered":"Social responsibility"},"content":{"rendered":"<p>[et_pb_section fb_built=&#8220;1&#8243; disabled_on=&#8220;off|off|off&#8220; admin_label=&#8220;Header Section&#8220; _builder_version=&#8220;4.27.2&#8243; use_background_color_gradient=&#8220;on&#8220; background_color_gradient_stops=&#8220;rgba(0,80,126,0.68) 0%|gcid-457b203d-72c9-4518-9b5d-4c05cc9d4390 100%&#8220; background_color_gradient_overlays_image=&#8220;on&#8220; background_color_gradient_start=&#8220;rgba(20,61,88,0.65)&#8220; background_color_gradient_end=&#8220;#143d58&#8243; background_enable_image=&#8220;off&#8220; background_position=&#8220;top_center&#8220; background_vertical_offset=&#8220;23%&#8220; custom_margin=&#8220;|||&#8220; custom_padding=&#8220;||||false|false&#8220; bottom_divider_color=&#8220;rgba(5,41,66,0.3)&#8220; bottom_divider_height=&#8220;20vw&#8220; animation_style=&#8220;slide&#8220; animation_direction=&#8220;top&#8220; animation_intensity_slide=&#8220;3%&#8220; animation_starting_opacity=&#8220;100%&#8220; global_colors_info=&#8220;{%22gcid-457b203d-72c9-4518-9b5d-4c05cc9d4390%22:%91%22background_color_gradient_stops%22%93}&#8220;][et_pb_row disabled_on=&#8220;off|off|off&#8220; module_class=&#8220; et_pb_row_fullwidth&#8220; _builder_version=&#8220;4.27.2&#8243; width=&#8220;89%&#8220; width_tablet=&#8220;80%&#8220; width_phone=&#8220;80%&#8220; width_last_edited=&#8220;on|desktop&#8220; max_width=&#8220;89%&#8220; max_width_tablet=&#8220;80%&#8220; max_width_phone=&#8220;80%&#8220; max_width_last_edited=&#8220;on|desktop&#8220; custom_padding=&#8220;0px||0px||true|false&#8220; make_fullwidth=&#8220;on&#8220; global_colors_info=&#8220;{}&#8220;][et_pb_column type=&#8220;4_4&#8243; _builder_version=&#8220;4.16&#8243; custom_padding=&#8220;|||&#8220; global_colors_info=&#8220;{}&#8220; custom_padding__hover=&#8220;|||&#8220;][et_pb_text disabled_on=&#8220;off|off|off&#8220; _builder_version=&#8220;4.27.2&#8243; text_font=&#8220;Montserrat||||||||&#8220; text_font_size=&#8220;22px&#8220; header_font=&#8220;|600||on|||||&#8220; header_text_align=&#8220;center&#8220; header_font_size=&#8220;4vw&#8220; background_layout=&#8220;dark&#8220; max_width=&#8220;1300px&#8220; max_width_tablet=&#8220;1300px&#8220; max_width_phone=&#8220;1300px&#8220; max_width_last_edited=&#8220;on|desktop&#8220; header_font_size_phone=&#8220;36px&#8220; header_line_height_tablet=&#8220;1.1em&#8220; header_line_height_phone=&#8220;1.2em&#8220; header_line_height_last_edited=&#8220;off|desktop&#8220; global_colors_info=&#8220;{}&#8220;]<\/p>\n<h1>Verantwor\u00adtung &amp; Nach\u00adhaltigkeit<\/h1>\n<p>[\/et_pb_text][\/et_pb_column][\/et_pb_row][\/et_pb_section][et_pb_section fb_built=&#8220;1&#8243; admin_label=&#8220;Hero&#8220; _builder_version=&#8220;4.25.1&#8243; custom_padding=&#8220;0px|0px|0px|0px&#8220; animation_style=&#8220;zoom&#8220; animation_intensity_zoom=&#8220;4%&#8220; global_colors_info=&#8220;{}&#8220;][et_pb_row use_custom_gutter=&#8220;on&#8220; gutter_width=&#8220;1&#8243; make_equal=&#8220;on&#8220; module_class=&#8220; et_pb_row_fullwidth&#8220; _builder_version=&#8220;4.27.2&#8243; background_enable_color=&#8220;off&#8220; background_image=&#8220;https:\/\/relaunch.gewo.net\/wp-content\/uploads\/Blumenwiese.jpg&#8220; background_repeat=&#8220;repeat&#8220; width=&#8220;100%&#8220; width_tablet=&#8220;100%&#8220; width_phone=&#8220;100%&#8220; width_last_edited=&#8220;on|desktop&#8220; max_width=&#8220;100%&#8220; max_width_tablet=&#8220;100%&#8220; max_width_phone=&#8220;100%&#8220; max_width_last_edited=&#8220;on|desktop&#8220; height=&#8220;800px&#8220; height_tablet=&#8220;500px&#8220; height_phone=&#8220;200px&#8220; height_last_edited=&#8220;on|phone&#8220; custom_padding=&#8220;0px||0px|&#8220; animation_style=&#8220;slide&#8220; animation_direction=&#8220;top&#8220; animation_intensity_slide=&#8220;3%&#8220; make_fullwidth=&#8220;on&#8220; global_colors_info=&#8220;{}&#8220;][et_pb_column type=&#8220;4_4&#8243; _builder_version=&#8220;4.16&#8243; custom_padding=&#8220;10%|8%|10%|8%&#8220; global_colors_info=&#8220;{}&#8220; custom_padding__hover=&#8220;|||&#8220;][\/et_pb_column][\/et_pb_row][\/et_pb_section][et_pb_section fb_built=&#8220;1&#8243; custom_padding_last_edited=&#8220;on|phone&#8220; admin_label=&#8220;Service Section&#8220; _builder_version=&#8220;4.27.2&#8243; background_color=&#8220;#00507E&#8220; custom_margin=&#8220;|||&#8220; custom_padding=&#8220;110px||110px|&#8220; custom_padding_tablet=&#8220;110px||110px|&#8220; custom_padding_phone=&#8220;0px||0px||true|false&#8220; global_colors_info=&#8220;{}&#8220;][et_pb_row admin_label=&#8220;Quote&#8220; _builder_version=&#8220;4.16&#8243; background_size=&#8220;initial&#8220; background_position=&#8220;top_left&#8220; background_repeat=&#8220;repeat&#8220; global_colors_info=&#8220;{}&#8220;][et_pb_column type=&#8220;4_4&#8243; _builder_version=&#8220;4.16&#8243; custom_padding=&#8220;|||&#8220; global_colors_info=&#8220;{}&#8220; custom_padding__hover=&#8220;|||&#8220;][et_pb_text admin_label=&#8220;Quote&#8220; _builder_version=&#8220;4.25.2&#8243; text_font=&#8220;&#8211;et_global_body_font||||||||&#8220; text_text_color=&#8220;#FFFFFF&#8220; background_size=&#8220;initial&#8220; background_position=&#8220;top_left&#8220; background_repeat=&#8220;repeat&#8220; max_width=&#8220;1000px&#8220; animation_style=&#8220;flip&#8220; animation_direction=&#8220;top&#8220; animation_intensity_flip=&#8220;20%&#8220; global_colors_info=&#8220;{}&#8220;]<\/p>\n<p>Wir nehmen unsere soziale und unternehmerische Verantwortung sehr ernst. Aus Tradition nimmt das Bestreben nach einer kontinuierlich verantwortungsvollen Entwicklung bei uns im Unternehmen eine Schl\u00fcsselrolle ein. Wir sind \u00fcberzeugt, dass eine nachhaltige Unternehmensf\u00fchrung gerade in Zeiten des immer st\u00e4rker beschleunigten Wirtschaftens eine wesentliche Voraussetzung f\u00fcr eine langfristig erfolgreiche Strategie darstellt. Unser Antrieb ist, uns f\u00fcr effizientes, ressourcenschonendes Arbeiten der Zukunft einzusetzen f\u00fcr eine lebenswerte Zukunft f\u00fcr uns und unsere Nachkommen.\u00a0<\/p>\n<p>[\/et_pb_text][\/et_pb_column][\/et_pb_row][\/et_pb_section][et_pb_section fb_built=&#8220;1&#8243; custom_padding_last_edited=&#8220;on|phone&#8220; admin_label=&#8220;Service Section&#8220; _builder_version=&#8220;4.27.2&#8243; custom_margin=&#8220;|||&#8220; custom_padding=&#8220;110px||110px|&#8220; custom_padding_tablet=&#8220;110px||110px|&#8220; custom_padding_phone=&#8220;0px||0px||true|false&#8220; global_colors_info=&#8220;{}&#8220;][et_pb_row column_structure=&#8220;1_3,1_3,1_3&#8243; make_equal=&#8220;on&#8220; admin_label=&#8220;Services&#8220; _builder_version=&#8220;4.16&#8243; background_size=&#8220;initial&#8220; background_position=&#8220;top_left&#8220; background_repeat=&#8220;repeat&#8220; custom_padding=&#8220;25px||25px|&#8220; global_colors_info=&#8220;{}&#8220;][et_pb_column type=&#8220;1_3&#8243; _builder_version=&#8220;4.16&#8243; custom_padding=&#8220;|||&#8220; global_colors_info=&#8220;{}&#8220; custom_padding__hover=&#8220;|||&#8220;][et_pb_blurb title=&#8220;Think global &#8211; act local&#8220; use_icon=&#8220;on&#8220; font_icon=&#8220;&#xf57d;||fa||900&#8243; icon_color=&#8220;#D2DA4D&#8220; image_icon_width=&#8220;60px&#8220; _builder_version=&#8220;4.25.1&#8243; header_font=&#8220;|600|||||||&#8220; header_text_color=&#8220;#00507E&#8220; header_font_size=&#8220;22px&#8220; header_line_height=&#8220;1.4em&#8220; body_font=&#8220;&#8211;et_global_body_font||||||||&#8220; body_text_color=&#8220;#747d88&#8243; body_font_size=&#8220;18px&#8220; body_line_height=&#8220;1.8em&#8220; background_size=&#8220;initial&#8220; background_position=&#8220;top_left&#8220; background_repeat=&#8220;repeat&#8220; text_orientation=&#8220;center&#8220; custom_padding=&#8220;30px|30px|30px|30px&#8220; animation_style=&#8220;zoom&#8220; border_width_all=&#8220;0px&#8220; border_color_all=&#8220;#dddddd&#8220; border_style_all=&#8220;solid&#8220; use_border_color=&#8220;on&#8220; border_color=&#8220;#dddddd&#8220; icon_font_size=&#8220;60px&#8220; global_colors_info=&#8220;{}&#8220;]<\/p>\n<p>Generell ist es unser Ziel, die Region zu st\u00e4rken, lokal zu agieren und zu unterst\u00fctzen. So arbeiten wir nach M\u00f6glichkeit mit regionalen Dienstleistern zusammen<\/p>\n<p>[\/et_pb_blurb][\/et_pb_column][et_pb_column type=&#8220;1_3&#8243; _builder_version=&#8220;4.16&#8243; custom_padding=&#8220;|||&#8220; global_colors_info=&#8220;{}&#8220; custom_padding__hover=&#8220;|||&#8220;][et_pb_blurb title=&#8220;Soziale Verantwortung&#8220; use_icon=&#8220;on&#8220; font_icon=&#8220;&#xe068;||fa||900&#8243; icon_color=&#8220;#D2DA4D&#8220; image_icon_width=&#8220;60px&#8220; _builder_version=&#8220;4.25.1&#8243; header_font=&#8220;|600|||||||&#8220; header_text_color=&#8220;#00507E&#8220; header_font_size=&#8220;22px&#8220; header_line_height=&#8220;1.4em&#8220; body_font=&#8220;&#8211;et_global_body_font||||||||&#8220; body_text_color=&#8220;#747d88&#8243; body_font_size=&#8220;18px&#8220; body_line_height=&#8220;1.8em&#8220; background_size=&#8220;initial&#8220; background_position=&#8220;top_left&#8220; background_repeat=&#8220;repeat&#8220; text_orientation=&#8220;center&#8220; custom_padding=&#8220;30px|30px|30px|30px&#8220; animation_style=&#8220;zoom&#8220; border_width_all=&#8220;0px&#8220; border_color_all=&#8220;#dddddd&#8220; border_style_all=&#8220;solid&#8220; use_border_color=&#8220;on&#8220; border_color=&#8220;#dddddd&#8220; icon_font_size=&#8220;60px&#8220; global_colors_info=&#8220;{}&#8220;]<\/p>\n<p><span>Wir f\u00f6rdern kontinuierlich im Landkreis ans\u00e4ssige Schulen, Vereine und Organisationen bei ihren Aktivit\u00e4ten in den Bereichen Soziales, Kultur, Bildung, \u00d6kologie und Sport.\u00a0 <\/span><\/p>\n<p>[\/et_pb_blurb][\/et_pb_column][et_pb_column type=&#8220;1_3&#8243; _builder_version=&#8220;4.16&#8243; custom_padding=&#8220;|||&#8220; global_colors_info=&#8220;{}&#8220; custom_padding__hover=&#8220;|||&#8220;][et_pb_blurb title=&#8220;\u00d6ko? Logisch!&#8220; use_icon=&#8220;on&#8220; font_icon=&#8220;&#xf06c;||fa||900&#8243; icon_color=&#8220;#D2DA4D&#8220; image_icon_width=&#8220;60px&#8220; _builder_version=&#8220;4.25.1&#8243; header_font=&#8220;|600|||||||&#8220; header_text_color=&#8220;#00507E&#8220; header_font_size=&#8220;22px&#8220; header_line_height=&#8220;1.4em&#8220; body_font=&#8220;&#8211;et_global_body_font||||||||&#8220; body_text_color=&#8220;#747d88&#8243; body_font_size=&#8220;18px&#8220; body_line_height=&#8220;1.8em&#8220; background_size=&#8220;initial&#8220; background_position=&#8220;top_left&#8220; background_repeat=&#8220;repeat&#8220; text_orientation=&#8220;center&#8220; custom_padding=&#8220;30px|30px|30px|30px&#8220; animation_style=&#8220;zoom&#8220; border_width_all=&#8220;0px&#8220; border_color_all=&#8220;#dddddd&#8220; border_style_all=&#8220;solid&#8220; use_border_color=&#8220;on&#8220; border_color=&#8220;#dddddd&#8220; icon_font_size=&#8220;60px&#8220; global_colors_info=&#8220;{}&#8220;]<\/p>\n<p><span>Der Schutz der Umwelt und der nachhaltige Umgang mit Ressourcen ist f\u00fcr uns unerl\u00e4sslich und ein wichtiger Aspekt unseres Denkens und Handelns. <\/span><\/p>\n<p>[\/et_pb_blurb][\/et_pb_column][\/et_pb_row][\/et_pb_section][et_pb_section fb_built=&#8220;1&#8243; custom_padding_last_edited=&#8220;on|phone&#8220; admin_label=&#8220;Latest Work Section&#8220; _builder_version=&#8220;4.27.2&#8243; background_color=&#8220;#00507E&#8220; custom_margin=&#8220;||||false|false&#8220; custom_padding=&#8220;110px||110px|&#8220; custom_padding_tablet=&#8220;110px||110px|&#8220; custom_padding_phone=&#8220;0px||1px||false|false&#8220; global_colors_info=&#8220;{}&#8220;][et_pb_row admin_label=&#8220;Service Section Title&#8220; _builder_version=&#8220;4.16&#8243; background_size=&#8220;initial&#8220; background_position=&#8220;top_left&#8220; background_repeat=&#8220;repeat&#8220; custom_margin=&#8220;||40px|&#8220; animation_style=&#8220;fade&#8220; animation_direction=&#8220;top&#8220; saved_tabs=&#8220;all&#8220; global_colors_info=&#8220;{}&#8220;][et_pb_column type=&#8220;4_4&#8243; _builder_version=&#8220;4.16&#8243; custom_padding=&#8220;|||&#8220; global_colors_info=&#8220;{}&#8220; custom_padding__hover=&#8220;|||&#8220;][et_pb_text admin_label=&#8220;Title&#8220; _builder_version=&#8220;4.27.2&#8243; text_font=&#8220;Montserrat||||||||&#8220; text_text_color=&#8220;#747d88&#8243; text_font_size=&#8220;16px&#8220; text_line_height=&#8220;1.9em&#8220; header_font=&#8220;||||||||&#8220; header_2_font=&#8220;|600||on|||||&#8220; header_2_text_color=&#8220;#D2DA4D&#8220; background_size=&#8220;initial&#8220; background_position=&#8220;top_left&#8220; background_repeat=&#8220;repeat&#8220; text_orientation=&#8220;center&#8220; global_colors_info=&#8220;{}&#8220;]<\/p>\n<h2>Standort\u00aderweite\u00adrung \u2013<br \/>high tech aber nachhaltig<\/h2>\n<p>[\/et_pb_text][et_pb_text admin_label=&#8220;Subtitle&#8220; _builder_version=&#8220;4.25.2&#8243; text_font=&#8220;&#8211;et_global_body_font||||||||&#8220; text_text_color=&#8220;#FFFFFF&#8220; header_font=&#8220;||||||||&#8220; background_size=&#8220;initial&#8220; background_position=&#8220;top_left&#8220; background_repeat=&#8220;repeat&#8220; text_orientation=&#8220;center&#8220; max_width=&#8220;900px&#8220; global_colors_info=&#8220;{}&#8220;]<\/p>\n<p>Das Thema Nachhaltigkeit spielte auch bei unserer Standorterweiterung in H\u00f6rlkofen eine tragende Rolle: Das neue Parkhaus mit Photovoltaikdach und einer Kapazit\u00e4t von 580 Stellpl\u00e4tzen, darunter 10 E-Ladepl\u00e4tzen ist fertig. Nach Vollausbau werden es sogar 60 E-Ladepl\u00e4tze.<\/p>\n<p>Regenabwasser wird zum Beispiel vom Standort selbst aufbereitet, im Regenr\u00fcckhaltebecken von allen Dachfl\u00e4chen gesammelt und hierbei sogar der 100-j\u00e4hrige Regen mit einkalkuliert, damit es keine \u00dcberflutungen gibt. Bei steigendem Wasserspiegel wird Wasser an das gro\u00dfz\u00fcgig angelegte Biotop neben dem GEWO Gel\u00e4nde weitergeleitet, um eine kontrollierte Ableitung an die nahegelegene Natur zu gew\u00e4hrleisten.<\/p>\n<p>Neben der Fassadenbegr\u00fcnung werden alle D\u00e4cher mit extensiver Begr\u00fcnung angelegt und mit Photovoltaikanlagen best\u00fcckt. Somit erzeugen wir Strom und decken unsere Spitzenverbr\u00e4uche selbst ab.<\/p>\n<p>Wir haben ein eigenes Blockheizkraftwerk, eine Abwasseraufbereitungsanlage und setzen auf Energieumwandlung und W\u00e4rmer\u00fcckgewinnung.<\/p>\n<p>[\/et_pb_text][\/et_pb_column][\/et_pb_row][et_pb_row column_structure=&#8220;1_3,1_3,1_3&#8243; _builder_version=&#8220;4.25.2&#8243; background_enable_image=&#8220;off&#8220; background_size=&#8220;initial&#8220; background_position=&#8220;top_left&#8220; background_repeat=&#8220;repeat&#8220; global_colors_info=&#8220;{}&#8220;][et_pb_column type=&#8220;1_3&#8243; _builder_version=&#8220;4.25.2&#8243; background_enable_image=&#8220;off&#8220; custom_padding=&#8220;|||&#8220; global_colors_info=&#8220;{}&#8220; custom_padding__hover=&#8220;|||&#8220;][et_pb_image src=&#8220;https:\/\/relaunch.gewo.net\/wp-content\/uploads\/Blumenwiese.jpg&#8220; title_text=&#8220;Blumenwiese&#8220; show_in_lightbox=&#8220;on&#8220; use_overlay=&#8220;on&#8220; overlay_icon_color=&#8220;#FFFFFF&#8220; hover_overlay_color=&#8220;#00507E&#8220; hover_icon=&#8220;&#x24;||divi||400&#8243; align_tablet=&#8220;center&#8220; align_phone=&#8220;center&#8220; align_last_edited=&#8220;on|desktop&#8220; _builder_version=&#8220;4.26.0&#8243; animation_style=&#8220;zoom&#8220; animation_intensity_zoom=&#8220;20%&#8220; global_colors_info=&#8220;{}&#8220;][\/et_pb_image][\/et_pb_column][et_pb_column type=&#8220;1_3&#8243; _builder_version=&#8220;4.25.2&#8243; background_image=&#8220;https:\/\/relaunch.gewo.net\/wp-content\/uploads\/IMG_3405-scaled.jpeg&#8220; custom_padding=&#8220;|||&#8220; global_colors_info=&#8220;{}&#8220; custom_padding__hover=&#8220;|||&#8220;][et_pb_image src=&#8220;https:\/\/relaunch.gewo.net\/wp-content\/uploads\/Nachhaltigkeit_01.jpg&#8220; title_text=&#8220;Nachhaltigkeit_01&#8243; show_in_lightbox=&#8220;on&#8220; use_overlay=&#8220;on&#8220; overlay_icon_color=&#8220;#FFFFFF&#8220; hover_overlay_color=&#8220;#00507E&#8220; hover_icon=&#8220;&#x24;||divi||400&#8243; align_tablet=&#8220;center&#8220; align_phone=&#8220;center&#8220; align_last_edited=&#8220;on|desktop&#8220; _builder_version=&#8220;4.26.0&#8243; animation_style=&#8220;zoom&#8220; animation_intensity_zoom=&#8220;20%&#8220; locked=&#8220;off&#8220; global_colors_info=&#8220;{}&#8220;][\/et_pb_image][\/et_pb_column][et_pb_column type=&#8220;1_3&#8243; _builder_version=&#8220;4.16&#8243; custom_padding=&#8220;|||&#8220; global_colors_info=&#8220;{}&#8220; custom_padding__hover=&#8220;|||&#8220;][et_pb_image src=&#8220;https:\/\/relaunch.gewo.net\/wp-content\/uploads\/Nachhaltigkeit_02.jpg&#8220; title_text=&#8220;Nachhaltigkeit_02&#8243; show_in_lightbox=&#8220;on&#8220; use_overlay=&#8220;on&#8220; overlay_icon_color=&#8220;#FFFFFF&#8220; hover_overlay_color=&#8220;#00507E&#8220; hover_icon=&#8220;&#x24;||divi||400&#8243; align_tablet=&#8220;center&#8220; align_phone=&#8220;center&#8220; align_last_edited=&#8220;on|desktop&#8220; _builder_version=&#8220;4.26.0&#8243; animation_style=&#8220;zoom&#8220; animation_intensity_zoom=&#8220;20%&#8220; locked=&#8220;off&#8220; global_colors_info=&#8220;{}&#8220;][\/et_pb_image][\/et_pb_column][\/et_pb_row][et_pb_row admin_label=&#8220;Service Section Title&#8220; _builder_version=&#8220;4.16&#8243; background_size=&#8220;initial&#8220; background_position=&#8220;top_left&#8220; background_repeat=&#8220;repeat&#8220; custom_margin=&#8220;||40px|&#8220; animation_style=&#8220;fade&#8220; animation_direction=&#8220;top&#8220; saved_tabs=&#8220;all&#8220; global_colors_info=&#8220;{}&#8220;][et_pb_column type=&#8220;4_4&#8243; _builder_version=&#8220;4.16&#8243; custom_padding=&#8220;|||&#8220; global_colors_info=&#8220;{}&#8220; custom_padding__hover=&#8220;|||&#8220;][et_pb_text admin_label=&#8220;Subtitle&#8220; _builder_version=&#8220;4.25.1&#8243; text_font=&#8220;|&#8211;et_global_body_font_weight|||||||&#8220; text_text_color=&#8220;#FFFFFF&#8220; header_font=&#8220;||||||||&#8220; background_size=&#8220;initial&#8220; background_position=&#8220;top_left&#8220; background_repeat=&#8220;repeat&#8220; text_orientation=&#8220;center&#8220; max_width=&#8220;900px&#8220; global_colors_info=&#8220;{}&#8220;]<\/p>\n<p><span>Wir denken an morgen und an die n\u00e4chste Generation. Denn Zukunft geht uns alle an.<\/span><\/p>\n<p>[\/et_pb_text][\/et_pb_column][\/et_pb_row][\/et_pb_section]<\/p>\n","protected":false},"excerpt":{"rendered":"<p>Verantwor\u00adtung &amp; Nach\u00adhaltigkeitWir nehmen unsere soziale und unternehmerische Verantwortung sehr ernst. Aus Tradition nimmt das Bestreben nach einer kontinuierlich verantwortungsvollen Entwicklung bei uns im Unternehmen eine Schl\u00fcsselrolle ein. Wir sind [&hellip;]<\/p>\n","protected":false},"author":2,"featured_media":0,"parent":0,"menu_order":0,"comment_status":"closed","ping_status":"closed","template":"","meta":{"_et_pb_use_builder":"on","_et_pb_old_content":"","_et_gb_content_width":"","footnotes":""},"class_list":["post-25980135","page","type-page","status-publish","hentry"],"_links":{"self":[{"href":"https:\/\/www.gewo.net\/en\/wp-json\/wp\/v2\/pages\/25980135","targetHints":{"allow":["GET"]}}],"collection":[{"href":"https:\/\/www.gewo.net\/en\/wp-json\/wp\/v2\/pages"}],"about":[{"href":"https:\/\/www.gewo.net\/en\/wp-json\/wp\/v2\/types\/page"}],"author":[{"embeddable":true,"href":"https:\/\/www.gewo.net\/en\/wp-json\/wp\/v2\/users\/2"}],"replies":[{"embeddable":true,"href":"https:\/\/www.gewo.net\/en\/wp-json\/wp\/v2\/comments?post=25980135"}],"version-history":[{"count":27,"href":"https:\/\/www.gewo.net\/en\/wp-json\/wp\/v2\/pages\/25980135\/revisions"}],"predecessor-version":[{"id":25981756,"href":"https:\/\/www.gewo.net\/en\/wp-json\/wp\/v2\/pages\/25980135\/revisions\/25981756"}],"wp:attachment":[{"href":"https:\/\/www.gewo.net\/en\/wp-json\/wp\/v2\/media?parent=25980135"}],"curies":[{"name":"wp","href":"https:\/\/api.w.org\/{rel}","templated":true}]}}