{"id":25980125,"date":"2024-05-16T12:41:25","date_gmt":"2024-05-16T10:41:25","guid":{"rendered":"https:\/\/relaunch.gewo.net\/?page_id=25980125"},"modified":"2026-04-30T12:40:09","modified_gmt":"2026-04-30T10:40:09","slug":"laserbeschriften","status":"publish","type":"page","link":"https:\/\/www.gewo.net\/en\/laserbeschriften\/","title":{"rendered":"Laser labeling"},"content":{"rendered":"<p>[et_pb_section fb_built=&#8220;1&#8243; disabled_on=&#8220;off|off|off&#8220; admin_label=&#8220;Header Section&#8220; _builder_version=&#8220;4.27.2&#8243; use_background_color_gradient=&#8220;on&#8220; background_color_gradient_stops=&#8220;rgba(0,80,126,0.68) 0%|gcid-457b203d-72c9-4518-9b5d-4c05cc9d4390 100%&#8220; background_color_gradient_overlays_image=&#8220;on&#8220; background_color_gradient_start=&#8220;rgba(20,61,88,0.65)&#8220; background_color_gradient_end=&#8220;#143d58&#8243; background_enable_image=&#8220;off&#8220; background_position=&#8220;top_center&#8220; background_vertical_offset=&#8220;23%&#8220; custom_margin=&#8220;|||&#8220; custom_padding=&#8220;||||false|false&#8220; bottom_divider_color=&#8220;rgba(5,41,66,0.3)&#8220; bottom_divider_height=&#8220;20vw&#8220; animation_style=&#8220;slide&#8220; animation_direction=&#8220;top&#8220; animation_intensity_slide=&#8220;3%&#8220; animation_starting_opacity=&#8220;100%&#8220; global_colors_info=&#8220;{%22gcid-457b203d-72c9-4518-9b5d-4c05cc9d4390%22:%91%22background_color_gradient_stops%22%93}&#8220;][et_pb_row disabled_on=&#8220;off|off|off&#8220; module_class=&#8220; et_pb_row_fullwidth&#8220; _builder_version=&#8220;4.27.2&#8243; width=&#8220;89%&#8220; width_tablet=&#8220;80%&#8220; width_phone=&#8220;80%&#8220; width_last_edited=&#8220;on|desktop&#8220; max_width=&#8220;89%&#8220; max_width_tablet=&#8220;80%&#8220; max_width_phone=&#8220;80%&#8220; max_width_last_edited=&#8220;on|desktop&#8220; custom_padding=&#8220;0px||0px||true|false&#8220; make_fullwidth=&#8220;on&#8220; global_colors_info=&#8220;{}&#8220;][et_pb_column type=&#8220;4_4&#8243; _builder_version=&#8220;4.16&#8243; custom_padding=&#8220;|||&#8220; global_colors_info=&#8220;{}&#8220; custom_padding__hover=&#8220;|||&#8220;][et_pb_text disabled_on=&#8220;off|off|off&#8220; _builder_version=&#8220;4.27.2&#8243; text_font=&#8220;Montserrat||||||||&#8220; text_font_size=&#8220;22px&#8220; header_font=&#8220;|600||on|||||&#8220; header_text_align=&#8220;center&#8220; header_font_size=&#8220;4vw&#8220; background_layout=&#8220;dark&#8220; max_width=&#8220;1300px&#8220; max_width_tablet=&#8220;1300px&#8220; max_width_phone=&#8220;1300px&#8220; max_width_last_edited=&#8220;on|desktop&#8220; header_font_size_phone=&#8220;36px&#8220; header_line_height_tablet=&#8220;1.1em&#8220; header_line_height_phone=&#8220;1.2em&#8220; header_line_height_last_edited=&#8220;off|desktop&#8220; global_colors_info=&#8220;{}&#8220;]<\/p>\n<h1>Laser\u00adbe\u00adschriften<\/h1>\n<p>[\/et_pb_text][\/et_pb_column][\/et_pb_row][\/et_pb_section][et_pb_section fb_built=&#8220;1&#8243; admin_label=&#8220;Hero&#8220; _builder_version=&#8220;4.16&#8243; custom_padding=&#8220;0px|0px|0px|0px&#8220; animation_style=&#8220;zoom&#8220; animation_intensity_zoom=&#8220;4%&#8220; global_colors_info=&#8220;{}&#8220;][et_pb_row use_custom_gutter=&#8220;on&#8220; gutter_width=&#8220;1&#8243; make_equal=&#8220;on&#8220; module_class=&#8220; et_pb_row_fullwidth&#8220; _builder_version=&#8220;4.27.2&#8243; background_enable_color=&#8220;off&#8220; background_image=&#8220;https:\/\/relaunch.gewo.net\/wp-content\/uploads\/Lasergravur_heller.jpg&#8220; background_repeat=&#8220;repeat&#8220; width=&#8220;100%&#8220; width_tablet=&#8220;100%&#8220; width_phone=&#8220;100%&#8220; width_last_edited=&#8220;on|desktop&#8220; max_width=&#8220;100%&#8220; max_width_tablet=&#8220;100%&#8220; max_width_phone=&#8220;100%&#8220; max_width_last_edited=&#8220;on|desktop&#8220; height=&#8220;800px&#8220; height_tablet=&#8220;500px&#8220; height_phone=&#8220;200px&#8220; height_last_edited=&#8220;on|phone&#8220; custom_padding=&#8220;0px||0px|&#8220; animation_style=&#8220;slide&#8220; animation_direction=&#8220;top&#8220; animation_intensity_slide=&#8220;3%&#8220; make_fullwidth=&#8220;on&#8220; global_colors_info=&#8220;{}&#8220;][et_pb_column type=&#8220;4_4&#8243; _builder_version=&#8220;4.16&#8243; custom_padding=&#8220;10%|8%|10%|8%&#8220; global_colors_info=&#8220;{}&#8220; custom_padding__hover=&#8220;|||&#8220;][\/et_pb_column][\/et_pb_row][\/et_pb_section][et_pb_section fb_built=&#8220;1&#8243; custom_padding_last_edited=&#8220;on|phone&#8220; admin_label=&#8220;Service Section&#8220; _builder_version=&#8220;4.27.2&#8243; custom_margin=&#8220;|||&#8220; custom_padding=&#8220;110px||110px|&#8220; custom_padding_tablet=&#8220;110px||110px|&#8220; custom_padding_phone=&#8220;0px||0px||true|false&#8220; global_colors_info=&#8220;{}&#8220;][et_pb_row admin_label=&#8220;Quote&#8220; _builder_version=&#8220;4.16&#8243; background_size=&#8220;initial&#8220; background_position=&#8220;top_left&#8220; background_repeat=&#8220;repeat&#8220; global_colors_info=&#8220;{}&#8220;][et_pb_column type=&#8220;4_4&#8243; _builder_version=&#8220;4.16&#8243; custom_padding=&#8220;|||&#8220; global_colors_info=&#8220;{}&#8220; custom_padding__hover=&#8220;|||&#8220;][et_pb_text admin_label=&#8220;Quote&#8220; _builder_version=&#8220;4.25.1&#8243; text_font=&#8220;&#8211;et_global_body_font||||||||&#8220; text_text_color=&#8220;#747d88&#8243; background_size=&#8220;initial&#8220; background_position=&#8220;top_left&#8220; background_repeat=&#8220;repeat&#8220; max_width=&#8220;1000px&#8220; animation_style=&#8220;flip&#8220; animation_direction=&#8220;top&#8220; animation_intensity_flip=&#8220;20%&#8220; global_colors_info=&#8220;{}&#8220;]<\/p>\n<p>Unsere jahrzehntelange Expertise und ein Maschinenpark von mehreren Laserbearbeitungsanlagen in h\u00f6chster Industriequalit\u00e4t machen uns zum perfekten Partner in puncto Laserbeschriften und Lasergravur.<\/p>\n<p>[\/et_pb_text][\/et_pb_column][\/et_pb_row][\/et_pb_section][et_pb_section fb_built=&#8220;1&#8243; custom_padding_last_edited=&#8220;on|phone&#8220; admin_label=&#8220;Service Section&#8220; _builder_version=&#8220;4.27.2&#8243; background_color=&#8220;#00507E&#8220; custom_margin=&#8220;|||&#8220; custom_padding=&#8220;110px||110px|&#8220; custom_padding_tablet=&#8220;110px||110px|&#8220; custom_padding_phone=&#8220;0px||0px||true|false&#8220; global_colors_info=&#8220;{}&#8220;][et_pb_row column_structure=&#8220;1_3,1_3,1_3&#8243; make_equal=&#8220;on&#8220; admin_label=&#8220;Services&#8220; _builder_version=&#8220;4.16&#8243; background_size=&#8220;initial&#8220; background_position=&#8220;top_left&#8220; background_repeat=&#8220;repeat&#8220; custom_padding=&#8220;25px||25px|&#8220; global_colors_info=&#8220;{}&#8220;][et_pb_column type=&#8220;1_3&#8243; _builder_version=&#8220;4.16&#8243; custom_padding=&#8220;|||&#8220; global_colors_info=&#8220;{}&#8220; custom_padding__hover=&#8220;|||&#8220;][et_pb_blurb title=&#8220;Bearbeitungsspektrum&#8220; use_icon=&#8220;on&#8220; font_icon=&#8220;&#xf57d;||fa||900&#8243; icon_color=&#8220;#D2DA4D&#8220; image_icon_width=&#8220;60px&#8220; _builder_version=&#8220;4.25.2&#8243; header_font=&#8220;|600|||||||&#8220; header_text_color=&#8220;#D2DA4D&#8220; header_font_size=&#8220;22px&#8220; header_line_height=&#8220;1.4em&#8220; body_font=&#8220;&#8211;et_global_body_font||||||||&#8220; body_text_color=&#8220;#FFFFFF&#8220; body_font_size=&#8220;18px&#8220; body_line_height=&#8220;1.8em&#8220; background_size=&#8220;initial&#8220; background_position=&#8220;top_left&#8220; background_repeat=&#8220;repeat&#8220; text_orientation=&#8220;center&#8220; custom_padding=&#8220;30px|30px|30px|30px&#8220; animation_style=&#8220;zoom&#8220; border_width_all=&#8220;0px&#8220; border_color_all=&#8220;#dddddd&#8220; border_style_all=&#8220;solid&#8220; use_border_color=&#8220;on&#8220; border_color=&#8220;#dddddd&#8220; icon_font_size=&#8220;60px&#8220; global_colors_info=&#8220;{}&#8220;]<\/p>\n<p>Generell ist es unser Ziel, die Region zu st\u00e4rken, lokal zu agieren und zu unterst\u00fctzen. So arbeiten wir nach M\u00f6glichkeit mit regionalen Dienstleistern zusammen<\/p>\n<p>[\/et_pb_blurb][\/et_pb_column][et_pb_column type=&#8220;1_3&#8243; _builder_version=&#8220;4.16&#8243; custom_padding=&#8220;|||&#8220; global_colors_info=&#8220;{}&#8220; custom_padding__hover=&#8220;|||&#8220;][et_pb_blurb title=&#8220;Unser Portfolio&#8220; use_icon=&#8220;on&#8220; font_icon=&#8220;&#xe068;||fa||900&#8243; icon_color=&#8220;#D2DA4D&#8220; image_icon_width=&#8220;60px&#8220; _builder_version=&#8220;4.25.1&#8243; header_font=&#8220;|600|||||||&#8220; header_text_color=&#8220;#D2DA4D&#8220; header_font_size=&#8220;22px&#8220; header_line_height=&#8220;1.4em&#8220; body_font=&#8220;&#8211;et_global_body_font||||||||&#8220; body_text_color=&#8220;#FFFFFF&#8220; body_font_size=&#8220;18px&#8220; body_line_height=&#8220;1.8em&#8220; background_size=&#8220;initial&#8220; background_position=&#8220;top_left&#8220; background_repeat=&#8220;repeat&#8220; text_orientation=&#8220;center&#8220; custom_padding=&#8220;30px|30px|30px|30px&#8220; animation_style=&#8220;zoom&#8220; border_width_all=&#8220;0px&#8220; border_color_all=&#8220;#dddddd&#8220; border_style_all=&#8220;solid&#8220; use_border_color=&#8220;on&#8220; border_color=&#8220;#dddddd&#8220; icon_font_size=&#8220;60px&#8220; global_colors_info=&#8220;{}&#8220;]<\/p>\n<p>Anlassbeschriften (Farbumschlagverfahren) optimal f\u00fcr h\u00f6chste Anforderungen im Reinraum<\/p>\n<p>Tiefengravieren f\u00fcr robuste und widerstandsf\u00e4hige Beschriftungen <\/p>\n<p>[\/et_pb_blurb][\/et_pb_column][et_pb_column type=&#8220;1_3&#8243; _builder_version=&#8220;4.16&#8243; custom_padding=&#8220;|||&#8220; global_colors_info=&#8220;{}&#8220; custom_padding__hover=&#8220;|||&#8220;][et_pb_blurb title=&#8220;Qualit\u00e4tsfaktor&#8220; use_icon=&#8220;on&#8220; font_icon=&#8220;&#xf06c;||fa||900&#8243; icon_color=&#8220;#D2DA4D&#8220; image_icon_width=&#8220;60px&#8220; _builder_version=&#8220;4.25.1&#8243; header_font=&#8220;|600|||||||&#8220; header_text_color=&#8220;#D2DA4D&#8220; header_font_size=&#8220;22px&#8220; header_line_height=&#8220;1.4em&#8220; body_font=&#8220;&#8211;et_global_body_font||||||||&#8220; body_text_color=&#8220;#FFFFFF&#8220; body_font_size=&#8220;18px&#8220; body_line_height=&#8220;1.8em&#8220; background_size=&#8220;initial&#8220; background_position=&#8220;top_left&#8220; background_repeat=&#8220;repeat&#8220; text_orientation=&#8220;center&#8220; custom_padding=&#8220;30px|30px|30px|30px&#8220; animation_style=&#8220;zoom&#8220; border_width_all=&#8220;0px&#8220; border_color_all=&#8220;#dddddd&#8220; border_style_all=&#8220;solid&#8220; use_border_color=&#8220;on&#8220; border_color=&#8220;#dddddd&#8220; icon_font_size=&#8220;60px&#8220; global_colors_info=&#8220;{}&#8220;]<\/p>\n<p><span>Der Schutz der Umwelt und der nachhaltige Umgang mit Ressourcen ist f\u00fcr uns unerl\u00e4sslich und ein wichtiger Aspekt unseres Denkens und Handelns. <\/span><\/p>\n<p>[\/et_pb_blurb][\/et_pb_column][\/et_pb_row][\/et_pb_section][et_pb_section fb_built=&#8220;1&#8243; _builder_version=&#8220;4.25.2&#8243; _module_preset=&#8220;default&#8220; global_colors_info=&#8220;{}&#8220;][et_pb_row _builder_version=&#8220;4.25.2&#8243; _module_preset=&#8220;default&#8220; global_colors_info=&#8220;{}&#8220;][et_pb_column type=&#8220;4_4&#8243; _builder_version=&#8220;4.25.2&#8243; _module_preset=&#8220;default&#8220; global_colors_info=&#8220;{}&#8220;][et_pb_video src=&#8220;https:\/\/relaunch.gewo.net\/wp-content\/uploads\/Video_Lasern.mp4&#8243; _builder_version=&#8220;4.27.2&#8243; _module_preset=&#8220;default&#8220; global_colors_info=&#8220;{}&#8220;][\/et_pb_video][\/et_pb_column][\/et_pb_row][\/et_pb_section][et_pb_section fb_built=&#8220;1&#8243; custom_padding_last_edited=&#8220;on|phone&#8220; admin_label=&#8220;Latest Work Section&#8220; _builder_version=&#8220;4.27.2&#8243; background_color=&#8220;#00507E&#8220; custom_padding=&#8220;110px||110px|&#8220; custom_padding_tablet=&#8220;110px||110px|&#8220; custom_padding_phone=&#8220;1px||1px||true|false&#8220; global_colors_info=&#8220;{}&#8220;][et_pb_row admin_label=&#8220;Service Section Title&#8220; _builder_version=&#8220;4.16&#8243; background_size=&#8220;initial&#8220; background_position=&#8220;top_left&#8220; background_repeat=&#8220;repeat&#8220; custom_margin=&#8220;||40px|&#8220; animation_style=&#8220;fade&#8220; animation_direction=&#8220;top&#8220; saved_tabs=&#8220;all&#8220; global_colors_info=&#8220;{}&#8220;][et_pb_column type=&#8220;4_4&#8243; _builder_version=&#8220;4.16&#8243; custom_padding=&#8220;|||&#8220; global_colors_info=&#8220;{}&#8220; custom_padding__hover=&#8220;|||&#8220;][et_pb_text admin_label=&#8220;Title&#8220; _builder_version=&#8220;4.27.6&#8243; text_font=&#8220;Montserrat||||||||&#8220; text_text_color=&#8220;#747d88&#8243; text_font_size=&#8220;16px&#8220; text_line_height=&#8220;1.9em&#8220; header_font=&#8220;||||||||&#8220; header_2_font=&#8220;|600||on|||||&#8220; header_2_text_color=&#8220;#D2DA4D&#8220; background_size=&#8220;initial&#8220; background_position=&#8220;top_left&#8220; background_repeat=&#8220;repeat&#8220; text_orientation=&#8220;center&#8220; max_width=&#8220;800px&#8220; hover_enabled=&#8220;0&#8243; global_colors_info=&#8220;{}&#8220; sticky_enabled=&#8220;0&#8243;]<\/p>\n<h2>Qualit\u00e4ts\u00adfaktor \u2013<br \/>Absolute Nach\u00adver\u00adfolg\u00adbarkeit<\/h2>\n<p>[\/et_pb_text][et_pb_text admin_label=&#8220;Subtitle&#8220; _builder_version=&#8220;4.26.0&#8243; text_font=&#8220;&#8211;et_global_body_font||||||||&#8220; text_text_color=&#8220;#FFFFFF&#8220; header_font=&#8220;||||||||&#8220; background_size=&#8220;initial&#8220; background_position=&#8220;top_left&#8220; background_repeat=&#8220;repeat&#8220; text_orientation=&#8220;center&#8220; max_width=&#8220;900px&#8220; global_colors_info=&#8220;{}&#8220;]<\/p>\n<p>F\u00fcr unsere Kunden ist es essenziell Bauteile vom Rohmaterial bis zur Endbaugruppe nachverfolgen zu k\u00f6nnen. Durch das Beschriften bekommt jedes Bauteil eine einmalige Seriennummer. Somit wissen wir im Detail, wann welches Bauteil aus welcher Materialcharge und auf welcher Maschine gefertigt wurde und k\u00f6nnen die Messergebnisse in der Qualit\u00e4tssicherung exakt dem Bauteil zuordnen.<\/p>\n<p>Unsere Anlagen k\u00f6nnen neben Klarschrift auch Datamatrix Codes lasern. Diese automatisieren die Nachverfolgbarkeit und Auswertung sowohl in unserem Hause und beim Kunden, da Scanner die Bauteile erkennen und zuordnen.<\/p>\n<p>Zus\u00e4tzlich bieten wir eine optische Teileerkennung und Dynamic Focus Control.<\/p>\n<p>[\/et_pb_text][\/et_pb_column][\/et_pb_row][\/et_pb_section]<\/p>\n","protected":false},"excerpt":{"rendered":"<p>Laser\u00adbe\u00adschriftenUnsere jahrzehntelange Expertise und ein Maschinenpark von mehreren Laserbearbeitungsanlagen in h\u00f6chster Industriequalit\u00e4t machen uns zum perfekten Partner in puncto Laserbeschriften und Lasergravur.Generell ist es unser Ziel, die Region zu st\u00e4rken, [&hellip;]<\/p>\n","protected":false},"author":2,"featured_media":0,"parent":0,"menu_order":0,"comment_status":"closed","ping_status":"closed","template":"","meta":{"_et_pb_use_builder":"on","_et_pb_old_content":"","_et_gb_content_width":"","footnotes":""},"class_list":["post-25980125","page","type-page","status-publish","hentry"],"yoast_head":"<!-- This site is optimized with the Yoast SEO plugin v27.5 - https:\/\/yoast.com\/product\/yoast-seo-wordpress\/ -->\n<title>Laserbeschriften | GEWO Feinmechanik GmbH &amp; Co. KG<\/title>\n<meta name=\"robots\" content=\"index, follow, max-snippet:-1, max-image-preview:large, max-video-preview:-1\" \/>\n<link rel=\"canonical\" href=\"https:\/\/www.gewo.net\/en\/laserbeschriften\/\" \/>\n<meta property=\"og:locale\" content=\"en_GB\" \/>\n<meta property=\"og:type\" content=\"article\" \/>\n<meta property=\"og:title\" content=\"Laserbeschriften | GEWO Feinmechanik GmbH &amp; Co. KG\" \/>\n<meta property=\"og:description\" content=\"Laser\u00adbe\u00adschriftenUnsere jahrzehntelange Expertise und ein Maschinenpark von mehreren Laserbearbeitungsanlagen in h\u00f6chster Industriequalit\u00e4t machen uns zum perfekten Partner in puncto Laserbeschriften und Lasergravur.Generell ist es unser Ziel, die Region zu st\u00e4rken, [&hellip;]\" \/>\n<meta property=\"og:url\" content=\"https:\/\/www.gewo.net\/en\/laserbeschriften\/\" \/>\n<meta property=\"og:site_name\" content=\"GEWO Feinmechanik GmbH &amp; Co. KG\" \/>\n<meta property=\"article:publisher\" content=\"https:\/\/www.facebook.com\/GEWO.Feinmechanik\" \/>\n<meta property=\"article:modified_time\" content=\"2026-04-30T10:40:09+00:00\" \/>\n<meta name=\"twitter:card\" content=\"summary_large_image\" \/>\n<meta name=\"twitter:label1\" content=\"Estimated reading time\" \/>\n\t<meta name=\"twitter:data1\" content=\"7 minutes\" \/>\n<script type=\"application\/ld+json\" class=\"yoast-schema-graph\">{\"@context\":\"https:\\\/\\\/schema.org\",\"@graph\":[{\"@type\":\"WebPage\",\"@id\":\"https:\\\/\\\/www.gewo.net\\\/laserbeschriften\\\/\",\"url\":\"https:\\\/\\\/www.gewo.net\\\/laserbeschriften\\\/\",\"name\":\"Laserbeschriften | GEWO Feinmechanik GmbH &amp; Co. KG\",\"isPartOf\":{\"@id\":\"https:\\\/\\\/www.gewo.net\\\/#website\"},\"datePublished\":\"2024-05-16T10:41:25+00:00\",\"dateModified\":\"2026-04-30T10:40:09+00:00\",\"breadcrumb\":{\"@id\":\"https:\\\/\\\/www.gewo.net\\\/laserbeschriften\\\/#breadcrumb\"},\"inLanguage\":\"en-GB\",\"potentialAction\":[{\"@type\":\"ReadAction\",\"target\":[\"https:\\\/\\\/www.gewo.net\\\/laserbeschriften\\\/\"]}]},{\"@type\":\"BreadcrumbList\",\"@id\":\"https:\\\/\\\/www.gewo.net\\\/laserbeschriften\\\/#breadcrumb\",\"itemListElement\":[{\"@type\":\"ListItem\",\"position\":1,\"name\":\"Start\",\"item\":\"https:\\\/\\\/www.gewo.net\\\/\"},{\"@type\":\"ListItem\",\"position\":2,\"name\":\"Laserbeschriften\"}]},{\"@type\":\"WebSite\",\"@id\":\"https:\\\/\\\/www.gewo.net\\\/#website\",\"url\":\"https:\\\/\\\/www.gewo.net\\\/\",\"name\":\"GEWO Feinmechanik GmbH & Co. KG\",\"description\":\"We create innovation \u2013 together for a better future\",\"publisher\":{\"@id\":\"https:\\\/\\\/www.gewo.net\\\/#organization\"},\"alternateName\":\"GEWO Feinmechanik\",\"potentialAction\":[{\"@type\":\"SearchAction\",\"target\":{\"@type\":\"EntryPoint\",\"urlTemplate\":\"https:\\\/\\\/www.gewo.net\\\/?s={search_term_string}\"},\"query-input\":{\"@type\":\"PropertyValueSpecification\",\"valueRequired\":true,\"valueName\":\"search_term_string\"}}],\"inLanguage\":\"en-GB\"},{\"@type\":\"Organization\",\"@id\":\"https:\\\/\\\/www.gewo.net\\\/#organization\",\"name\":\"GEWO Feinmechanik GmbH & Co. KG\",\"alternateName\":\"GEWO Feinmechanik\",\"url\":\"https:\\\/\\\/www.gewo.net\\\/\",\"logo\":{\"@type\":\"ImageObject\",\"inLanguage\":\"en-GB\",\"@id\":\"https:\\\/\\\/www.gewo.net\\\/#\\\/schema\\\/logo\\\/image\\\/\",\"url\":\"https:\\\/\\\/www.gewo.net\\\/wp-content\\\/uploads\\\/GEWO-Logo_1530-px.png\",\"contentUrl\":\"https:\\\/\\\/www.gewo.net\\\/wp-content\\\/uploads\\\/GEWO-Logo_1530-px.png\",\"width\":1530,\"height\":603,\"caption\":\"GEWO Feinmechanik GmbH & Co. KG\"},\"image\":{\"@id\":\"https:\\\/\\\/www.gewo.net\\\/#\\\/schema\\\/logo\\\/image\\\/\"},\"sameAs\":[\"https:\\\/\\\/www.facebook.com\\\/GEWO.Feinmechanik\",\"https:\\\/\\\/www.instagram.com\\\/gewofeinmechanik\",\"https:\\\/\\\/de.linkedin.com\\\/company\\\/gewo-feinmechanik-gmbh\",\"https:\\\/\\\/www.xing.com\\\/pages\\\/gewo-feinmechanik-gmbh\",\"https:\\\/\\\/www.youtube.com\\\/user\\\/GEWOFeinmechanik\"]}]}<\/script>\n<!-- \/ Yoast SEO plugin. -->","yoast_head_json":{"title":"Laserbeschriften | GEWO Feinmechanik GmbH &amp; Co. KG","robots":{"index":"index","follow":"follow","max-snippet":"max-snippet:-1","max-image-preview":"max-image-preview:large","max-video-preview":"max-video-preview:-1"},"canonical":"https:\/\/www.gewo.net\/en\/laserbeschriften\/","og_locale":"en_GB","og_type":"article","og_title":"Laserbeschriften | GEWO Feinmechanik GmbH &amp; Co. KG","og_description":"Laser\u00adbe\u00adschriftenUnsere jahrzehntelange Expertise und ein Maschinenpark von mehreren Laserbearbeitungsanlagen in h\u00f6chster Industriequalit\u00e4t machen uns zum perfekten Partner in puncto Laserbeschriften und Lasergravur.Generell ist es unser Ziel, die Region zu st\u00e4rken, [&hellip;]","og_url":"https:\/\/www.gewo.net\/en\/laserbeschriften\/","og_site_name":"GEWO Feinmechanik GmbH &amp; Co. KG","article_publisher":"https:\/\/www.facebook.com\/GEWO.Feinmechanik","article_modified_time":"2026-04-30T10:40:09+00:00","twitter_card":"summary_large_image","twitter_misc":{"Estimated reading time":"7 minutes"},"schema":{"@context":"https:\/\/schema.org","@graph":[{"@type":"WebPage","@id":"https:\/\/www.gewo.net\/laserbeschriften\/","url":"https:\/\/www.gewo.net\/laserbeschriften\/","name":"Laserbeschriften | GEWO Feinmechanik GmbH &amp; Co. KG","isPartOf":{"@id":"https:\/\/www.gewo.net\/#website"},"datePublished":"2024-05-16T10:41:25+00:00","dateModified":"2026-04-30T10:40:09+00:00","breadcrumb":{"@id":"https:\/\/www.gewo.net\/laserbeschriften\/#breadcrumb"},"inLanguage":"en-GB","potentialAction":[{"@type":"ReadAction","target":["https:\/\/www.gewo.net\/laserbeschriften\/"]}]},{"@type":"BreadcrumbList","@id":"https:\/\/www.gewo.net\/laserbeschriften\/#breadcrumb","itemListElement":[{"@type":"ListItem","position":1,"name":"Start","item":"https:\/\/www.gewo.net\/"},{"@type":"ListItem","position":2,"name":"Laserbeschriften"}]},{"@type":"WebSite","@id":"https:\/\/www.gewo.net\/#website","url":"https:\/\/www.gewo.net\/","name":"GEWO Feinmechanik GmbH & Co. KG","description":"We create innovation \u2013 together for a better future","publisher":{"@id":"https:\/\/www.gewo.net\/#organization"},"alternateName":"GEWO Feinmechanik","potentialAction":[{"@type":"SearchAction","target":{"@type":"EntryPoint","urlTemplate":"https:\/\/www.gewo.net\/?s={search_term_string}"},"query-input":{"@type":"PropertyValueSpecification","valueRequired":true,"valueName":"search_term_string"}}],"inLanguage":"en-GB"},{"@type":"Organization","@id":"https:\/\/www.gewo.net\/#organization","name":"GEWO Feinmechanik GmbH & Co. KG","alternateName":"GEWO Feinmechanik","url":"https:\/\/www.gewo.net\/","logo":{"@type":"ImageObject","inLanguage":"en-GB","@id":"https:\/\/www.gewo.net\/#\/schema\/logo\/image\/","url":"https:\/\/www.gewo.net\/wp-content\/uploads\/GEWO-Logo_1530-px.png","contentUrl":"https:\/\/www.gewo.net\/wp-content\/uploads\/GEWO-Logo_1530-px.png","width":1530,"height":603,"caption":"GEWO Feinmechanik GmbH & Co. KG"},"image":{"@id":"https:\/\/www.gewo.net\/#\/schema\/logo\/image\/"},"sameAs":["https:\/\/www.facebook.com\/GEWO.Feinmechanik","https:\/\/www.instagram.com\/gewofeinmechanik","https:\/\/de.linkedin.com\/company\/gewo-feinmechanik-gmbh","https:\/\/www.xing.com\/pages\/gewo-feinmechanik-gmbh","https:\/\/www.youtube.com\/user\/GEWOFeinmechanik"]}]}},"_links":{"self":[{"href":"https:\/\/www.gewo.net\/en\/wp-json\/wp\/v2\/pages\/25980125","targetHints":{"allow":["GET"]}}],"collection":[{"href":"https:\/\/www.gewo.net\/en\/wp-json\/wp\/v2\/pages"}],"about":[{"href":"https:\/\/www.gewo.net\/en\/wp-json\/wp\/v2\/types\/page"}],"author":[{"embeddable":true,"href":"https:\/\/www.gewo.net\/en\/wp-json\/wp\/v2\/users\/2"}],"replies":[{"embeddable":true,"href":"https:\/\/www.gewo.net\/en\/wp-json\/wp\/v2\/comments?post=25980125"}],"version-history":[{"count":23,"href":"https:\/\/www.gewo.net\/en\/wp-json\/wp\/v2\/pages\/25980125\/revisions"}],"predecessor-version":[{"id":25981948,"href":"https:\/\/www.gewo.net\/en\/wp-json\/wp\/v2\/pages\/25980125\/revisions\/25981948"}],"wp:attachment":[{"href":"https:\/\/www.gewo.net\/en\/wp-json\/wp\/v2\/media?parent=25980125"}],"curies":[{"name":"wp","href":"https:\/\/api.w.org\/{rel}","templated":true}]}}