{"id":25979790,"date":"2024-02-22T09:28:09","date_gmt":"2024-02-22T08:28:09","guid":{"rendered":"https:\/\/relaunch.gewo.net\/?page_id=25979790"},"modified":"2026-04-14T09:29:03","modified_gmt":"2026-04-14T07:29:03","slug":"narkosegeraet-hng","status":"publish","type":"page","link":"https:\/\/www.gewo.net\/en\/narkosegeraet-hng\/","title":{"rendered":"Anesthesia device HNG"},"content":{"rendered":"<p>[et_pb_section fb_built=&#8220;1&#8243; disabled_on=&#8220;off|off|off&#8220; admin_label=&#8220;Header Section&#8220; _builder_version=&#8220;4.25.2&#8243; use_background_color_gradient=&#8220;on&#8220; background_color_gradient_stops=&#8220;rgba(0,80,126,0.68) 0%|gcid-457b203d-72c9-4518-9b5d-4c05cc9d4390 100%&#8220; background_color_gradient_overlays_image=&#8220;on&#8220; background_color_gradient_start=&#8220;rgba(20,61,88,0.65)&#8220; background_color_gradient_end=&#8220;#143d58&#8243; background_enable_image=&#8220;off&#8220; background_position=&#8220;top_center&#8220; background_vertical_offset=&#8220;23%&#8220; custom_margin=&#8220;|||&#8220; custom_padding=&#8220;||||false|false&#8220; bottom_divider_color=&#8220;rgba(5,41,66,0.3)&#8220; bottom_divider_height=&#8220;20vw&#8220; animation_style=&#8220;slide&#8220; animation_direction=&#8220;top&#8220; animation_intensity_slide=&#8220;3%&#8220; animation_starting_opacity=&#8220;100%&#8220; global_colors_info=&#8220;{%22gcid-457b203d-72c9-4518-9b5d-4c05cc9d4390%22:%91%22background_color_gradient_stops%22%93}&#8220;][et_pb_row disabled_on=&#8220;off|off|off&#8220; module_class=&#8220; et_pb_row_fullwidth&#8220; _builder_version=&#8220;4.27.2&#8243; width=&#8220;89%&#8220; width_tablet=&#8220;80%&#8220; width_phone=&#8220;80%&#8220; width_last_edited=&#8220;on|desktop&#8220; max_width=&#8220;89%&#8220; max_width_tablet=&#8220;80%&#8220; max_width_phone=&#8220;80%&#8220; max_width_last_edited=&#8220;on|desktop&#8220; custom_padding=&#8220;0px||0px||true|false&#8220; make_fullwidth=&#8220;on&#8220; global_colors_info=&#8220;{}&#8220;][et_pb_column type=&#8220;4_4&#8243; _builder_version=&#8220;4.16&#8243; custom_padding=&#8220;|||&#8220; global_colors_info=&#8220;{}&#8220; custom_padding__hover=&#8220;|||&#8220;][et_pb_text disabled_on=&#8220;off|off|off&#8220; _builder_version=&#8220;4.25.0&#8243; text_font=&#8220;Montserrat||||||||&#8220; text_font_size=&#8220;22px&#8220; header_font=&#8220;|600||on|||||&#8220; header_text_align=&#8220;center&#8220; header_font_size=&#8220;4vw&#8220; background_layout=&#8220;dark&#8220; max_width=&#8220;1300px&#8220; max_width_tablet=&#8220;1300px&#8220; max_width_phone=&#8220;1300px&#8220; max_width_last_edited=&#8220;on|desktop&#8220; header_font_size_phone=&#8220;36px&#8220; header_line_height_tablet=&#8220;1.1em&#8220; header_line_height_phone=&#8220;1.2em&#8220; header_line_height_last_edited=&#8220;off|desktop&#8220; global_colors_info=&#8220;{}&#8220;]<\/p>\n<h1>Narkoseger\u00e4t<\/h1>\n<p>[\/et_pb_text][\/et_pb_column][\/et_pb_row][\/et_pb_section][et_pb_section fb_built=&#8220;1&#8243; admin_label=&#8220;Projects Section&#8220; _builder_version=&#8220;4.24.3&#8243; background_enable_color=&#8220;off&#8220; custom_margin=&#8220;|10%||10%|false|true&#8220; custom_padding=&#8220;0px||0px||true|false&#8220; global_colors_info=&#8220;{}&#8220;][et_pb_row column_structure=&#8220;1_2,1_2&#8243; _builder_version=&#8220;4.24.3&#8243; _module_preset=&#8220;default&#8220; width=&#8220;100%&#8220; max_width=&#8220;100%&#8220; custom_margin=&#8220;3%||3%||true|false&#8220; global_colors_info=&#8220;{}&#8220;][et_pb_column type=&#8220;1_2&#8243; _builder_version=&#8220;4.24.3&#8243; _module_preset=&#8220;default&#8220; global_colors_info=&#8220;{}&#8220;][et_pb_text _builder_version=&#8220;4.25.0&#8243; _module_preset=&#8220;default&#8220; header_text_color=&#8220;#00507E&#8220; custom_margin=&#8220;||9px|||&#8220; custom_padding=&#8220;2px|||||&#8220; global_colors_info=&#8220;{}&#8220;]<\/p>\n<h1>Modell HNG 6<\/h1>\n<p>[\/et_pb_text][et_pb_text _builder_version=&#8220;4.25.0&#8243; _module_preset=&#8220;default&#8220; header_text_color=&#8220;#00507E&#8220; header_2_font_size_tablet=&#8220;34px&#8220; header_2_font_size_phone=&#8220;23px&#8220; header_2_font_size_last_edited=&#8220;on|tablet&#8220; locked=&#8220;off&#8220; global_colors_info=&#8220;{}&#8220;]<\/p>\n<h2>f\u00fcr Kleintiere bis 70 kg<\/h2>\n<p>[\/et_pb_text][et_pb_text _builder_version=&#8220;4.27.6&#8243; _module_preset=&#8220;default&#8220; custom_padding=&#8220;||||false|false&#8220; hover_enabled=&#8220;0&#8243; global_colors_info=&#8220;{}&#8220; sticky_enabled=&#8220;0&#8243;]<\/p>\n<p>Liebe Kundinnen und Kunden,\u00a0<\/p>\n<p>wir m\u00f6chten Sie dar\u00fcber informieren, dass unser bew\u00e4hrtes Narkoseger\u00e4t ab sofort nicht mehr vertrieben wird.\u00a0<\/p>\n<p>Wir sind jedoch weiterhin Ihr verl\u00e4sslicher Partner f\u00fcr alles rund um Ihr Narkoseger\u00e4t und bieten Ihnen folgende umfassende Dienstleistungen an.<\/p>\n<p>[\/et_pb_text][et_pb_text admin_label=&#8220;Number&#8220; _builder_version=&#8220;4.27.6&#8243; text_font=&#8220;|600|||||||&#8220; text_text_color=&#8220;gcid-457b203d-72c9-4518-9b5d-4c05cc9d4390&#8243; text_font_size=&#8220;36px&#8220; text_line_height=&#8220;1.4em&#8220; background_size=&#8220;initial&#8220; background_position=&#8220;top_left&#8220; background_repeat=&#8220;repeat&#8220; custom_padding=&#8220;||||false|false&#8220; animation_intensity_slide=&#8220;20%&#8220; hover_enabled=&#8220;0&#8243; global_colors_info=&#8220;{%22gcid-457b203d-72c9-4518-9b5d-4c05cc9d4390%22:%91%22text_text_color%22%93}&#8220; sticky_enabled=&#8220;0&#8243;]<\/p>\n<p>Unsere Serviceleistungen im \u00dcberblick<\/p>\n<p>[\/et_pb_text][et_pb_blurb use_icon=&#8220;on&#8220; font_icon=&#8220;&#xf00c;||fa||900&#8243; icon_color=&#8220;#D2DA4D&#8220; icon_placement=&#8220;left&#8220; image_icon_width=&#8220;16px&#8220; content_max_width=&#8220;650px&#8220; _builder_version=&#8220;4.25.1&#8243; header_font=&#8220;||||||||&#8220; header_text_color=&#8220;#747d88&#8243; header_font_size=&#8220;18px&#8220; body_text_color=&#8220;#6F6F6E&#8220; body_font_size=&#8220;18px&#8220; body_line_height=&#8220;1.8em&#8220; image_icon_custom_margin=&#8220;5px||||false|false&#8220; custom_margin=&#8220;10px||0px||false|false&#8220; animation_style=&#8220;flip&#8220; animation_direction=&#8220;right&#8220; animation_intensity_flip=&#8220;20%&#8220; icon_font_size=&#8220;16px&#8220; global_colors_info=&#8220;{}&#8220;]<\/p>\n<p><strong>Ersatzteile:<\/strong> Um den reibunslosen Betrieb Ihres Narkoseger\u00e4ts sicherzustellen, halten wir ein umfangreiches Sortiment an Original-Ersatzteilen bereit.<\/p>\n<p>[\/et_pb_blurb][et_pb_blurb use_icon=&#8220;on&#8220; font_icon=&#8220;&#xf00c;||fa||900&#8243; icon_color=&#8220;#D2DA4D&#8220; icon_placement=&#8220;left&#8220; image_icon_width=&#8220;16px&#8220; content_max_width=&#8220;650px&#8220; _builder_version=&#8220;4.27.6&#8243; header_font=&#8220;||||||||&#8220; header_text_color=&#8220;#747d88&#8243; header_font_size=&#8220;18px&#8220; body_text_color=&#8220;#6F6F6E&#8220; body_font_size=&#8220;18px&#8220; body_line_height=&#8220;1.8em&#8220; image_icon_custom_margin=&#8220;5px||||false|false&#8220; custom_margin=&#8220;10px||0px||false|false&#8220; animation_style=&#8220;flip&#8220; animation_direction=&#8220;right&#8220; animation_intensity_flip=&#8220;20%&#8220; hover_enabled=&#8220;0&#8243; icon_font_size=&#8220;16px&#8220; global_colors_info=&#8220;{}&#8220; sticky_enabled=&#8220;0&#8243;]<\/p>\n<p><strong>Reparatur:<\/strong> Unsere qualifizierten Techniker stehen Ihnen zur Verf\u00fcgung, um jegliche Reparaturen prosessionell und schnell durchzuf\u00fchren.<\/p>\n<p>[\/et_pb_blurb][et_pb_blurb use_icon=&#8220;on&#8220; font_icon=&#8220;&#xf00c;||fa||900&#8243; icon_color=&#8220;#D2DA4D&#8220; icon_placement=&#8220;left&#8220; image_icon_width=&#8220;16px&#8220; content_max_width=&#8220;650px&#8220; _builder_version=&#8220;4.27.6&#8243; header_font=&#8220;||||||||&#8220; header_text_color=&#8220;#747d88&#8243; header_font_size=&#8220;18px&#8220; body_text_color=&#8220;#6F6F6E&#8220; body_font_size=&#8220;18px&#8220; body_line_height=&#8220;1.8em&#8220; image_icon_custom_margin=&#8220;5px||||false|false&#8220; custom_margin=&#8220;10px||||false|false&#8220; animation_style=&#8220;flip&#8220; animation_direction=&#8220;right&#8220; animation_intensity_flip=&#8220;20%&#8220; hover_enabled=&#8220;0&#8243; icon_font_size=&#8220;16px&#8220; global_colors_info=&#8220;{}&#8220; sticky_enabled=&#8220;0&#8243;]<\/p>\n<p><strong>Wartung:<\/strong> Regelm\u00e4\u00dfige Wartung ist essenziell f\u00fcr die Langlebigkeit und Zuverl\u00e4ssigkeit Ihres Narkoseger\u00e4ts. Unser Service-Team \u00fcbernimmt diese Aufgabe gewissenhaft und kompetent.<\/p>\n<p>[\/et_pb_blurb][et_pb_text _builder_version=&#8220;4.27.6&#8243; _module_preset=&#8220;default&#8220; custom_padding=&#8220;||||false|false&#8220; hover_enabled=&#8220;0&#8243; global_colors_info=&#8220;{}&#8220; sticky_enabled=&#8220;0&#8243;]<\/p>\n<p>F\u00fcr Anfragen und weitere Informationen kontaktieren Sie uns bitte direkt:<\/p>\n<p>[\/et_pb_text][et_pb_blurb title=&#8220;+49 8122 9748-0&#8243; use_icon=&#8220;on&#8220; font_icon=&#8220;&#xe090;||divi||400&#8243; icon_color=&#8220;#00507E&#8220; icon_placement=&#8220;left&#8220; image_icon_width=&#8220;50px&#8220; content_max_width=&#8220;560px&#8220; _builder_version=&#8220;4.27.6&#8243; _module_preset=&#8220;default&#8220; header_text_color=&#8220;#D2DA4D&#8220; image_icon_custom_margin=&#8220;-8px||||false|false&#8220; hover_enabled=&#8220;0&#8243; global_colors_info=&#8220;{}&#8220; sticky_enabled=&#8220;0&#8243;][\/et_pb_blurb][et_pb_blurb title=&#8220;rfg@gewo.net&#8220; url=&#8220;mailto:info@gewo.net&#8220; use_icon=&#8220;on&#8220; font_icon=&#8220;&#xe076;||divi||400&#8243; icon_color=&#8220;#00507E&#8220; icon_placement=&#8220;left&#8220; image_icon_width=&#8220;50px&#8220; _builder_version=&#8220;4.27.6&#8243; _module_preset=&#8220;default&#8220; header_text_color=&#8220;#D2DA4D&#8220; image_icon_custom_margin=&#8220;-15px||||false|false&#8220; hover_enabled=&#8220;0&#8243; global_colors_info=&#8220;{}&#8220; sticky_enabled=&#8220;0&#8243;][\/et_pb_blurb][\/et_pb_column][et_pb_column type=&#8220;1_2&#8243; _builder_version=&#8220;4.24.3&#8243; _module_preset=&#8220;default&#8220; global_colors_info=&#8220;{}&#8220;][et_pb_image src=&#8220;https:\/\/relaunch.gewo.net\/wp-content\/uploads\/Narkosegeraet-HNG-6.jpg&#8220; title_text=&#8220;Narkoseger\u00e4t-HNG-6&#8243; align_tablet=&#8220;center&#8220; align_phone=&#8220;center&#8220; align_last_edited=&#8220;on|desktop&#8220; _builder_version=&#8220;4.25.1&#8243; animation_style=&#8220;slide&#8220; animation_direction=&#8220;right&#8220; animation_intensity_slide=&#8220;10%&#8220; animation_starting_opacity=&#8220;100%&#8220; border_radii=&#8220;on|20px|20px|20px|20px&#8220; box_shadow_style=&#8220;preset1&#8243; global_colors_info=&#8220;{}&#8220;][\/et_pb_image][\/et_pb_column][\/et_pb_row][\/et_pb_section][et_pb_section fb_built=&#8220;1&#8243; admin_label=&#8220;Projects Section&#8220; _builder_version=&#8220;4.24.3&#8243; background_color=&#8220;gcid-457b203d-72c9-4518-9b5d-4c05cc9d4390&#8243; custom_margin=&#8220;||||false|false&#8220; custom_padding=&#8220;50px|10%|50px|10%|true|true&#8220; global_colors_info=&#8220;{%22gcid-457b203d-72c9-4518-9b5d-4c05cc9d4390%22:%91%22background_color%22%93}&#8220;][et_pb_row use_custom_gutter=&#8220;on&#8220; gutter_width=&#8220;1&#8243; admin_label=&#8220;Project 01&#8243; _builder_version=&#8220;4.24.3&#8243; background_size=&#8220;initial&#8220; background_position=&#8220;top_left&#8220; background_repeat=&#8220;repeat&#8220; width=&#8220;100%&#8220; max_width=&#8220;100%&#8220; custom_padding=&#8220;|||&#8220; global_colors_info=&#8220;{}&#8220;][et_pb_column type=&#8220;4_4&#8243; _builder_version=&#8220;4.24.3&#8243; global_colors_info=&#8220;{}&#8220; custom_padding__hover=&#8220;|||&#8220;][et_pb_text _builder_version=&#8220;4.25.1&#8243; _module_preset=&#8220;default&#8220; custom_margin=&#8220;||9px|||&#8220; custom_padding=&#8220;2px|||||&#8220; global_colors_info=&#8220;{}&#8220;]<\/p>\n<h1>Zubeh\u00f6r<\/h1>\n<p>[\/et_pb_text][\/et_pb_column][\/et_pb_row][et_pb_row column_structure=&#8220;1_2,1_2&#8243; use_custom_gutter=&#8220;on&#8220; gutter_width=&#8220;1&#8243; admin_label=&#8220;Project 01&#8243; _builder_version=&#8220;4.25.1&#8243; background_size=&#8220;initial&#8220; background_position=&#8220;top_left&#8220; background_repeat=&#8220;repeat&#8220; width=&#8220;100%&#8220; max_width=&#8220;100%&#8220; custom_padding=&#8220;|||&#8220; global_colors_info=&#8220;{}&#8220;][et_pb_column type=&#8220;1_2&#8243; _builder_version=&#8220;4.24.3&#8243; global_colors_info=&#8220;{}&#8220; custom_padding__hover=&#8220;|||&#8220;][et_pb_image src=&#8220;https:\/\/relaunch.gewo.net\/wp-content\/uploads\/Standardzbehoer_HNG-6.jpg&#8220; title_text=&#8220;Standardzbeh\u00f6r_HNG-6&#8243; show_bottom_space=&#8220;off&#8220; align_tablet=&#8220;center&#8220; align_phone=&#8220;center&#8220; align_last_edited=&#8220;on|desktop&#8220; _builder_version=&#8220;4.25.1&#8243; _module_preset=&#8220;default&#8220; max_width=&#8220;700px&#8220; module_alignment=&#8220;center&#8220; custom_margin=&#8220;||||false|false&#8220; custom_margin_tablet=&#8220;||50px||false|false&#8220; custom_margin_phone=&#8220;||50px||false|false&#8220; custom_margin_last_edited=&#8220;on|phone&#8220; custom_padding=&#8220;||0px||false|false&#8220; animation_style=&#8220;slide&#8220; animation_direction=&#8220;right&#8220; animation_intensity_slide=&#8220;10%&#8220; animation_starting_opacity=&#8220;100%&#8220; border_radii=&#8220;on|20px|20px|20px|20px&#8220; box_shadow_style=&#8220;preset1&#8243; global_colors_info=&#8220;{}&#8220;][\/et_pb_image][\/et_pb_column][et_pb_column type=&#8220;1_2&#8243; _builder_version=&#8220;4.24.3&#8243; _module_preset=&#8220;default&#8220; custom_padding=&#8220;5%||5%||true|false&#8220; global_colors_info=&#8220;{}&#8220;][et_pb_text ol_position=&#8220;outside&#8220; ol_item_indent=&#8220;20px&#8220; ol_item_indent_tablet=&#8220;20px&#8220; ol_item_indent_phone=&#8220;20px&#8220; ol_item_indent_last_edited=&#8220;on|desktop&#8220; _builder_version=&#8220;4.25.1&#8243; _module_preset=&#8220;default&#8220; text_text_color=&#8220;#FFFFFF&#8220; header_2_text_color=&#8220;#D2DA4D&#8220; module_alignment=&#8220;left&#8220; global_colors_info=&#8220;{}&#8220;]<\/p>\n<h2>Standard-Zubeh\u00f6r<\/h2>\n<p>Beatmungsbeutel\u00a0<\/p>\n<p>[\/et_pb_text][\/et_pb_column][\/et_pb_row][et_pb_row column_structure=&#8220;1_2,1_2&#8243; use_custom_gutter=&#8220;on&#8220; gutter_width=&#8220;1&#8243; admin_label=&#8220;Project 01&#8243; _builder_version=&#8220;4.25.1&#8243; background_size=&#8220;initial&#8220; background_position=&#8220;top_left&#8220; background_repeat=&#8220;repeat&#8220; width=&#8220;100%&#8220; max_width=&#8220;100%&#8220; custom_padding=&#8220;|||&#8220; global_colors_info=&#8220;{}&#8220;][et_pb_column type=&#8220;1_2&#8243; _builder_version=&#8220;4.24.3&#8243; global_colors_info=&#8220;{}&#8220; custom_padding__hover=&#8220;|||&#8220;][et_pb_image src=&#8220;https:\/\/relaunch.gewo.net\/wp-content\/uploads\/Sonderzubehoer-Atemmasken.jpg&#8220; title_text=&#8220;Sonderzubeh\u00f6r-Atemmasken&#8220; show_bottom_space=&#8220;off&#8220; align_tablet=&#8220;center&#8220; align_phone=&#8220;center&#8220; align_last_edited=&#8220;on|desktop&#8220; _builder_version=&#8220;4.25.1&#8243; _module_preset=&#8220;default&#8220; max_width=&#8220;700px&#8220; module_alignment=&#8220;center&#8220; custom_margin=&#8220;||||false|false&#8220; custom_margin_tablet=&#8220;||50px||false|false&#8220; custom_margin_phone=&#8220;||50px||false|false&#8220; custom_margin_last_edited=&#8220;on|phone&#8220; custom_padding=&#8220;||0px||false|false&#8220; animation_style=&#8220;slide&#8220; animation_direction=&#8220;right&#8220; animation_intensity_slide=&#8220;10%&#8220; animation_starting_opacity=&#8220;100%&#8220; border_radii=&#8220;on|20px|20px|20px|20px&#8220; box_shadow_style=&#8220;preset1&#8243; global_colors_info=&#8220;{}&#8220;][\/et_pb_image][\/et_pb_column][et_pb_column type=&#8220;1_2&#8243; _builder_version=&#8220;4.24.3&#8243; _module_preset=&#8220;default&#8220; custom_padding=&#8220;5%||5%||true|false&#8220; global_colors_info=&#8220;{}&#8220;][et_pb_text ol_position=&#8220;outside&#8220; ol_item_indent=&#8220;20px&#8220; ol_item_indent_tablet=&#8220;20px&#8220; ol_item_indent_phone=&#8220;20px&#8220; ol_item_indent_last_edited=&#8220;on|desktop&#8220; _builder_version=&#8220;4.25.1&#8243; _module_preset=&#8220;default&#8220; text_text_color=&#8220;#FFFFFF&#8220; header_2_text_color=&#8220;#D2DA4D&#8220; module_alignment=&#8220;left&#8220; global_colors_info=&#8220;{}&#8220;]<\/p>\n<h2>Sonder-Zubeh\u00f6r<\/h2>\n<p>Atemmasken in unterschiedlichen Gr\u00f6\u00dfen (Durchmesser 35 mm, 54 mm und 130 mm)\u00a0<\/p>\n<p>[\/et_pb_text][\/et_pb_column][\/et_pb_row][et_pb_row column_structure=&#8220;1_2,1_2&#8243; use_custom_gutter=&#8220;on&#8220; gutter_width=&#8220;1&#8243; admin_label=&#8220;Project 01&#8243; _builder_version=&#8220;4.25.1&#8243; background_size=&#8220;initial&#8220; background_position=&#8220;top_left&#8220; background_repeat=&#8220;repeat&#8220; width=&#8220;100%&#8220; max_width=&#8220;100%&#8220; custom_padding=&#8220;|||&#8220; global_colors_info=&#8220;{}&#8220;][et_pb_column type=&#8220;1_2&#8243; _builder_version=&#8220;4.24.3&#8243; global_colors_info=&#8220;{}&#8220; custom_padding__hover=&#8220;|||&#8220;][et_pb_image src=&#8220;https:\/\/relaunch.gewo.net\/wp-content\/uploads\/Sonderzubehoer-Beatmungsbeutel.jpg&#8220; title_text=&#8220;Sonderzubeh\u00f6r-Beatmungsbeutel&#8220; show_bottom_space=&#8220;off&#8220; align_tablet=&#8220;center&#8220; align_phone=&#8220;center&#8220; align_last_edited=&#8220;on|desktop&#8220; _builder_version=&#8220;4.25.1&#8243; _module_preset=&#8220;default&#8220; max_width=&#8220;700px&#8220; module_alignment=&#8220;center&#8220; custom_margin=&#8220;||||false|false&#8220; custom_margin_tablet=&#8220;||50px||false|false&#8220; custom_margin_phone=&#8220;||50px||false|false&#8220; custom_margin_last_edited=&#8220;on|phone&#8220; custom_padding=&#8220;||0px||false|false&#8220; animation_style=&#8220;slide&#8220; animation_direction=&#8220;right&#8220; animation_intensity_slide=&#8220;10%&#8220; animation_starting_opacity=&#8220;100%&#8220; border_radii=&#8220;on|20px|20px|20px|20px&#8220; box_shadow_style=&#8220;preset1&#8243; global_colors_info=&#8220;{}&#8220;][\/et_pb_image][\/et_pb_column][et_pb_column type=&#8220;1_2&#8243; _builder_version=&#8220;4.24.3&#8243; _module_preset=&#8220;default&#8220; custom_padding=&#8220;5%||5%||true|false&#8220; global_colors_info=&#8220;{}&#8220;][et_pb_text ol_position=&#8220;outside&#8220; ol_item_indent=&#8220;20px&#8220; ol_item_indent_tablet=&#8220;20px&#8220; ol_item_indent_phone=&#8220;20px&#8220; ol_item_indent_last_edited=&#8220;on|desktop&#8220; _builder_version=&#8220;4.25.1&#8243; _module_preset=&#8220;default&#8220; text_text_color=&#8220;#FFFFFF&#8220; header_2_text_color=&#8220;#D2DA4D&#8220; module_alignment=&#8220;left&#8220; global_colors_info=&#8220;{}&#8220;]<\/p>\n<h2>Sonder-Zubeh\u00f6r<\/h2>\n<p>Anschluss-Set mit Combibag<\/p>\n<p>[\/et_pb_text][\/et_pb_column][\/et_pb_row][\/et_pb_section]<\/p>\n","protected":false},"excerpt":{"rendered":"<p>Narkoseger\u00e4tModell HNG 6f\u00fcr Kleintiere bis 70 kgLiebe Kundinnen und Kunden,\u00a0 wir m\u00f6chten Sie dar\u00fcber informieren, dass unser bew\u00e4hrtes Narkoseger\u00e4t ab sofort nicht mehr vertrieben wird.\u00a0 Wir sind jedoch weiterhin Ihr [&hellip;]<\/p>\n","protected":false},"author":2,"featured_media":0,"parent":0,"menu_order":0,"comment_status":"closed","ping_status":"closed","template":"","meta":{"_et_pb_use_builder":"on","_et_pb_old_content":"","_et_gb_content_width":"","footnotes":""},"class_list":["post-25979790","page","type-page","status-publish","hentry"],"_links":{"self":[{"href":"https:\/\/www.gewo.net\/en\/wp-json\/wp\/v2\/pages\/25979790","targetHints":{"allow":["GET"]}}],"collection":[{"href":"https:\/\/www.gewo.net\/en\/wp-json\/wp\/v2\/pages"}],"about":[{"href":"https:\/\/www.gewo.net\/en\/wp-json\/wp\/v2\/types\/page"}],"author":[{"embeddable":true,"href":"https:\/\/www.gewo.net\/en\/wp-json\/wp\/v2\/users\/2"}],"replies":[{"embeddable":true,"href":"https:\/\/www.gewo.net\/en\/wp-json\/wp\/v2\/comments?post=25979790"}],"version-history":[{"count":8,"href":"https:\/\/www.gewo.net\/en\/wp-json\/wp\/v2\/pages\/25979790\/revisions"}],"predecessor-version":[{"id":25981827,"href":"https:\/\/www.gewo.net\/en\/wp-json\/wp\/v2\/pages\/25979790\/revisions\/25981827"}],"wp:attachment":[{"href":"https:\/\/www.gewo.net\/en\/wp-json\/wp\/v2\/media?parent=25979790"}],"curies":[{"name":"wp","href":"https:\/\/api.w.org\/{rel}","templated":true}]}}